{"id":26650,"date":"2021-09-26T19:37:19","date_gmt":"2021-09-26T19:37:19","guid":{"rendered":"https:\/\/torbru.athene.wpspace.me\/shipping-methods\/"},"modified":"2026-04-17T14:51:33","modified_gmt":"2026-04-17T12:51:33","slug":"shipping-methods","status":"publish","type":"page","link":"https:\/\/www.lcdh-bonn.de\/es\/shipping-methods\/","title":{"rendered":"Env\u00edo"},"content":{"rendered":"<div data-elementor-type=\"wp-page\" data-elementor-id=\"26650\" class=\"elementor elementor-26650\" data-elementor-post-type=\"page\">\n\t\t\t\t\t\t<section class=\"elementor-section elementor-top-section elementor-element elementor-element-0794f62 elementor-section-boxed elementor-section-height-default elementor-section-height-default\" data-id=\"0794f62\" data-element_type=\"section\">\n\t\t\t\t\t\t<div class=\"elementor-container elementor-column-gap-default\">\n\t\t\t\t\t<div class=\"elementor-column elementor-col-100 elementor-top-column elementor-element elementor-element-0b3a8e9\" data-id=\"0b3a8e9\" data-element_type=\"column\">\n\t\t\t<div class=\"elementor-widget-wrap elementor-element-populated\">\n\t\t\t\t\t\t<div class=\"elementor-element elementor-element-78a188e elementor-widget elementor-widget-heading\" data-id=\"78a188e\" data-element_type=\"widget\" data-widget_type=\"heading.default\">\n\t\t\t\t<div class=\"elementor-widget-container\">\n\t\t\t<h2 class=\"elementor-heading-title elementor-size-default\">Nuestros gastos de env\u00edo<\/h2>\t\t<\/div>\n\t\t\t\t<\/div>\n\t\t\t\t\t<\/div>\n\t\t<\/div>\n\t\t\t\t\t<\/div>\n\t\t<\/section>\n\t\t\t\t<section class=\"elementor-section elementor-top-section elementor-element elementor-element-0d53f0f elementor-section-boxed elementor-section-height-default elementor-section-height-default\" data-id=\"0d53f0f\" data-element_type=\"section\">\n\t\t\t\t\t\t<div class=\"elementor-container elementor-column-gap-default\">\n\t\t\t\t\t<div class=\"elementor-column elementor-col-100 elementor-top-column elementor-element elementor-element-591d7e5\" data-id=\"591d7e5\" data-element_type=\"column\">\n\t\t\t<div class=\"elementor-widget-wrap elementor-element-populated\">\n\t\t\t\t\t\t<div class=\"elementor-element elementor-element-a3abdde elementor-widget elementor-widget-text-editor\" data-id=\"a3abdde\" data-element_type=\"widget\" data-widget_type=\"text-editor.default\">\n\t\t\t\t<div class=\"elementor-widget-container\">\n\t\t\t\t\t\t\t<p><strong>Innerhalb Deutschlands &#8211; Laufzeit 1-2 Tage<br \/><\/strong>A partir de un valor total de mercanc\u00edas de 59,- euros (bruto) enviamos nuestros productos dentro de Alemania <strong>env\u00edo gratuito<\/strong>. Si el valor de la mercanc\u00eda es inferior a este importe, nos reservamos el derecho a cobrar un suplemento por gastos de env\u00edo. <strong>Gastos de embalaje a tanto alzado de 5,95<\/strong> se cobrar\u00e1n los gastos de env\u00edo. Si recoge los puros pedidos en nuestra tienda de Bonn (La Casa del Habano by Cigar Embassy, Am Neutor 5, Kaiserpassage, 53113 Bonn), los gastos de env\u00edo quedar\u00e1n por supuesto exentos. Para env\u00edos contra reembolso cobramos una tasa adicional de 6,- euros (ver formas de pago).<br \/>Recibir\u00e1 por correo electr\u00f3nico un n\u00famero de seguimiento con la confirmaci\u00f3n del env\u00edo. El env\u00edo a DHL Packstations no es posible debido a la comprobaci\u00f3n de edad exigida legalmente.<\/p><p><strong>Versand in andere L\u00e4nder der EU &#8211; Laufzeit 2-5 Tage<br \/><\/strong>Por motivos legales, no podemos enviar productos del tabaco ni alcohol a otros pa\u00edses de la Uni\u00f3n Europea. <br \/>Valor de la mercanc\u00eda a partir de 150,- \u20ac \u2794 env\u00edo gratuito<br \/>Valor de los bienes hasta 149,99 euros \u2794 15,- euros.<\/p><p><strong>Versand in nach Schweiz und Liechtenstein &#8211; Laufzeit 2-5 Tage<br \/><\/strong>Compruebe la normativa de importaci\u00f3n de su pa\u00eds antes de realizar el pedido. Se aplican los siguientes gastos de env\u00edo:<br \/>Valor de la mercanc\u00eda a partir de 300,00 \u20ac \u2794 env\u00edo gratuito<br \/>Valor de los bienes hasta 299,99 euros \u2794 20,00 euros<strong style=\"color: inherit; font-family: inherit; font-size: inherit; background-color: var(--et_container-bg-color,transparent);\">\u00a0<\/strong><\/p><p><strong>Versand in nach Gro\u00dfbritannien &#8211; Laufzeit 2-5 Tage<br \/><\/strong>Compruebe la normativa de importaci\u00f3n de su pa\u00eds antes de realizar el pedido. Se aplican los siguientes gastos de env\u00edo:<br \/>Valor de la mercanc\u00eda a partir de 150,00 \u20ac \u2794 env\u00edo gratuito<br \/>Valor de los bienes hasta 149,99 euros \u2794 15,00 euros<strong style=\"color: inherit; font-family: inherit; font-size: inherit; background-color: var(--et_container-bg-color,transparent);\">\u00a0<\/strong><\/p><p><strong style=\"color: inherit; font-family: inherit; font-size: inherit; background-color: var(--et_container-bg-color,transparent);\">Env\u00edos a China, Taiw\u00e1n y Hong Kong<strong> &#8211; Laufzeit 6-13 Tage<\/strong><br \/><\/strong><span style=\"background-color: var(--et_container-bg-color,transparent); color: inherit; font-family: inherit; font-size: inherit; font-weight: var( --e-global-typography-text-font-weight );\">Compruebe la normativa de importaci\u00f3n de su pa\u00eds antes de realizar el pedido. Se aplican los siguientes gastos de env\u00edo:<br \/>Warenwert ab \u20ac300,00 \u2794 \u20ac30,00<br \/>Warenwert bis \u20ac299,99 \u2794 \u20ac45,00<strong style=\"color: inherit; font-family: inherit; font-size: inherit; background-color: var(--et_container-bg-color,transparent);\">\u00a0<\/strong><\/span><\/p><div><p><strong style=\"color: inherit; font-family: inherit; font-size: inherit; background-color: var(--et_container-bg-color,transparent);\">Versand in andere L\u00e4nder au\u00dferhalb der EU<strong> &#8211; Laufzeit 5-21 Tage (je nach Ziel)<\/strong><\/strong><br \/><span style=\"color: inherit; font-family: inherit; font-size: inherit; font-weight: var( --e-global-typography-text-font-weight ); background-color: var(--et_container-bg-color,transparent);\">Compruebe la normativa de importaci\u00f3n de su pa\u00eds antes de realizar el pedido. Para env\u00edos a todo el mundo se aplican los siguientes gastos de env\u00edo:<br \/><\/span><span style=\"color: inherit; font-family: inherit; font-size: inherit; font-weight: var( --e-global-typography-text-font-weight ); background-color: var(--et_container-bg-color,transparent);\">Valor de la mercanc\u00eda a partir de 890,00 \u20ac \u2794 env\u00edo gratuito<br \/><\/span><span style=\"color: inherit; font-family: inherit; font-size: inherit; font-weight: var( --e-global-typography-text-font-weight ); background-color: var(--et_container-bg-color,transparent);\">Valor de las mercanc\u00edas 450,00 a 890,00 euros \u2794 Resto del mundo 30,00 euros<br \/><\/span><span style=\"color: inherit; font-family: inherit; font-size: inherit; font-weight: var( --e-global-typography-text-font-weight ); background-color: var(--et_container-bg-color,transparent);\">Valor de las mercanc\u00edas inferior a 450,00 euros \u2794 Resto del mundo 40,00 euros<\/span><\/p><\/div>\t\t\t\t\t\t<\/div>\n\t\t\t\t<\/div>\n\t\t\t\t\t<\/div>\n\t\t<\/div>\n\t\t\t\t\t<\/div>\n\t\t<\/section>\n\t\t\t\t<\/div>","protected":false},"excerpt":{"rendered":"<p>Unsere Versandkosten Innerhalb Deutschlands &#8211; Laufzeit 1-2 TageAb einem gesamten Warenwert von \u20ac59,- (Brutto) versenden wir unsere Produkte innerhalb Deutschlands versandkostenfrei. Liegt der Warenwert darunter, erlauben wir uns eine Versand- und Verpackungskostenpauschale von \u20ac5,95 zu berechnen. Bei Selbstabholung der bestellten Zigarren in unserem Gesch\u00e4ft in Bonn (La Casa del Habano by Cigar Embassy, Am Neutor 5, Kaiserpassage, 53113 Bonn) entfallen die Versandkosten selbstverst\u00e4ndlich. F\u00fcr Nachnahmesendungen berechnen wir \u20ac6,- zus\u00e4tzliche Nachnahmegeb\u00fchr (siehe Zahlungsarten).Sie erhalten eine Trackingnummer mit Ihrer Versandbest\u00e4tigung per E-Mail&#8230;.<\/p>","protected":false},"author":1,"featured_media":0,"parent":0,"menu_order":0,"comment_status":"closed","ping_status":"closed","template":"","meta":{"_acf_changed":false,"footnotes":""},"class_list":["post-26650","page","type-page","status-publish","hentry"],"acf":[],"_links":{"self":[{"href":"https:\/\/www.lcdh-bonn.de\/es\/wp-json\/wp\/v2\/pages\/26650","targetHints":{"allow":["GET"]}}],"collection":[{"href":"https:\/\/www.lcdh-bonn.de\/es\/wp-json\/wp\/v2\/pages"}],"about":[{"href":"https:\/\/www.lcdh-bonn.de\/es\/wp-json\/wp\/v2\/types\/page"}],"author":[{"embeddable":true,"href":"https:\/\/www.lcdh-bonn.de\/es\/wp-json\/wp\/v2\/users\/1"}],"replies":[{"embeddable":true,"href":"https:\/\/www.lcdh-bonn.de\/es\/wp-json\/wp\/v2\/comments?post=26650"}],"version-history":[{"count":16,"href":"https:\/\/www.lcdh-bonn.de\/es\/wp-json\/wp\/v2\/pages\/26650\/revisions"}],"predecessor-version":[{"id":41749,"href":"https:\/\/www.lcdh-bonn.de\/es\/wp-json\/wp\/v2\/pages\/26650\/revisions\/41749"}],"wp:attachment":[{"href":"https:\/\/www.lcdh-bonn.de\/es\/wp-json\/wp\/v2\/media?parent=26650"}],"curies":[{"name":"wp","href":"https:\/\/api.w.org\/{rel}","templated":true}]}}