{"id":26651,"date":"2021-09-26T19:37:19","date_gmt":"2021-09-26T19:37:19","guid":{"rendered":"https:\/\/torbru.athene.wpspace.me\/payment-methods\/"},"modified":"2021-11-21T17:40:22","modified_gmt":"2021-11-21T17:40:22","slug":"payment-methods","status":"publish","type":"page","link":"https:\/\/www.lcdh-bonn.de\/es\/payment-methods\/","title":{"rendered":"Formas de pago"},"content":{"rendered":"<div data-elementor-type=\"wp-page\" data-elementor-id=\"26651\" class=\"elementor elementor-26651\" data-elementor-post-type=\"page\">\n\t\t\t\t\t\t<section class=\"elementor-section elementor-top-section elementor-element elementor-element-2465fa64 elementor-section-boxed elementor-section-height-default elementor-section-height-default\" data-id=\"2465fa64\" data-element_type=\"section\">\n\t\t\t\t\t\t<div class=\"elementor-container elementor-column-gap-default\">\n\t\t\t\t\t<div class=\"elementor-column elementor-col-100 elementor-top-column elementor-element elementor-element-4046c5db\" data-id=\"4046c5db\" data-element_type=\"column\">\n\t\t\t<div class=\"elementor-widget-wrap elementor-element-populated\">\n\t\t\t\t\t\t<div class=\"elementor-element elementor-element-c5fe61e elementor-widget elementor-widget-heading\" data-id=\"c5fe61e\" data-element_type=\"widget\" data-widget_type=\"heading.default\">\n\t\t\t\t<div class=\"elementor-widget-container\">\n\t\t\t<h2 class=\"elementor-heading-title elementor-size-default\">Formas de pago<\/h2>\t\t<\/div>\n\t\t\t\t<\/div>\n\t\t\t\t<div class=\"elementor-element elementor-element-69e5385 elementor-widget elementor-widget-text-editor\" data-id=\"69e5385\" data-element_type=\"widget\" data-widget_type=\"text-editor.default\">\n\t\t\t\t<div class=\"elementor-widget-container\">\n\t\t\t\t\t\t\t<p>El pago se realiza en el momento de la entrega mediante<\/p>\t\t\t\t\t\t<\/div>\n\t\t\t\t<\/div>\n\t\t\t\t<div class=\"elementor-element elementor-element-272fc873 elementor-widget elementor-widget-shortcode\" data-id=\"272fc873\" data-element_type=\"widget\" data-widget_type=\"shortcode.default\">\n\t\t\t\t<div class=\"elementor-widget-container\">\n\t\t\t\t\t<div class=\"elementor-shortcode\"><div class=\"woocommerce woocommerce-gzd\">\n\t<ul class=\"payment_methods methods\">\n\t\t\t\t\t<li class=\"payment_method_reepay_checkout\">\n\t\t\t\t<label>Kartenzahlung \/ Google Pay \/ Apple Pay\n<ul class=\"reepay-logos\">\n\t\t<li class=\"reepay-logo\">\n\t\t<img decoding=\"async\" src=\"https:\/\/www.lcdh-bonn.de\/wp-content\/plugins\/reepay-checkout-gateway\/assets\/images\/svg\/visa.logo.svg\" alt=\"Pay with Kartenzahlung \/ Google Pay \/ Apple Pay on Frisbii Pay\">\n\t<\/li>\n\t\t<li class=\"reepay-logo\">\n\t\t<img decoding=\"async\" src=\"https:\/\/www.lcdh-bonn.de\/wp-content\/plugins\/reepay-checkout-gateway\/assets\/images\/svg\/mastercard.logo.svg\" alt=\"Pay with Kartenzahlung \/ Google Pay \/ Apple Pay on Frisbii Pay\">\n\t<\/li>\n\t\t<li class=\"reepay-logo\">\n\t\t<img decoding=\"async\" src=\"https:\/\/www.lcdh-bonn.de\/wp-content\/plugins\/reepay-checkout-gateway\/assets\/images\/visa-electron.png\" alt=\"Pay with Kartenzahlung \/ Google Pay \/ Apple Pay on Frisbii Pay\">\n\t<\/li>\n\t\t<li class=\"reepay-logo\">\n\t\t<img decoding=\"async\" src=\"https:\/\/www.lcdh-bonn.de\/wp-content\/plugins\/reepay-checkout-gateway\/assets\/images\/svg\/maestro.logo.svg\" alt=\"Pay with Kartenzahlung \/ Google Pay \/ Apple Pay on Frisbii Pay\">\n\t<\/li>\n\t\t<li class=\"reepay-logo\">\n\t\t<img decoding=\"async\" src=\"https:\/\/www.lcdh-bonn.de\/wp-content\/plugins\/reepay-checkout-gateway\/assets\/images\/svg\/applepay.logo.svg\" alt=\"Pay with Kartenzahlung \/ Google Pay \/ Apple Pay on Frisbii Pay\">\n\t<\/li>\n\t\t<li class=\"reepay-logo\">\n\t\t<img decoding=\"async\" src=\"https:\/\/www.lcdh-bonn.de\/wp-content\/plugins\/reepay-checkout-gateway\/assets\/images\/svg\/googlepay.logo.svg\" alt=\"Pay with Kartenzahlung \/ Google Pay \/ Apple Pay on Frisbii Pay\">\n\t<\/li>\n\t<\/ul>\n<\/label>\n\t\t\t\t\t\t\t\t\t<div class=\"payment_box payment_method_reepay_checkout\">\n\t\t\t\t\t\t<p><\/p>\n\t\t\t\t\t<\/div>\n\t\t\t\t\t\t\t<\/li>\n\t\t\t\t\t<li class=\"payment_method_direct-debit\">\n\t\t\t\t<label>Sistema de adeudo directo SEPA<\/label>\n\t\t\t\t\t\t\t\t\t<div class=\"payment_box payment_method_direct-debit\">\n\t\t\t\t\t\t<p>Al realizar un pedido, nos otorga una orden de domiciliaci\u00f3n SEPA. Cargaremos en su cuenta el importe del pedido antes de enviarlo.<\/p>\n\t\t\t\t\t<\/div>\n\t\t\t\t\t\t\t<\/li>\n\t\t\t\t\t<li class=\"payment_method_bacs\">\n\t\t\t\t<label>Pago por adelantado mediante transferencia bancaria<\/label>\n\t\t\t\t\t\t\t\t\t<div class=\"payment_box payment_method_bacs\">\n\t\t\t\t\t\t<p>Wenn Sie per Vorkasse bezahlen m\u00f6chten, \u00fcberweisen Sie direkt an unsere Bankverbindung. Bitte nutzen Sie die Bestellnummer als Verwendungszweck. Ihre Bestellung wird erst nach Zahlungseingang auf unserem Konto versandt.<\/p>\n\t\t\t\t\t<\/div>\n\t\t\t\t\t\t\t<\/li>\n\t\t\t\t\t<li class=\"payment_method_cod\">\n\t\t\t\t<label>Nachnahme<\/label>\n\t\t\t\t\t\t\t\t\t<div class=\"payment_box payment_method_cod\">\n\t\t\t\t\t\t<p>Bei der Zahlung per Nachnahme bezahlen Sie bar bei \u00dcbergabe des Paketes durch den Zusteller. F\u00fcr Nachnahmesendungen erhebt die DHL ein zus\u00e4tzliches Entgelt. daher m\u00fcssen wir leider eine Pauschale in H\u00f6he von 6,- \u20ac berechnen. <span class=\"woocommerce-Price-amount amount\">6,00<span class=\"woocommerce-Price-currencySymbol\">\u20ac<\/span><\/span> payment charge.<\/p>\n\t\t\t\t\t<\/div>\n\t\t\t\t\t\t\t<\/li>\n\t\t\t\t\t<li class=\"payment_method_pay_upon_pickup_gateway\">\n\t\t\t\t<label>Pago al cobro<\/label>\n\t\t\t\t\t\t\t<\/li>\n\t\t\t<\/ul>\n<\/div><\/div>\n\t\t\t\t<\/div>\n\t\t\t\t<\/div>\n\t\t\t\t<div class=\"elementor-element elementor-element-44b3bdb elementor-widget elementor-widget-text-editor\" data-id=\"44b3bdb\" data-element_type=\"widget\" data-widget_type=\"text-editor.default\">\n\t\t\t\t<div class=\"elementor-widget-container\">\n\t\t\t\t\t\t\t<ul><li>Pago al cobro <br \/>Recibir\u00e1 una confirmaci\u00f3n del pedido y podr\u00e1 recoger y pagar los productos solicitados directamente en la tienda.<\/li><\/ul>\t\t\t\t\t\t<\/div>\n\t\t\t\t<\/div>\n\t\t\t\t\t<\/div>\n\t\t<\/div>\n\t\t\t\t\t<\/div>\n\t\t<\/section>\n\t\t\t\t<section class=\"elementor-section elementor-top-section elementor-element elementor-element-b589294 elementor-section-boxed elementor-section-height-default elementor-section-height-default\" data-id=\"b589294\" data-element_type=\"section\">\n\t\t\t\t\t\t<div class=\"elementor-container elementor-column-gap-default\">\n\t\t\t\t\t<div class=\"elementor-column elementor-col-100 elementor-top-column elementor-element elementor-element-8068bfc\" data-id=\"8068bfc\" data-element_type=\"column\">\n\t\t\t<div class=\"elementor-widget-wrap\">\n\t\t\t\t\t\t\t<\/div>\n\t\t<\/div>\n\t\t\t\t\t<\/div>\n\t\t<\/section>\n\t\t\t\t<\/div>","protected":false},"excerpt":{"rendered":"<p>Zahlungsarten Die Bezahlung erfolgt bei Lieferung mittels Bezahlung bei Abholung Sie erhalten eine Auftragsbest\u00e4tigung und k\u00f6nnen danach Ihre bestellte Ware direkt im Laden abholen und bezahlen.<\/p>","protected":false},"author":1,"featured_media":0,"parent":0,"menu_order":0,"comment_status":"closed","ping_status":"closed","template":"","meta":{"_acf_changed":false,"footnotes":""},"class_list":["post-26651","page","type-page","status-publish","hentry"],"acf":[],"_links":{"self":[{"href":"https:\/\/www.lcdh-bonn.de\/es\/wp-json\/wp\/v2\/pages\/26651","targetHints":{"allow":["GET"]}}],"collection":[{"href":"https:\/\/www.lcdh-bonn.de\/es\/wp-json\/wp\/v2\/pages"}],"about":[{"href":"https:\/\/www.lcdh-bonn.de\/es\/wp-json\/wp\/v2\/types\/page"}],"author":[{"embeddable":true,"href":"https:\/\/www.lcdh-bonn.de\/es\/wp-json\/wp\/v2\/users\/1"}],"replies":[{"embeddable":true,"href":"https:\/\/www.lcdh-bonn.de\/es\/wp-json\/wp\/v2\/comments?post=26651"}],"version-history":[{"count":4,"href":"https:\/\/www.lcdh-bonn.de\/es\/wp-json\/wp\/v2\/pages\/26651\/revisions"}],"predecessor-version":[{"id":26953,"href":"https:\/\/www.lcdh-bonn.de\/es\/wp-json\/wp\/v2\/pages\/26651\/revisions\/26953"}],"wp:attachment":[{"href":"https:\/\/www.lcdh-bonn.de\/es\/wp-json\/wp\/v2\/media?parent=26651"}],"curies":[{"name":"wp","href":"https:\/\/api.w.org\/{rel}","templated":true}]}}