{"id":32233,"date":"2022-05-07T15:53:51","date_gmt":"2022-05-07T13:53:51","guid":{"rendered":"https:\/\/torbru.athene.wpspace.me\/?page_id=32233"},"modified":"2024-08-16T19:31:30","modified_gmt":"2024-08-16T17:31:30","slug":"ueber-kubanische-zigarren-und-andere-provenienzen-mythos-und-hype","status":"publish","type":"page","link":"https:\/\/www.lcdh-bonn.de\/es\/ueber-kubanische-zigarren-und-andere-provenienzen-mythos-und-hype\/","title":{"rendered":"Acerca de los puros cubanos y otras procedencias: mitos y exageraciones"},"content":{"rendered":"<div data-elementor-type=\"wp-page\" data-elementor-id=\"32233\" class=\"elementor elementor-32233\" data-elementor-post-type=\"page\">\n\t\t\t\t\t\t<section class=\"elementor-section elementor-top-section elementor-element elementor-element-7ff1532b elementor-section-boxed elementor-section-height-default elementor-section-height-default\" data-id=\"7ff1532b\" data-element_type=\"section\">\n\t\t\t\t\t\t<div class=\"elementor-container elementor-column-gap-default\">\n\t\t\t\t\t<div class=\"elementor-column elementor-col-100 elementor-top-column elementor-element elementor-element-1d9364b\" data-id=\"1d9364b\" data-element_type=\"column\">\n\t\t\t<div class=\"elementor-widget-wrap elementor-element-populated\">\n\t\t\t\t\t\t<div class=\"elementor-element elementor-element-c9902ad elementor-widget elementor-widget-etheme_advanced_headline\" data-id=\"c9902ad\" data-element_type=\"widget\" data-widget_type=\"etheme_advanced_headline.default\">\n\t\t\t\t<div class=\"elementor-widget-container\">\n\t\t\t        \r\n        <div class=\"etheme-a-h-wrapper elementor-align-center etheme-a-h-line-both etheme-a-h-line-before etheme-a-h-line-after\">\r\n        \r\n                            <span class=\"etheme-a-h-text-before\">\r\n                    Gu\u00eda breve                <\/span>\r\n            \r\n        <h2 class=\"etheme-advanced-headline\">\r\n\r\n            Puros cubanos y otras procedencias: mitos y exageraciones\r\n        <\/h2>\r\n\t\t\r\n                    \r\n        <\/div>\r\n        \r\n\t\t\t\t<\/div>\n\t\t\t\t<\/div>\n\t\t\t\t<div class=\"elementor-element elementor-element-5c46dfc4 elementor-widget elementor-widget-text-editor\" data-id=\"5c46dfc4\" data-element_type=\"widget\" data-widget_type=\"text-editor.default\">\n\t\t\t\t<div class=\"elementor-widget-container\">\n\t\t\t\t\t\t\t<p>Para mucha gente, Cuba es sin\u00f3nimo de salsa, ron y, por supuesto, puros. \u00bfDe d\u00f3nde viene esta asociaci\u00f3n, por qu\u00e9 Cuba suele ser lo primero que viene a la mente de muchas personas con afinidad por los puros y qu\u00e9 otros pa\u00edses productores de puros existen? \u00bfSon los puros cubanos los mejores? Si esta \u00faltima pregunta est\u00e1 en su mente, tenemos que decepcionarle - NOSOTROS no podemos responder a eso, s\u00f3lo USTED puede hacerlo por s\u00ed mismo. Sin embargo, nos gustar\u00eda darle al menos una peque\u00f1a idea de las diferentes procedencias a continuaci\u00f3n. La mejor forma de descubrir qu\u00e9 puros son los mejores para usted es atreverse a probar las numerosas posibilidades, \"viajar\", por as\u00ed decirlo, a trav\u00e9s de las diferentes regiones de cultivo. Divi\u00e9rtase y disfrute.<\/p><h3>Puros de Cuba<\/h3><p>Cuba tiene fama de producir \"los mejores puros del mundo\" por varias razones, algunas de las cuales se remontan a siglos atr\u00e1s. El consumo de puros se document\u00f3 por primera vez en los cuadernos de bit\u00e1cora del famoso navegante Crist\u00f3bal Col\u00f3n, que observ\u00f3 a los nativos fumando durante el descubrimiento del Nuevo Mundo. En alg\u00fan momento, los europeos llevaron este estimulante al otro lado del charco y, por tanto, a Europa. As\u00ed pues, los puros cubanos fueron al menos los primeros cigarros disponibles en Europa, y durante mucho, mucho tiempo fueron los \u00fanicos.<\/p><p>Incluso hoy en d\u00eda, marcas tan conocidas como Cohiba, Montecristo, Romeo y Julieta y H.Upmann han existido durante muchas d\u00e9cadas y durante este tiempo ha habido muchos acontecimientos que han contribuido a que estas marcas de puros tengan la reputaci\u00f3n de ser las \"mejores del mundo\". Romeo y Julieta, por ejemplo, se convirti\u00f3 en un cigarro muy codiciado gracias al famoso ex Primer Ministro brit\u00e1nico Winston Churchill, en particular el formato \"Churchill\", que desde entonces lleva su nombre debido a su preferencia por este formato (anteriormente este cigarro se llamaba \"Clemenceau\"). <br \/>Cohiba es probablemente la marca de puros m\u00e1s conocida del mundo y su prestigio se debe, entre otras cosas, a su historia estrechamente ligada a su condici\u00f3n de regalo de Estado, que s\u00f3lo pod\u00eda recibir el entonces Presidente cubano Fidel Castro. Durante mucho tiempo, este puro fue realmente exclusivo, ya que no se pod\u00eda comprar, sino que s\u00f3lo se recib\u00eda como regalo diplom\u00e1tico, para cuya elaboraci\u00f3n s\u00f3lo se utilizaban los mejores tabacos de la gran isla de las Antillas. Esta especialidad y la exclusividad asociada a ella siguen ligadas a la marca, aunque desde 1982 tambi\u00e9n pueden comprarlos personas \"normales\" sin estatus diplom\u00e1tico. Los puros Cohiba se siguen elaborando utilizando s\u00f3lo los mejores tabacos de una cosecha, raz\u00f3n por la cual su precio se sit\u00faa en la gama exclusiva. Lo mismo ocurre con la otra marca premium \"Trinidad\", que sustituy\u00f3 a Cohiba como regalo de Estado y s\u00f3lo est\u00e1 disponible para la venta libre desde 1998.\u00a0<br \/>La historia de la marca \"Montecristo\" est\u00e1 estrechamente ligada a la conocida novela \"El Conde de Montecristo\" de Alexandre Dumas. Seg\u00fan se cuenta, esta novela era el libro favorito de las torcedoras y torcedores de una de las f\u00e1bricas de puros de Cuba de la \u00e9poca. En estas f\u00e1bricas, es tradici\u00f3n que durante las horas de trabajo no s\u00f3lo se les lea la prensa diaria, sino tambi\u00e9n libros, para a\u00f1adir variedad a su jornada laboral. As\u00ed naci\u00f3 la marca.<\/p><p>Como puede ver, la historia de los puros cubanos se remonta a mucho tiempo atr\u00e1s, sigue siendo muy tradicional y sigue haci\u00e9ndose a mano. Esta es tambi\u00e9n la raz\u00f3n por la que los puros cubanos se denominan 'Totalmente a mano' - 100% longfillers hechos a mano. Y por \u00faltimo, pero no por ello menos importante, hay un factor que no puede duplicarse en ninguna otra procedencia: el \"terroir\". Las condiciones clim\u00e1ticas y geol\u00f3gicas de la principal regi\u00f3n productora de Cuba, Pinar del R\u00edo (y especialmente en la famosa regi\u00f3n de \"Vuelta Abajo\"), son tan especiales y, sobre todo, tan adecuadas para el cultivo del tabaco que los puros cubanos son, sencillamente, una experiencia de placer muy especial.<\/p>\t\t\t\t\t\t<\/div>\n\t\t\t\t<\/div>\n\t\t\t\t<div class=\"elementor-element elementor-element-a859bc1 elementor-widget elementor-widget-et-custom-products-masonry\" data-id=\"a859bc1\" data-element_type=\"widget\" data-widget_type=\"et-custom-products-masonry.default\">\n\t\t\t\t<div class=\"elementor-widget-container\">\n\t\t\t            <div class=\"etheme-custom-masonry\" data-type=\"1\">\r\n                                    <div class=\"et-masonry-item grid-1\" data-hover=\"zoom-out\" data-content-hover=\"reveal\"\r\n                    >\r\n                                                <a class=\"grid-img\"\r\n                             href=\"https:\/\/www.lcdh-bonn.de\/es\/producto\/hoyo-de-monterrey-linea-epicure-epicure-no-2-a-t\/\"\r\n                                                        style=\"background-image: url(' https:\/\/www.lcdh-bonn.de\/wp-content\/uploads\/2022\/08\/HDMENO2AT.1_1.jpg ');\"                             >\r\n                        <\/a>\r\n                        \r\n                        <div class=\"info-box\"><div class=\"info-box-inner\"><h2 class=\"item-name\"><a href=\"https:\/\/www.lcdh-bonn.de\/es\/producto\/hoyo-de-monterrey-linea-epicure-epicure-no-2-a-t\/\">Hoyo de Monterrey L\u00ednea Epicure Epicure...<\/a><\/h2>\n<a href=\"https:\/\/www.lcdh-bonn.de\/es\/producto\/hoyo-de-monterrey-linea-epicure-epicure-no-2-a-t\/\" aria-describedby=\"woocommerce_loop_add_to_cart_link_describedby_25750\" data-quantity=\"1\" class=\"button product_type_variable\" data-product_id=\"25750\" data-product_sku=\"HDMENO2AT\" aria-label=\"Seleccione opciones para &quot;Hoyo de Monterrey Linea Epicure Epicure No.2 A\/T&quot;\" rel=\"nofollow\" data-product_name=\"Hoyo de Monterrey Linea Epicure Epicure No.2 A\/T\" data-no-translation=\"\" data-trp-gettext=\"\" data-no-translation-aria-label=\"\">Seguir leyendo<\/a>\t<span id=\"woocommerce_loop_add_to_cart_link_describedby_25750\" class=\"screen-reader-text\">\n\t\t\t<\/span>\n<\/div><\/div>                    <\/div>\r\n                                    <div class=\"et-masonry-item grid-2\" data-hover=\"zoom-out\" data-content-hover=\"reveal\"\r\n                    >\r\n                                                <a class=\"grid-img\"\r\n                             href=\"https:\/\/www.lcdh-bonn.de\/es\/producto\/romeo-y-julieta-linea-clasica-coronitas-en-cedro\/\"\r\n                                                        style=\"background-image: url(' https:\/\/www.lcdh-bonn.de\/wp-content\/uploads\/2022\/08\/RYJCEC.1_1.jpg ');\"                             >\r\n                        <\/a>\r\n                        \r\n                        <div class=\"info-box\"><div class=\"info-box-inner\"><h2 class=\"item-name\"><a href=\"https:\/\/www.lcdh-bonn.de\/es\/producto\/romeo-y-julieta-linea-clasica-coronitas-en-cedro\/\">Romeo y Julieta Linea Clasica Coronitas...<\/a><\/h2>\n<a href=\"https:\/\/www.lcdh-bonn.de\/es\/producto\/romeo-y-julieta-linea-clasica-coronitas-en-cedro\/\" aria-describedby=\"woocommerce_loop_add_to_cart_link_describedby_26202\" data-quantity=\"1\" class=\"button product_type_variable\" data-product_id=\"26202\" data-product_sku=\"RYJCEC\" aria-label=\"Seleccione opciones para &quot;Romeo y Julieta Linea Clasica Coronitas en Cedro&quot;\" rel=\"nofollow\" data-product_name=\"Romeo y Julieta Linea Clasica Coronitas en Cedro\" data-no-translation=\"\" data-trp-gettext=\"\" data-no-translation-aria-label=\"\">Seguir leyendo<\/a>\t<span id=\"woocommerce_loop_add_to_cart_link_describedby_26202\" class=\"screen-reader-text\">\n\t\t\t<\/span>\n<\/div><\/div>                    <\/div>\r\n                                    <div class=\"et-masonry-item grid-3\" data-hover=\"zoom-out\" data-content-hover=\"reveal\"\r\n                    >\r\n                                                <a class=\"grid-img\"\r\n                             href=\"https:\/\/www.lcdh-bonn.de\/es\/producto\/partagas-linea-clasica-petit-coronas-especiales\/\"\r\n                                                        style=\"background-image: url(' https:\/\/www.lcdh-bonn.de\/wp-content\/uploads\/2022\/08\/PAPECORESP.1_1.jpg ');\"                             >\r\n                        <\/a>\r\n                        \r\n                        <div class=\"info-box\"><div class=\"info-box-inner\"><h2 class=\"item-name\"><a href=\"https:\/\/www.lcdh-bonn.de\/es\/producto\/partagas-linea-clasica-petit-coronas-especiales\/\">Partagas Linea Clasica Petit Coronas Es...<\/a><\/h2>\n<a href=\"https:\/\/www.lcdh-bonn.de\/es\/producto\/partagas-linea-clasica-petit-coronas-especiales\/\" aria-describedby=\"woocommerce_loop_add_to_cart_link_describedby_26040\" data-quantity=\"1\" class=\"button product_type_variable\" data-product_id=\"26040\" data-product_sku=\"PAPECORESP\" aria-label=\"Seleccione opciones para &quot;Partagas Linea Clasica Petit Coronas Especiales&quot;\" rel=\"nofollow\" data-product_name=\"Partagas Linea Clasica Petit Coronas Especiales\" data-no-translation=\"\" data-trp-gettext=\"\" data-no-translation-aria-label=\"\">Seguir leyendo<\/a>\t<span id=\"woocommerce_loop_add_to_cart_link_describedby_26040\" class=\"screen-reader-text\">\n\t\t\t<\/span>\n<\/div><\/div>                    <\/div>\r\n                                    <div class=\"et-masonry-item grid-4\" data-hover=\"zoom-out\" data-content-hover=\"reveal\"\r\n                    >\r\n                                                <a class=\"grid-img\"\r\n                             href=\"https:\/\/www.lcdh-bonn.de\/es\/producto\/montecristo-linea-clasica-no-4\/\"\r\n                                                                                    >\r\n                        <\/a>\r\n                        \r\n                        <div class=\"info-box\"><div class=\"info-box-inner\"><h2 class=\"item-name\"><a href=\"https:\/\/www.lcdh-bonn.de\/es\/producto\/montecristo-linea-clasica-no-4\/\">Montecristo Linea Clasica No.4<\/a><\/h2>\n<a href=\"https:\/\/www.lcdh-bonn.de\/es\/producto\/montecristo-linea-clasica-no-4\/\" aria-describedby=\"woocommerce_loop_add_to_cart_link_describedby_25930\" data-quantity=\"1\" class=\"button product_type_variable\" data-product_id=\"25930\" data-product_sku=\"MONO4\" aria-label=\"Seleccione opciones para &quot;Montecristo Linea Clasica No.4&quot;\" rel=\"nofollow\" data-product_name=\"Montecristo Linea Clasica No.4\" data-no-translation=\"\" data-trp-gettext=\"\" data-no-translation-aria-label=\"\">Seguir leyendo<\/a>\t<span id=\"woocommerce_loop_add_to_cart_link_describedby_25930\" class=\"screen-reader-text\">\n\t\t\t<\/span>\n<\/div><\/div>                    <\/div>\r\n                                    <div class=\"et-masonry-item grid-5\" data-hover=\"zoom-out\" data-content-hover=\"reveal\"\r\n                    >\r\n                                                <a class=\"grid-img\"\r\n                             href=\"https:\/\/www.lcdh-bonn.de\/es\/producto\/quintero-favoritos\/\"\r\n                                                        style=\"background-image: url(' https:\/\/www.lcdh-bonn.de\/wp-content\/uploads\/2022\/08\/QUFAV.1_1.jpg ');\"                             >\r\n                        <\/a>\r\n                        \r\n                        <div class=\"info-box\"><div class=\"info-box-inner\"><h2 class=\"item-name\"><a href=\"https:\/\/www.lcdh-bonn.de\/es\/producto\/quintero-favoritos\/\">Quintero Favoritos<\/a><\/h2>\n<a href=\"https:\/\/www.lcdh-bonn.de\/es\/producto\/quintero-favoritos\/\" aria-describedby=\"woocommerce_loop_add_to_cart_link_describedby_26147\" data-quantity=\"1\" class=\"button product_type_variable\" data-product_id=\"26147\" data-product_sku=\"QUFAV\" aria-label=\"Seleccione opciones para &quot;Quintero Favoritos&quot;\" rel=\"nofollow\" data-product_name=\"Quintero Favoritos\" data-no-translation=\"\" data-trp-gettext=\"\" data-no-translation-aria-label=\"\">Seguir leyendo<\/a>\t<span id=\"woocommerce_loop_add_to_cart_link_describedby_26147\" class=\"screen-reader-text\">\n\t\t\t<\/span>\n<\/div><\/div>                    <\/div>\r\n                            <\/div>\r\n        \t\t<\/div>\n\t\t\t\t<\/div>\n\t\t\t\t<div class=\"elementor-element elementor-element-83e4944 elementor-widget elementor-widget-text-editor\" data-id=\"83e4944\" data-element_type=\"widget\" data-widget_type=\"text-editor.default\">\n\t\t\t\t<div class=\"elementor-widget-container\">\n\t\t\t\t\t\t\t<h3>\u00a0<\/h3><h3>Puros de Nicaragua<\/h3><p>Las condiciones clim\u00e1ticas de Nicaragua son similares a las de Cuba. Por lo tanto, las regiones del pa\u00eds tambi\u00e9n est\u00e1n predestinadas a producir buenos tabacos. Hist\u00f3ricamente, Nicaragua no tiene una tradici\u00f3n tan larga en la producci\u00f3n de puros, pero el pa\u00eds fue construido para convertirse en uno de los grandes actores de la producci\u00f3n de puros por los exiliados cubanos en particular. En la actualidad, el pa\u00eds es, con diferencia, el mayor exportador de puros del mundo, sobre todo en el mercado estadounidense, donde la importaci\u00f3n de productos cubanos est\u00e1 prohibida desde el embargo impuesto por John F. Kennedy. La regi\u00f3n de Estel\u00ed, en el \"pa\u00eds de los mil volcanes\", es probablemente la m\u00e1s conocida para la producci\u00f3n de tabacos de primera calidad destinados a puros. La roca volc\u00e1nica y los suelos muy minerales, combinados con la alternancia de estaciones lluviosas y secas, hacen que la regi\u00f3n sea muy adecuada. All\u00ed tienen su sede nombres tan conocidos como Plasencia, A.J Fernandez y Drew Estate. Los puros nicarag\u00fcenses se consideran de cuerpo ligero-medio a completo y ofrecen una fant\u00e1stica selecci\u00f3n tanto para principiantes como para fumadores avanzados.<\/p>\t\t\t\t\t\t<\/div>\n\t\t\t\t<\/div>\n\t\t\t\t<div class=\"elementor-element elementor-element-a8b0f2e elementor-widget elementor-widget-text-editor\" data-id=\"a8b0f2e\" data-element_type=\"widget\" data-widget_type=\"text-editor.default\">\n\t\t\t\t<div class=\"elementor-widget-container\">\n\t\t\t\t\t\t\t<p>\u00a0<\/p><h3>Puros de la Rep\u00fablica Dominicana<\/h3><p>El pa\u00eds caribe\u00f1o, muy popular entre los veraneantes, fue durante mucho tiempo el primer productor mundial de puros, pero recientemente fue desbancado del trono por Nicaragua. El pa\u00eds sigue produciendo algunos de los mejores puros del mundo. Grandes fabricantes tradicionales, como Davidoff y Arturo Fuente, tienen su sede all\u00ed desde hace muchas d\u00e9cadas. En general, los puros de la Rep\u00fablica Dominicana se consideran suaves, aunque ahora tambi\u00e9n se producen mezclas m\u00e1s fuertes, como la serie Davidoff Yamasa.<\/p><p>Adem\u00e1s de estas tres grandes regiones productoras, tambi\u00e9n hay otras procedencias en las que se produce tabaco para puros y puros. Se trata de Brasil, M\u00e9xico, Indonesia, Camer\u00fan, Estados Unidos y Panam\u00e1, entre otros. Cada una de estas regiones tiene sus propias especialidades. Ninguna es mejor o peor que la otra, s\u00f3lo <span style=\"text-decoration: underline;\">\u00a1Diferente!<\/span> S\u00f3lo probando los puros podr\u00e1 saber cu\u00e1les son los que m\u00e1s le gustan. Entonces podr\u00e1 responder por s\u00ed mismo a la pregunta de si los puros de Cuba son realmente los mejores del mundo.<\/p>\t\t\t\t\t\t<\/div>\n\t\t\t\t<\/div>\n\t\t\t\t\t<\/div>\n\t\t<\/div>\n\t\t\t\t\t<\/div>\n\t\t<\/section>\n\t\t\t\t<section class=\"elementor-section elementor-top-section elementor-element elementor-element-5c881cd1 elementor-section-boxed elementor-section-height-default elementor-section-height-default\" data-id=\"5c881cd1\" data-element_type=\"section\">\n\t\t\t\t\t\t<div class=\"elementor-container elementor-column-gap-default\">\n\t\t\t\t\t<div class=\"elementor-column elementor-col-100 elementor-top-column elementor-element elementor-element-8366d37\" data-id=\"8366d37\" data-element_type=\"column\">\n\t\t\t<div class=\"elementor-widget-wrap\">\n\t\t\t\t\t\t\t<\/div>\n\t\t<\/div>\n\t\t\t\t\t<\/div>\n\t\t<\/section>\n\t\t\t\t<section class=\"elementor-section elementor-top-section elementor-element elementor-element-435d6321 elementor-section-boxed elementor-section-height-default elementor-section-height-default\" data-id=\"435d6321\" data-element_type=\"section\">\n\t\t\t\t\t\t<div class=\"elementor-container elementor-column-gap-default\">\n\t\t\t\t\t<div class=\"elementor-column elementor-col-100 elementor-top-column elementor-element elementor-element-415dc511\" data-id=\"415dc511\" data-element_type=\"column\">\n\t\t\t<div class=\"elementor-widget-wrap elementor-element-populated\">\n\t\t\t\t\t\t<div class=\"elementor-element elementor-element-1bdeed0b elementor-widget elementor-widget-text-editor\" data-id=\"1bdeed0b\" data-element_type=\"widget\" data-widget_type=\"text-editor.default\">\n\t\t\t\t<div class=\"elementor-widget-container\">\n\t\t\t\t\t\t\t<p>Si ninguno de los puros recomendados le atrae, no dude en ponerse en contacto con nosotros - estamos disponibles para consultas telef\u00f3nicas y seguro que encontraremos \"su\" puro que est\u00e1 esperando ser encontrado por usted.<\/p>\t\t\t\t\t\t<\/div>\n\t\t\t\t<\/div>\n\t\t\t\t\t<\/div>\n\t\t<\/div>\n\t\t\t\t\t<\/div>\n\t\t<\/section>\n\t\t\t\t<\/div>","protected":false},"excerpt":{"rendered":"<p>Ein kurzer Ratgeber Kubanische Zigarren und andere Provenienzen &#8211; Mythos und Hype F\u00fcr viele ist Kuba das Synonym f\u00fcr Salsa, Rum und nat\u00fcrlich Zigarren. Woher kommt diese Assoziation, weshalb kommt vielen genussaffinen Menschen beim Stichwort &#8216;Zigarren&#8217; meist als erstes Kuba in den Sinn und was gibt es f\u00fcr weitere zigarrenproduzierende L\u00e4nder? Sind kubanische Zigarren die Besten? Sollte Sie diese, letzte Frage umtreiben, so m\u00fcssen wir Sie entt\u00e4uschen &#8211; das k\u00f6nnen WIR nicht beantworten, das k\u00f6nnen nur SIE f\u00fcr sich ganz&#8230;<\/p>","protected":false},"author":4,"featured_media":0,"parent":0,"menu_order":0,"comment_status":"closed","ping_status":"closed","template":"","meta":{"_acf_changed":false,"footnotes":""},"class_list":["post-32233","page","type-page","status-publish","hentry"],"acf":[],"_links":{"self":[{"href":"https:\/\/www.lcdh-bonn.de\/es\/wp-json\/wp\/v2\/pages\/32233","targetHints":{"allow":["GET"]}}],"collection":[{"href":"https:\/\/www.lcdh-bonn.de\/es\/wp-json\/wp\/v2\/pages"}],"about":[{"href":"https:\/\/www.lcdh-bonn.de\/es\/wp-json\/wp\/v2\/types\/page"}],"author":[{"embeddable":true,"href":"https:\/\/www.lcdh-bonn.de\/es\/wp-json\/wp\/v2\/users\/4"}],"replies":[{"embeddable":true,"href":"https:\/\/www.lcdh-bonn.de\/es\/wp-json\/wp\/v2\/comments?post=32233"}],"version-history":[{"count":9,"href":"https:\/\/www.lcdh-bonn.de\/es\/wp-json\/wp\/v2\/pages\/32233\/revisions"}],"predecessor-version":[{"id":39167,"href":"https:\/\/www.lcdh-bonn.de\/es\/wp-json\/wp\/v2\/pages\/32233\/revisions\/39167"}],"wp:attachment":[{"href":"https:\/\/www.lcdh-bonn.de\/es\/wp-json\/wp\/v2\/media?parent=32233"}],"curies":[{"name":"wp","href":"https:\/\/api.w.org\/{rel}","templated":true}]}}