{"id":25544,"date":"2022-08-02T19:53:34","date_gmt":"2022-08-02T17:53:34","guid":{"rendered":"https:\/\/torbru.athene.wpspace.me\/product\/bolivar-petit-coronas\/"},"modified":"2026-02-20T17:38:23","modified_gmt":"2026-02-20T15:38:23","slug":"bolivar-petit-coronas","status":"publish","type":"product","link":"https:\/\/www.lcdh-bonn.de\/es\/producto\/bolivar-petit-coronas\/","title":{"rendered":"Bolivar Petit Coronas"},"content":{"rendered":"<p>Die Bolivar Petit Coronas verk\u00f6rpert die Essenz kubanischer Zigarrenkunst im klassischen Marevas-Format. Mit einer L\u00e4nge von 129 mm und einem Ringma\u00df von 42 pr\u00e4sentiert sie sich als idealer Begleiter f\u00fcr einen mittellangen Smoke von etwa 45-60 Minuten.<\/p>\n<p>Diese vollmundige Habano wird ausschlie\u00dflich aus erlesenen Tabaken der Vuelta Abajo Region gefertigt. Die Marke Bolivar, benannt nach dem s\u00fcdamerikanischen Freiheitsk\u00e4mpfer Simon Bolivar, steht seit 1902 f\u00fcr kraftvolle Zigarren mit ausgepr\u00e4gtem Charakter.<\/p>\n<ul style=\"margin-left:20px;\">\n\u2022 Format: Marevas (Petit Corona)<br \/>\n\u2022 L\u00e4nge: 129 mm<br \/>\n\u2022 Ringma\u00df: 42<br \/>\n\u2022 St\u00e4rke: Kr\u00e4ftig<br \/>\n\u2022 Herkunft: Kuba, Vuelta Abajo<br \/>\n\u2022 Rauchdauer: 45-60 Minuten<br \/>\n\u2022 Verpackung: 25er Kiste, Einzeln\n<\/ul>\n<p>Kenner sch\u00e4tzen das komplexe Aromenprofil mit Noten von dunkler Schokolade, ger\u00f6steten N\u00fcssen und w\u00fcrzigem Leder. Andere Aficionados berichten von einer samtigen Erdigkeit, die sich mit dezenten Kaffee- und Holznoten verbindet.<\/p>\n<p>Im Rauchverlauf entwickelt sich ein harmonisches Zusammenspiel der Aromen, das im letzten Drittel an Intensit\u00e4t und Komplexit\u00e4t zunimmt. Eine exzellente Wahl f\u00fcr den anspruchsvollen Abend oder als Begleitung zu einem gereiften Rum.<\/p>\n<p><small>Hersteller-\/Inverkehrbringerinformation:<br \/>\n5THAVENUE Products Trading-GmbH<br \/>\nSchwarzenbergstra\u00dfe 3-7<br \/>\nD-79761 Waldshut-Tiengen<br \/>\ninfo@5thAvenue.de<\/small><\/p>","protected":false},"excerpt":{"rendered":"<p>Die Bolivar Petit Coronas verk\u00f6rpert die Essenz kubanischer Zigarrenkunst im klassischen Marevas-Format. Mit einer L\u00e4nge von 129 mm und einem Ringma\u00df von 42 pr\u00e4sentiert sie sich als idealer Begleiter f\u00fcr einen mittellangen Smoke von etwa 45-60 Minuten. Diese vollmundige Habano wird ausschlie\u00dflich aus erlesenen Tabaken der Vuelta Abajo Region gefertigt. Die Marke Bolivar, benannt nach dem s\u00fcdamerikanischen Freiheitsk\u00e4mpfer Simon Bolivar, steht seit 1902 f\u00fcr kraftvolle Zigarren mit ausgepr\u00e4gtem Charakter. \u2022 Format: Marevas (Petit Corona) \u2022 L\u00e4nge: 129 mm \u2022 Ringma\u00df:&#8230;<\/p>","protected":false},"featured_media":35452,"comment_status":"closed","ping_status":"closed","template":"","meta":{"_acf_changed":false},"etheme_brands":[{"term_id":185,"name":"Bolivar","slug":"bolivar","term_group":0,"term_taxonomy_id":185,"taxonomy":"brand","description":"[elementor-template id=\"15563\"]","parent":0,"count":5,"filter":"raw"}],"product_cat":[168,169,139],"product_tag":[],"class_list":{"0":"post-25544","1":"product","2":"type-product","3":"status-publish","4":"has-post-thumbnail","6":"brand-bolivar","7":"product_cat-zigarren","8":"product_cat-cuba","9":"product_cat-bolivar","10":"pa_laenge-1176","11":"pa_orderable-no","12":"pa_ringmass-1216","13":"pa_verpackungseinheit-25er-kiste","14":"pa_verpackungseinheit-einzeln","16":"first","17":"instock","18":"taxable","19":"shipping-taxable","20":"product-type-variable"},"acf":[],"_links":{"self":[{"href":"https:\/\/www.lcdh-bonn.de\/es\/wp-json\/wp\/v2\/product\/25544","targetHints":{"allow":["GET"]}}],"collection":[{"href":"https:\/\/www.lcdh-bonn.de\/es\/wp-json\/wp\/v2\/product"}],"about":[{"href":"https:\/\/www.lcdh-bonn.de\/es\/wp-json\/wp\/v2\/types\/product"}],"replies":[{"embeddable":true,"href":"https:\/\/www.lcdh-bonn.de\/es\/wp-json\/wp\/v2\/comments?post=25544"}],"wp:featuredmedia":[{"embeddable":true,"href":"https:\/\/www.lcdh-bonn.de\/es\/wp-json\/wp\/v2\/media\/35452"}],"wp:attachment":[{"href":"https:\/\/www.lcdh-bonn.de\/es\/wp-json\/wp\/v2\/media?parent=25544"}],"wp:term":[{"taxonomy":"brand","embeddable":true,"href":"https:\/\/www.lcdh-bonn.de\/es\/wp-json\/wp\/v2\/etheme_brands?post=25544"},{"taxonomy":"product_cat","embeddable":true,"href":"https:\/\/www.lcdh-bonn.de\/es\/wp-json\/wp\/v2\/product_cat?post=25544"},{"taxonomy":"product_tag","embeddable":true,"href":"https:\/\/www.lcdh-bonn.de\/es\/wp-json\/wp\/v2\/product_tag?post=25544"}],"curies":[{"name":"wp","href":"https:\/\/api.w.org\/{rel}","templated":true}]}}