{"id":25581,"date":"2022-08-02T19:54:13","date_gmt":"2022-08-02T17:54:13","guid":{"rendered":"https:\/\/torbru.athene.wpspace.me\/product\/cohiba-genios\/"},"modified":"2026-01-14T19:04:18","modified_gmt":"2026-01-14T17:04:18","slug":"cohiba-linea-maduro-5-genios","status":"publish","type":"product","link":"https:\/\/www.lcdh-bonn.de\/es\/producto\/cohiba-linea-maduro-5-genios\/","title":{"rendered":"Cohiba Linea Maduro 5 Genios"},"content":{"rendered":"<p>Die Cohiba Linea Maduro 5 Genios verk\u00f6rpert die Quintessenz kubanischer Zigarrenkunst. Diese exquisite Vitola pr\u00e4sentiert sich im eleganten Genios-Format mit einer L\u00e4nge von 140 mm und einem imposanten Ringma\u00df von 52.<\/p>\n<p>Gefertigt in der legend\u00e4ren El Laguito Manufaktur, vereint diese Zigarre ausschlie\u00dflich handverlesene Tabake aus der Pinar del R\u00edo Region. Das charakteristische dunkle Maduro-Deckblatt durchl\u00e4uft eine zus\u00e4tzliche Fermentation von mindestens zwei Jahren.<\/p>\n<ul style=\"margin-left: 20px;\">\n\u2022 Format: Genios (Robusto Extra)<br \/>\n\u2022 L\u00e4nge: 140 mm<br \/>\n\u2022 Ringma\u00df: 52<br \/>\n\u2022 St\u00e4rke: Medium bis kr\u00e4ftig<br \/>\n\u2022 Rauchdauer: ca. 60-75 Minuten<br \/>\n\u2022 Erh\u00e4ltlich als: Einzelzigarre, 10er und 25er Kiste\n<\/ul>\n<p>Kenner sch\u00e4tzen die komplexe Aromenentwicklung, die mit w\u00fcrzigen Kakao- und R\u00f6stnoten beginnt. Im weiteren Rauchverlauf entfalten sich, wie erfahrene Aficionados berichten, intensive Noten von dunkler Schokolade, ger\u00f6steten Kaffeebohnen und einem Hauch von Zedernholz.<\/p>\n<p>Die Linea Maduro 5 wurde 2007 als Premium-Extension der renommierten Cohiba-Familie eingef\u00fchrt. Sie eignet sich besonders f\u00fcr entspannte Abendstunden, festliche Anl\u00e4sse oder als kr\u00f6nender Abschluss eines gelungenen Dinners.<\/p>\n<p>Hersteller-\/Inverkehrbringerinformation:<br \/>\n5THAVENUE Products Trading-GmbH<br \/>\nSchwarzenbergstra\u00dfe 3-7<br \/>\nD-79761 Waldshut-Tiengen<br \/>\ninfo@5thAvenue.de<\/p>","protected":false},"excerpt":{"rendered":"<p>Die Cohiba Linea Maduro 5 Genios verk\u00f6rpert die Quintessenz kubanischer Zigarrenkunst. Diese exquisite Vitola pr\u00e4sentiert sich im eleganten Genios-Format mit einer L\u00e4nge von 140 mm und einem imposanten Ringma\u00df von 52. Gefertigt in der legend\u00e4ren El Laguito Manufaktur, vereint diese Zigarre ausschlie\u00dflich handverlesene Tabake aus der Pinar del R\u00edo Region. Das charakteristische dunkle Maduro-Deckblatt durchl\u00e4uft eine zus\u00e4tzliche Fermentation von mindestens zwei Jahren. \u2022 Format: Genios (Robusto Extra) \u2022 L\u00e4nge: 140 mm \u2022 Ringma\u00df: 52 \u2022 St\u00e4rke: Medium bis kr\u00e4ftig \u2022&#8230;<\/p>","protected":false},"featured_media":35464,"comment_status":"closed","ping_status":"open","template":"","meta":{"_acf_changed":false},"etheme_brands":[{"term_id":186,"name":"Cohiba","slug":"cohiba","term_group":0,"term_taxonomy_id":186,"taxonomy":"brand","description":"[elementor-template id=\"15563\"]","parent":0,"count":60,"filter":"raw"}],"product_cat":[168,169,140,515],"product_tag":[],"class_list":{"0":"post-25581","1":"product","2":"type-product","3":"status-publish","4":"has-post-thumbnail","6":"brand-cohiba","7":"product_cat-zigarren","8":"product_cat-cuba","9":"product_cat-cohiba","10":"product_cat-maduro-5","11":"pa_laenge-1166","12":"pa_orderable-no","13":"pa_ringmass-1178","14":"pa_verpackungseinheit-10er-kiste","15":"pa_verpackungseinheit-25er-kiste","16":"pa_verpackungseinheit-einzeln","18":"first","19":"outofstock","20":"taxable","21":"shipping-taxable","22":"product-type-variable"},"acf":[],"_links":{"self":[{"href":"https:\/\/www.lcdh-bonn.de\/es\/wp-json\/wp\/v2\/product\/25581","targetHints":{"allow":["GET"]}}],"collection":[{"href":"https:\/\/www.lcdh-bonn.de\/es\/wp-json\/wp\/v2\/product"}],"about":[{"href":"https:\/\/www.lcdh-bonn.de\/es\/wp-json\/wp\/v2\/types\/product"}],"replies":[{"embeddable":true,"href":"https:\/\/www.lcdh-bonn.de\/es\/wp-json\/wp\/v2\/comments?post=25581"}],"wp:featuredmedia":[{"embeddable":true,"href":"https:\/\/www.lcdh-bonn.de\/es\/wp-json\/wp\/v2\/media\/35464"}],"wp:attachment":[{"href":"https:\/\/www.lcdh-bonn.de\/es\/wp-json\/wp\/v2\/media?parent=25581"}],"wp:term":[{"taxonomy":"brand","embeddable":true,"href":"https:\/\/www.lcdh-bonn.de\/es\/wp-json\/wp\/v2\/etheme_brands?post=25581"},{"taxonomy":"product_cat","embeddable":true,"href":"https:\/\/www.lcdh-bonn.de\/es\/wp-json\/wp\/v2\/product_cat?post=25581"},{"taxonomy":"product_tag","embeddable":true,"href":"https:\/\/www.lcdh-bonn.de\/es\/wp-json\/wp\/v2\/product_tag?post=25581"}],"curies":[{"name":"wp","href":"https:\/\/api.w.org\/{rel}","templated":true}]}}