{"id":25600,"date":"2022-08-02T19:54:13","date_gmt":"2022-08-02T17:54:13","guid":{"rendered":"https:\/\/torbru.athene.wpspace.me\/product\/cohiba-mini\/"},"modified":"2026-03-10T15:33:47","modified_gmt":"2026-03-10T13:33:47","slug":"cohiba-mini","status":"publish","type":"product","link":"https:\/\/www.lcdh-bonn.de\/es\/producto\/cohiba-mini\/","title":{"rendered":"Cohiba Mini"},"content":{"rendered":"<p>Die Cohiba Mini verk\u00f6rpert die Essenz kubanischer Zigarrenkunst in kompakter Form. Diese handgefertigte Kleinformat-Zigarre aus der renommiertesten Manufaktur Kubas pr\u00e4sentiert sich mit einer L\u00e4nge von 82 mm bei einem Ringma\u00df von 20.<\/p>\n<ul style=\"margin: 20px 0; padding: 20px; background-color: #f9f9f9;\">\n\u2022 Format: Mini (Vitola de Galera)<br \/>\n\u2022 Herkunft: Kuba<br \/>\n\u2022 L\u00e4nge: 82 mm<br \/>\n\u2022 Ringma\u00df: 20<br \/>\n\u2022 St\u00e4rke: Medium<br \/>\n\u2022 Rauchdauer: ca. 10-15 Minuten<br \/>\n\u2022 Verpackung: 20er Schachtel\n<\/ul>\n<p>Kenner sch\u00e4tzen das ausgewogene Aromenprofil dieser Miniature, das von erdigen Noten \u00fcber subtile Kakao-Nuancen bis hin zu einem Hauch von ger\u00f6steten N\u00fcssen reicht. Im Rauchverlauf entwickelt sich eine angenehme Komplexit\u00e4t, die trotz des kleinen Formats \u00fcberrascht.<\/p>\n<p>Die Geschichte der Marke Cohiba beginnt 1966 als exklusive Zigarre f\u00fcr Fidel Castro. Heute steht sie f\u00fcr h\u00f6chste kubanische Zigarrenkunst. Nur ausgew\u00e4hlte Tabake der besten Vegas Finas de Primera in der Pinar del R\u00edo Region finden ihren Weg in diese Zigarren.<\/p>\n<p>Die Cohiba Mini eignet sich perfekt f\u00fcr den kurzen Genussmoment zwischendurch, sei es in der Mittagspause oder als eleganter Tagesabschluss. Eine ideale Wahl f\u00fcr Einsteiger wie auch f\u00fcr erfahrene Aficionados, die einen authentischen kubanischen Smoke suchen.<\/p>\n<p><small>Hersteller-\/Inverkehrbringerinformation:<br \/>\n5THAVENUE Products Trading-GmbH<br \/>\nSchwarzenbergstra\u00dfe 3-7<br \/>\nD-79761 Waldshut-Tiengen<br \/>\ninfo@5thAvenue.de<\/small><\/p>","protected":false},"excerpt":{"rendered":"<p>Die Cohiba Mini verk\u00f6rpert die Essenz kubanischer Zigarrenkunst in kompakter Form. Diese handgefertigte Kleinformat-Zigarre aus der renommiertesten Manufaktur Kubas pr\u00e4sentiert sich mit einer L\u00e4nge von 82 mm bei einem Ringma\u00df von 20. \u2022 Format: Mini (Vitola de Galera) \u2022 Herkunft: Kuba \u2022 L\u00e4nge: 82 mm \u2022 Ringma\u00df: 20 \u2022 St\u00e4rke: Medium \u2022 Rauchdauer: ca. 10-15 Minuten \u2022 Verpackung: 20er Schachtel Kenner sch\u00e4tzen das ausgewogene Aromenprofil dieser Miniature, das von erdigen Noten \u00fcber subtile Kakao-Nuancen bis hin zu einem Hauch von&#8230;<\/p>","protected":false},"featured_media":0,"comment_status":"closed","ping_status":"closed","template":"","meta":{"_acf_changed":false},"etheme_brands":[{"term_id":186,"name":"Cohiba","slug":"cohiba","term_group":0,"term_taxonomy_id":186,"taxonomy":"brand","description":"[elementor-template id=\"15563\"]","parent":0,"count":60,"filter":"raw"}],"product_cat":[168,169,140,180],"product_tag":[],"class_list":{"0":"post-25600","1":"product","2":"type-product","3":"status-publish","5":"brand-cohiba","6":"product_cat-zigarren","7":"product_cat-cuba","8":"product_cat-cohiba","9":"product_cat-zigarillos","10":"pa_laenge-1214","11":"pa_orderable-yes","12":"pa_ringmass-1239","13":"pa_verpackungseinheit-20er-schachtel","15":"first","16":"instock","17":"taxable","18":"shipping-taxable","19":"purchasable","20":"product-type-variable"},"acf":[],"_links":{"self":[{"href":"https:\/\/www.lcdh-bonn.de\/es\/wp-json\/wp\/v2\/product\/25600","targetHints":{"allow":["GET"]}}],"collection":[{"href":"https:\/\/www.lcdh-bonn.de\/es\/wp-json\/wp\/v2\/product"}],"about":[{"href":"https:\/\/www.lcdh-bonn.de\/es\/wp-json\/wp\/v2\/types\/product"}],"replies":[{"embeddable":true,"href":"https:\/\/www.lcdh-bonn.de\/es\/wp-json\/wp\/v2\/comments?post=25600"}],"wp:attachment":[{"href":"https:\/\/www.lcdh-bonn.de\/es\/wp-json\/wp\/v2\/media?parent=25600"}],"wp:term":[{"taxonomy":"brand","embeddable":true,"href":"https:\/\/www.lcdh-bonn.de\/es\/wp-json\/wp\/v2\/etheme_brands?post=25600"},{"taxonomy":"product_cat","embeddable":true,"href":"https:\/\/www.lcdh-bonn.de\/es\/wp-json\/wp\/v2\/product_cat?post=25600"},{"taxonomy":"product_tag","embeddable":true,"href":"https:\/\/www.lcdh-bonn.de\/es\/wp-json\/wp\/v2\/product_tag?post=25600"}],"curies":[{"name":"wp","href":"https:\/\/api.w.org\/{rel}","templated":true}]}}