{"id":25602,"date":"2022-08-02T19:54:13","date_gmt":"2022-08-02T17:54:13","guid":{"rendered":"https:\/\/torbru.athene.wpspace.me\/product\/cohiba-panetelas\/"},"modified":"2026-03-04T14:48:49","modified_gmt":"2026-03-04T12:48:49","slug":"cohiba-linea-clasica-panetelas","status":"publish","type":"product","link":"https:\/\/www.lcdh-bonn.de\/es\/producto\/cohiba-linea-clasica-panetelas\/","title":{"rendered":"Cohiba L\u00ednea Cl\u00e1sica Panetelas"},"content":{"rendered":"<p>Die Cohiba Panetelas verk\u00f6rpert die Essenz kubanischer Zigarrenkunst im eleganten Laguito No. 3 Format. Mit einer L\u00e4nge von 115 mm und einem Ringma\u00df von 26 pr\u00e4sentiert sich diese schlanke Sch\u00f6nheit als perfekte Begleiterin f\u00fcr den besonderen Moment.<\/p>\n<p>Gefertigt in der legend\u00e4ren El Laguito Manufaktur, vereint sie erlesene Tabake aus der Vuelta Abajo Region. Die dreifache Fermentation der Tabake &#8211; ein Privileg der Marke Cohiba &#8211; verleiht dieser Zigarre ihren unverwechselbaren Charakter.<\/p>\n<div style=\"text-align: center\">\u2022 Format: Laguito No. 3 (Panetelas)<br \/>\n\u2022 L\u00e4nge: 115 mm<br \/>\n\u2022 Ringma\u00df: 26<br \/>\n\u2022 St\u00e4rke: Medium<br \/>\n\u2022 Rauchdauer: ca. 30-40 Minuten<br \/>\n\u2022 Herkunft: Kuba, Pinar del R\u00edo<\/div>\n<p>Kenner sch\u00e4tzen das subtile Zusammenspiel von ger\u00f6steten Kaffeebohnen, s\u00fc\u00dfem Karamell und dezenten Holznoten. Im letzten Drittel entwickeln sich feine Nuancen von Vanille und Zedernholz, die das Geschmackserlebnis harmonisch abrunden.<\/p>\n<p>Unsere pers\u00f6nliche Empfehlung: unbedingt probieren! Die Zigarre ist klein und schlank, erinnert vielleicht auf den ersten Blick an einen gro\u00dfen Zigarillo \u2013 doch sie ist ein zu 100\u202f% handgefertigter Longfiller und aromatisch eine absolute Wucht. Sensationell im Geschmack, verlangt sie nach einem langsamen Rauchstil, um ihr volles Potenzial zu entfalten. Ein Hochgenuss, der trotz ihrer Gr\u00f6\u00dfe gut 30 bis 40 Minuten anhalten kann. Eine ganz klare Empfehlung unsererseits.<\/p>\n<p>Die Panetelas eignet sich hervorragend als Einsteigerzigarre in die Cohiba-Welt oder als raffinierter Begleiter zum Nachmittagskaffee. Erh\u00e4ltlich als 25er Kiste, 5er Schachtel oder einzeln.<\/p>\n<p>Hersteller-\/Inverkehrbringerinformation:<br \/>\n5THAVENUE Products Trading-GmbH<br \/>\nSchwarzenbergstra\u00dfe 3-7<br \/>\nD-79761 Waldshut-Tiengen<br \/>\ninfo@5thAvenue.de<\/p>","protected":false},"excerpt":{"rendered":"<p>Die Cohiba Panetelas verk\u00f6rpert die Essenz kubanischer Zigarrenkunst im eleganten Laguito No. 3 Format. Mit einer L\u00e4nge von 115 mm und einem Ringma\u00df von 26 pr\u00e4sentiert sich diese schlanke Sch\u00f6nheit als perfekte Begleiterin f\u00fcr den besonderen Moment. Gefertigt in der legend\u00e4ren El Laguito Manufaktur, vereint sie erlesene Tabake aus der Vuelta Abajo Region. Die dreifache Fermentation der Tabake &#8211; ein Privileg der Marke Cohiba &#8211; verleiht dieser Zigarre ihren unverwechselbaren Charakter. \u2022 Format: Laguito No. 3 (Panetelas) \u2022 L\u00e4nge: 115&#8230;<\/p>","protected":false},"featured_media":35471,"comment_status":"closed","ping_status":"closed","template":"","meta":{"_acf_changed":false},"etheme_brands":[{"term_id":186,"name":"Cohiba","slug":"cohiba","term_group":0,"term_taxonomy_id":186,"taxonomy":"brand","description":"[elementor-template id=\"15563\"]","parent":0,"count":60,"filter":"raw"}],"product_cat":[168,169,140,514],"product_tag":[],"class_list":{"0":"post-25602","1":"product","2":"type-product","3":"status-publish","4":"has-post-thumbnail","6":"brand-cohiba","7":"product_cat-zigarren","8":"product_cat-cuba","9":"product_cat-cohiba","10":"product_cat-classic","11":"pa_laenge-1240","12":"pa_orderable-yes","13":"pa_ringmass-1181","14":"pa_verpackungseinheit-25er-kiste","15":"pa_verpackungseinheit-5er-schachtel","16":"pa_verpackungseinheit-einzeln","18":"first","19":"instock","20":"taxable","21":"shipping-taxable","22":"purchasable","23":"product-type-variable"},"acf":[],"_links":{"self":[{"href":"https:\/\/www.lcdh-bonn.de\/es\/wp-json\/wp\/v2\/product\/25602","targetHints":{"allow":["GET"]}}],"collection":[{"href":"https:\/\/www.lcdh-bonn.de\/es\/wp-json\/wp\/v2\/product"}],"about":[{"href":"https:\/\/www.lcdh-bonn.de\/es\/wp-json\/wp\/v2\/types\/product"}],"replies":[{"embeddable":true,"href":"https:\/\/www.lcdh-bonn.de\/es\/wp-json\/wp\/v2\/comments?post=25602"}],"wp:featuredmedia":[{"embeddable":true,"href":"https:\/\/www.lcdh-bonn.de\/es\/wp-json\/wp\/v2\/media\/35471"}],"wp:attachment":[{"href":"https:\/\/www.lcdh-bonn.de\/es\/wp-json\/wp\/v2\/media?parent=25602"}],"wp:term":[{"taxonomy":"brand","embeddable":true,"href":"https:\/\/www.lcdh-bonn.de\/es\/wp-json\/wp\/v2\/etheme_brands?post=25602"},{"taxonomy":"product_cat","embeddable":true,"href":"https:\/\/www.lcdh-bonn.de\/es\/wp-json\/wp\/v2\/product_cat?post=25602"},{"taxonomy":"product_tag","embeddable":true,"href":"https:\/\/www.lcdh-bonn.de\/es\/wp-json\/wp\/v2\/product_tag?post=25602"}],"curies":[{"name":"wp","href":"https:\/\/api.w.org\/{rel}","templated":true}]}}