{"id":25606,"date":"2022-08-02T19:54:13","date_gmt":"2022-08-02T17:54:13","guid":{"rendered":"https:\/\/torbru.athene.wpspace.me\/product\/cohiba-piramides-extra\/"},"modified":"2026-01-14T18:18:10","modified_gmt":"2026-01-14T16:18:10","slug":"cohiba-linea-clasica-piramides-extra","status":"publish","type":"product","link":"https:\/\/www.lcdh-bonn.de\/es\/producto\/cohiba-linea-clasica-piramides-extra\/","title":{"rendered":"Cohiba L\u00ednea Cl\u00e1sica Pir\u00e1mides Extra"},"content":{"rendered":"<p>Die Cohiba Piramides Extra verk\u00f6rpert die Quintessenz kubanischer Zigarrenkunst in ihrer elegantesten Form. Diese majest\u00e4tische Vitola im klassischen Piramides-Format besticht durch ihre perfekte Verarbeitung und repr\u00e4sentiert die Spitzenposition der Marke Cohiba.<\/p>\n<p>Kenner sch\u00e4tzen die charakteristische Tabakmischung aus den feinsten Vegas Finas de Primera in der Region Pinar del R\u00edo, die durch den zus\u00e4tzlichen Fermentationsprozess &#8220;El Tercio&#8221; ihr unverwechselbares Aromenprofil erh\u00e4lt. Erfahrene Aficionados berichten von einem komplexen Bouquet aus ger\u00f6steten Kaffeebohnen, dunkler Schokolade und feinen Ledernoten, unterlegt mit dezenten Ankl\u00e4ngen von Zedernholz und cremiger Vanille.<\/p>\n<ul style=\"margin-left:20px;\">\n\u2022 Format: Piramides Extra<br \/>\n\u2022 L\u00e4nge: 160 mm<br \/>\n\u2022 Ringma\u00df: 54<br \/>\n\u2022 St\u00e4rke: Medium bis kr\u00e4ftig<br \/>\n\u2022 Rauchdauer: ca. 75-90 Minuten<br \/>\n\u2022 Herkunft: Kuba, Pinar del R\u00edo<br \/>\n\u2022 Verpackung: 10er Kiste, Einzeln erh\u00e4ltlich\n<\/ul>\n<p>Der Rauchverlauf entwickelt sich von anf\u00e4nglich samtweichen Aromen zu einer ausgewogenen Komplexit\u00e4t im mittleren Drittel, um im Finale mit einer beeindruckenden Intensit\u00e4t zu \u00fcberzeugen. Als Flaggschiff der kubanischen Zigarrenindustrie eignet sich diese Ausnahme-Vitola besonders f\u00fcr besondere Anl\u00e4sse, kontemplative Abende oder als kr\u00f6nender Abschluss eines gelungenen Dinners.<\/p>\n<p>Hersteller-\/Inverkehrbringerinformation:<br \/>\n5THAVENUE Products Trading-GmbH<br \/>\nSchwarzenbergstra\u00dfe 3-7<br \/>\nD-79761 Waldshut-Tiengen<br \/>\ninfo@5thAvenue.de<\/p>","protected":false},"excerpt":{"rendered":"<p>Die Cohiba Piramides Extra verk\u00f6rpert die Quintessenz kubanischer Zigarrenkunst in ihrer elegantesten Form. Diese majest\u00e4tische Vitola im klassischen Piramides-Format besticht durch ihre perfekte Verarbeitung und repr\u00e4sentiert die Spitzenposition der Marke Cohiba. Kenner sch\u00e4tzen die charakteristische Tabakmischung aus den feinsten Vegas Finas de Primera in der Region Pinar del R\u00edo, die durch den zus\u00e4tzlichen Fermentationsprozess &#8220;El Tercio&#8221; ihr unverwechselbares Aromenprofil erh\u00e4lt. Erfahrene Aficionados berichten von einem komplexen Bouquet aus ger\u00f6steten Kaffeebohnen, dunkler Schokolade und feinen Ledernoten, unterlegt mit dezenten Ankl\u00e4ngen von&#8230;<\/p>","protected":false},"featured_media":35472,"comment_status":"closed","ping_status":"closed","template":"","meta":{"_acf_changed":false},"etheme_brands":[{"term_id":186,"name":"Cohiba","slug":"cohiba","term_group":0,"term_taxonomy_id":186,"taxonomy":"brand","description":"[elementor-template id=\"15563\"]","parent":0,"count":60,"filter":"raw"}],"product_cat":[168,169,140,514],"product_tag":[],"class_list":{"0":"post-25606","1":"product","2":"type-product","3":"status-publish","4":"has-post-thumbnail","6":"brand-cohiba","7":"product_cat-zigarren","8":"product_cat-cuba","9":"product_cat-cohiba","10":"product_cat-classic","11":"pa_laenge-1182","12":"pa_orderable-no","13":"pa_ringmass-1241","14":"pa_verpackungseinheit-10er-kiste","15":"pa_verpackungseinheit-einzeln","17":"first","18":"outofstock","19":"taxable","20":"shipping-taxable","21":"purchasable","22":"product-type-variable"},"acf":[],"_links":{"self":[{"href":"https:\/\/www.lcdh-bonn.de\/es\/wp-json\/wp\/v2\/product\/25606","targetHints":{"allow":["GET"]}}],"collection":[{"href":"https:\/\/www.lcdh-bonn.de\/es\/wp-json\/wp\/v2\/product"}],"about":[{"href":"https:\/\/www.lcdh-bonn.de\/es\/wp-json\/wp\/v2\/types\/product"}],"replies":[{"embeddable":true,"href":"https:\/\/www.lcdh-bonn.de\/es\/wp-json\/wp\/v2\/comments?post=25606"}],"wp:featuredmedia":[{"embeddable":true,"href":"https:\/\/www.lcdh-bonn.de\/es\/wp-json\/wp\/v2\/media\/35472"}],"wp:attachment":[{"href":"https:\/\/www.lcdh-bonn.de\/es\/wp-json\/wp\/v2\/media?parent=25606"}],"wp:term":[{"taxonomy":"brand","embeddable":true,"href":"https:\/\/www.lcdh-bonn.de\/es\/wp-json\/wp\/v2\/etheme_brands?post=25606"},{"taxonomy":"product_cat","embeddable":true,"href":"https:\/\/www.lcdh-bonn.de\/es\/wp-json\/wp\/v2\/product_cat?post=25606"},{"taxonomy":"product_tag","embeddable":true,"href":"https:\/\/www.lcdh-bonn.de\/es\/wp-json\/wp\/v2\/product_tag?post=25606"}],"curies":[{"name":"wp","href":"https:\/\/api.w.org\/{rel}","templated":true}]}}