{"id":25628,"date":"2022-08-02T19:54:13","date_gmt":"2022-08-02T17:54:13","guid":{"rendered":"https:\/\/torbru.athene.wpspace.me\/product\/cohiba-siglo-i-a-t\/"},"modified":"2026-02-19T15:26:05","modified_gmt":"2026-02-19T13:26:05","slug":"cohiba-linea-1492-siglo-serie-siglo-i-a-t","status":"publish","type":"product","link":"https:\/\/www.lcdh-bonn.de\/es\/producto\/cohiba-linea-1492-siglo-serie-siglo-i-a-t\/","title":{"rendered":"Cohiba Linea 1492 | Serie Siglo Siglo I A\/T"},"content":{"rendered":"<p>Die Cohiba Siglo I A\/T pr\u00e4sentiert sich als elegante Vertreterin der prestigetr\u00e4chtigen L\u00ednea 1492 Serie. Im klassischen Perlas-Format mit einer L\u00e4nge von 102 mm und einem Ringma\u00df von 40 verk\u00f6rpert sie die perfekte Einstiegszigarre in die Welt der legend\u00e4ren Cohiba.<\/p>\n<p>Handgefertigt in der renommierten El Laguito Manufaktur in Havanna, vereint sie ausschlie\u00dflich Tabake aus der Vuelta Abajo Region. Die charakteristische dreifache Fermentation der Tabake verleiht dieser Habano ihre unverwechselbare Finesse.<\/p>\n<ul style=\"margin-left:20px;\">\n\u2022 Format: Perlas<br \/>\n\u2022 L\u00e4nge: 102 mm<br \/>\n\u2022 Ringma\u00df: 40<br \/>\n\u2022 St\u00e4rke: Medium<br \/>\n\u2022 Rauchdauer: ca. 20-25 Minuten<br \/>\n\u2022 Verpackung: 3er Schachtel, Einzeln erh\u00e4ltlich<br \/>\n\u2022 Besonderheit: Aluminium-Tube (A\/T)\n<\/ul>\n<p>Kenner sch\u00e4tzen das komplexe Aromenprofil mit seinen subtilen Noten von ger\u00f6steten N\u00fcssen und edlen H\u00f6lzern. Erfahrene Aficionados berichten von einem samtigen Kakao-Unterton, der sich mit dezenten Gew\u00fcrznoten verbindet.<\/p>\n<p>Der Rauchverlauf entwickelt sich harmonisch von einem sanften Auftakt zu einer ausgewogenen mittleren St\u00e4rke. Ideal f\u00fcr eine genussvolle Pause am Nachmittag oder als eleganter Abschluss eines Gesch\u00e4ftsessens.<\/p>\n<p>Hersteller-\/Inverkehrbringerinformation:<br \/>\n5THAVENUE Products Trading-GmbH<br \/>\nSchwarzenbergstra\u00dfe 3-7<br \/>\nD-79761 Waldshut-Tiengen<br \/>\ninfo@5thAvenue.de<\/p>","protected":false},"excerpt":{"rendered":"<p>Die Cohiba Siglo I A\/T pr\u00e4sentiert sich als elegante Vertreterin der prestigetr\u00e4chtigen L\u00ednea 1492 Serie. Im klassischen Perlas-Format mit einer L\u00e4nge von 102 mm und einem Ringma\u00df von 40 verk\u00f6rpert sie die perfekte Einstiegszigarre in die Welt der legend\u00e4ren Cohiba. Handgefertigt in der renommierten El Laguito Manufaktur in Havanna, vereint sie ausschlie\u00dflich Tabake aus der Vuelta Abajo Region. Die charakteristische dreifache Fermentation der Tabake verleiht dieser Habano ihre unverwechselbare Finesse. \u2022 Format: Perlas \u2022 L\u00e4nge: 102 mm \u2022 Ringma\u00df: 40&#8230;<\/p>","protected":false},"featured_media":35479,"comment_status":"closed","ping_status":"open","template":"","meta":{"_acf_changed":false},"etheme_brands":[{"term_id":186,"name":"Cohiba","slug":"cohiba","term_group":0,"term_taxonomy_id":186,"taxonomy":"brand","description":"[elementor-template id=\"15563\"]","parent":0,"count":60,"filter":"raw"}],"product_cat":[168,169,140,516],"product_tag":[],"class_list":{"0":"post-25628","1":"product","2":"type-product","3":"status-publish","4":"has-post-thumbnail","6":"brand-cohiba","7":"product_cat-zigarren","8":"product_cat-cuba","9":"product_cat-cohiba","10":"product_cat-linea-1492-siglo","11":"pa_laenge-1177","12":"pa_orderable-no","13":"pa_ringmass-1174","14":"pa_verpackungseinheit-3er-schachtel","15":"pa_verpackungseinheit-einzeln","17":"first","18":"instock","19":"taxable","20":"shipping-taxable","21":"product-type-variable"},"acf":[],"_links":{"self":[{"href":"https:\/\/www.lcdh-bonn.de\/es\/wp-json\/wp\/v2\/product\/25628","targetHints":{"allow":["GET"]}}],"collection":[{"href":"https:\/\/www.lcdh-bonn.de\/es\/wp-json\/wp\/v2\/product"}],"about":[{"href":"https:\/\/www.lcdh-bonn.de\/es\/wp-json\/wp\/v2\/types\/product"}],"replies":[{"embeddable":true,"href":"https:\/\/www.lcdh-bonn.de\/es\/wp-json\/wp\/v2\/comments?post=25628"}],"wp:featuredmedia":[{"embeddable":true,"href":"https:\/\/www.lcdh-bonn.de\/es\/wp-json\/wp\/v2\/media\/35479"}],"wp:attachment":[{"href":"https:\/\/www.lcdh-bonn.de\/es\/wp-json\/wp\/v2\/media?parent=25628"}],"wp:term":[{"taxonomy":"brand","embeddable":true,"href":"https:\/\/www.lcdh-bonn.de\/es\/wp-json\/wp\/v2\/etheme_brands?post=25628"},{"taxonomy":"product_cat","embeddable":true,"href":"https:\/\/www.lcdh-bonn.de\/es\/wp-json\/wp\/v2\/product_cat?post=25628"},{"taxonomy":"product_tag","embeddable":true,"href":"https:\/\/www.lcdh-bonn.de\/es\/wp-json\/wp\/v2\/product_tag?post=25628"}],"curies":[{"name":"wp","href":"https:\/\/api.w.org\/{rel}","templated":true}]}}