{"id":25678,"date":"2022-08-02T19:54:50","date_gmt":"2022-08-02T17:54:50","guid":{"rendered":"https:\/\/torbru.athene.wpspace.me\/product\/cuaba-salomones\/"},"modified":"2026-01-29T13:41:46","modified_gmt":"2026-01-29T11:41:46","slug":"cuaba-salomones","status":"publish","type":"product","link":"https:\/\/www.lcdh-bonn.de\/es\/producto\/cuaba-salomones\/","title":{"rendered":"Cuaba Salomones"},"content":{"rendered":"<p>Die Cuaba Salomones verk\u00f6rpert kubanische Zigarrenkunst in ihrer elegantesten Form. Diese vollst\u00e4ndig von Hand gefertigte Figurado besticht durch ihr imposantes Salomon-Format mit einer L\u00e4nge von 184 mm und einem Ringma\u00df von 57.<\/p>\n<p>Gefertigt in der renommierten El Laguito Manufaktur aus erlesenen Tabaken der Vuelta Abajo Region, pr\u00e4sentiert sich diese Premiumzigarre in der charakteristischen Doppelfigurado-Form, dem Markenzeichen von Cuaba.<\/p>\n<ul>\n\u2022 Format: Salomon (Doppelfigurado)<br \/>\n\u2022 L\u00e4nge: 184 mm<br \/>\n\u2022 Ringma\u00df: 57<br \/>\n\u2022 St\u00e4rke: Medium bis kr\u00e4ftig<br \/>\n\u2022 Rauchdauer: ca. 90-120 Minuten<br \/>\n\u2022 Herkunft: Kuba, Vuelta Abajo<br \/>\n\u2022 Verpackung: 10er Kiste, Einzeln erh\u00e4ltlich\n<\/ul>\n<p>Kenner sch\u00e4tzen das komplexe Aromenprofil mit Noten von ger\u00f6steten N\u00fcssen, dunkler Schokolade und einem Hauch von Leder. Im letzten Drittel entwickeln sich zus\u00e4tzlich w\u00fcrzige Holznoten und eine subtile S\u00fc\u00dfe.<\/p>\n<p>Die 1996 eingef\u00fchrte Marke Cuaba ist eine Hommage an die traditionelle kubanische Zigarrenform des 19. Jahrhunderts. Jede Salomones wird von erfahrenen Torcedores in aufwendiger Handarbeit gefertigt.<\/p>\n<p>Ein perfekter Begleiter f\u00fcr besondere Anl\u00e4sse, kontemplative Abende oder als kr\u00f6nender Abschluss eines gelungenen Dinners.<\/p>\n<p>Hersteller-\/Inverkehrbringerinformation:<br \/>\n5THAVENUE Products Trading-GmbH<br \/>\nSchwarzenbergstra\u00dfe 3-7<br \/>\nD-79761 Waldshut-Tiengen<br \/>\ninfo@5thAvenue.de<\/p>","protected":false},"excerpt":{"rendered":"<p>Die Cuaba Salomones verk\u00f6rpert kubanische Zigarrenkunst in ihrer elegantesten Form. Diese vollst\u00e4ndig von Hand gefertigte Figurado besticht durch ihr imposantes Salomon-Format mit einer L\u00e4nge von 184 mm und einem Ringma\u00df von 57. Gefertigt in der renommierten El Laguito Manufaktur aus erlesenen Tabaken der Vuelta Abajo Region, pr\u00e4sentiert sich diese Premiumzigarre in der charakteristischen Doppelfigurado-Form, dem Markenzeichen von Cuaba. \u2022 Format: Salomon (Doppelfigurado) \u2022 L\u00e4nge: 184 mm \u2022 Ringma\u00df: 57 \u2022 St\u00e4rke: Medium bis kr\u00e4ftig \u2022 Rauchdauer: ca. 90-120 Minuten \u2022&#8230;<\/p>","protected":false},"featured_media":36104,"comment_status":"closed","ping_status":"closed","template":"","meta":{"_acf_changed":false},"etheme_brands":[{"term_id":187,"name":"Cuaba","slug":"cuaba","term_group":0,"term_taxonomy_id":187,"taxonomy":"brand","description":"[elementor-template id=\"15563\"]","parent":0,"count":4,"filter":"raw"}],"product_cat":[168,169,141],"product_tag":[],"class_list":{"0":"post-25678","1":"product","2":"type-product","3":"status-publish","4":"has-post-thumbnail","6":"brand-cuaba","7":"product_cat-zigarren","8":"product_cat-cuba","9":"product_cat-cuaba","10":"pa_laenge-1227","11":"pa_orderable-no","12":"pa_ringmass-1248","13":"pa_verpackungseinheit-10er-kiste","14":"pa_verpackungseinheit-einzeln","16":"first","17":"outofstock","18":"taxable","19":"shipping-taxable","20":"product-type-variable"},"acf":[],"_links":{"self":[{"href":"https:\/\/www.lcdh-bonn.de\/es\/wp-json\/wp\/v2\/product\/25678","targetHints":{"allow":["GET"]}}],"collection":[{"href":"https:\/\/www.lcdh-bonn.de\/es\/wp-json\/wp\/v2\/product"}],"about":[{"href":"https:\/\/www.lcdh-bonn.de\/es\/wp-json\/wp\/v2\/types\/product"}],"replies":[{"embeddable":true,"href":"https:\/\/www.lcdh-bonn.de\/es\/wp-json\/wp\/v2\/comments?post=25678"}],"wp:featuredmedia":[{"embeddable":true,"href":"https:\/\/www.lcdh-bonn.de\/es\/wp-json\/wp\/v2\/media\/36104"}],"wp:attachment":[{"href":"https:\/\/www.lcdh-bonn.de\/es\/wp-json\/wp\/v2\/media?parent=25678"}],"wp:term":[{"taxonomy":"brand","embeddable":true,"href":"https:\/\/www.lcdh-bonn.de\/es\/wp-json\/wp\/v2\/etheme_brands?post=25678"},{"taxonomy":"product_cat","embeddable":true,"href":"https:\/\/www.lcdh-bonn.de\/es\/wp-json\/wp\/v2\/product_cat?post=25678"},{"taxonomy":"product_tag","embeddable":true,"href":"https:\/\/www.lcdh-bonn.de\/es\/wp-json\/wp\/v2\/product_tag?post=25678"}],"curies":[{"name":"wp","href":"https:\/\/api.w.org\/{rel}","templated":true}]}}