{"id":25690,"date":"2022-08-02T19:54:50","date_gmt":"2022-08-02T17:54:50","guid":{"rendered":"https:\/\/torbru.athene.wpspace.me\/product\/el-rey-del-mundo-demi-tasse\/"},"modified":"2026-02-14T17:24:48","modified_gmt":"2026-02-14T15:24:48","slug":"el-rey-del-mundo-demi-tasse","status":"publish","type":"product","link":"https:\/\/www.lcdh-bonn.de\/es\/producto\/el-rey-del-mundo-demi-tasse\/","title":{"rendered":"El Rey del Mundo Demi mug"},"content":{"rendered":"<p>Die El Rey del Mundo Demi Tasse verk\u00f6rpert kubanische Zigarrenkunst im eleganten Entreactos-Format. Diese klassische Vitola pr\u00e4sentiert sich mit einer L\u00e4nge von 30 mm bei einem Ringma\u00df von 100 (39,7 mm) als idealer Begleiter f\u00fcr den kurzen, aber intensiven Genussmoment.<\/p>\n<p>Gefertigt aus erlesenen Tabaken der Region Pinar del R\u00edo, vereint diese Habano die charakteristische W\u00fcrze der Vuelta Abajo mit einer ausgewogenen Komplexit\u00e4t. Kenner sch\u00e4tzen die mittelkr\u00e4ftige Ausrichtung dieser handgefertigten Zigarre.<\/p>\n<ul style=\"margin-left:20px;\">\n\u2022 Format: Entreactos<br \/>\n\u2022 L\u00e4nge: 30 mm<br \/>\n\u2022 Ringma\u00df: 100 (39,7 mm)<br \/>\n\u2022 St\u00e4rke: mittelkr\u00e4ftig<br \/>\n\u2022 Rauchdauer: ca. 15-20 Minuten<br \/>\n\u2022 Verpackung: 25er Kiste, Einzeln erh\u00e4ltlich\n<\/ul>\n<p>Erfahrene Aficionados berichten von einem ausdrucksvollen Aromenprofil mit Noten von ger\u00f6steten N\u00fcssen, feiner Holzw\u00fcrze und einem Hauch von Kakao. Der Rauchverlauf entwickelt sich harmonisch und bietet trotz des kompakten Formats eine bemerkenswerte Entwicklung.<\/p>\n<p>Die 1848 gegr\u00fcndete Marke El Rey del Mundo (&#8220;K\u00f6nig der Welt&#8221;) z\u00e4hlt zu den \u00e4ltesten kubanischen Zigarrenmarken und steht f\u00fcr zeitlose Eleganz und traditionelle Handwerkskunst.<\/p>\n<p>Eine perfekte Wahl f\u00fcr die Kaffeepause, den Business-Lunch oder als stilvollen Tagesabschluss.<\/p>\n<p><small>Hersteller-\/Inverkehrbringerinformation:<br \/>\n5THAVENUE Products Trading-GmbH<br \/>\nSchwarzenbergstra\u00dfe 3-7<br \/>\nD-79761 Waldshut-Tiengen<br \/>\ninfo@5thAvenue.de<\/small><\/p>","protected":false},"excerpt":{"rendered":"<p>Die El Rey del Mundo Demi Tasse verk\u00f6rpert kubanische Zigarrenkunst im eleganten Entreactos-Format. Diese klassische Vitola pr\u00e4sentiert sich mit einer L\u00e4nge von 30 mm bei einem Ringma\u00df von 100 (39,7 mm) als idealer Begleiter f\u00fcr den kurzen, aber intensiven Genussmoment. Gefertigt aus erlesenen Tabaken der Region Pinar del R\u00edo, vereint diese Habano die charakteristische W\u00fcrze der Vuelta Abajo mit einer ausgewogenen Komplexit\u00e4t. Kenner sch\u00e4tzen die mittelkr\u00e4ftige Ausrichtung dieser handgefertigten Zigarre. \u2022 Format: Entreactos \u2022 L\u00e4nge: 30 mm \u2022 Ringma\u00df: 100&#8230;<\/p>","protected":false},"featured_media":35498,"comment_status":"closed","ping_status":"closed","template":"","meta":{"_acf_changed":false},"etheme_brands":[{"term_id":189,"name":"El Rey del Mundo","slug":"el-rey-del-mundo","term_group":0,"term_taxonomy_id":189,"taxonomy":"brand","description":"[elementor-template id=\"15563\"]","parent":0,"count":1,"filter":"raw"}],"product_cat":[168,169,143],"product_tag":[],"class_list":{"0":"post-25690","1":"product","2":"type-product","3":"status-publish","4":"has-post-thumbnail","6":"brand-el-rey-del-mundo","7":"product_cat-zigarren","8":"product_cat-cuba","9":"product_cat-el-rey-del-mundo","10":"pa_laenge-1179","11":"pa_orderable-no","12":"pa_ringmass-1187","13":"pa_verpackungseinheit-25er-kiste","14":"pa_verpackungseinheit-einzeln","16":"first","17":"instock","18":"taxable","19":"shipping-taxable","20":"product-type-variable"},"acf":[],"_links":{"self":[{"href":"https:\/\/www.lcdh-bonn.de\/es\/wp-json\/wp\/v2\/product\/25690","targetHints":{"allow":["GET"]}}],"collection":[{"href":"https:\/\/www.lcdh-bonn.de\/es\/wp-json\/wp\/v2\/product"}],"about":[{"href":"https:\/\/www.lcdh-bonn.de\/es\/wp-json\/wp\/v2\/types\/product"}],"replies":[{"embeddable":true,"href":"https:\/\/www.lcdh-bonn.de\/es\/wp-json\/wp\/v2\/comments?post=25690"}],"wp:featuredmedia":[{"embeddable":true,"href":"https:\/\/www.lcdh-bonn.de\/es\/wp-json\/wp\/v2\/media\/35498"}],"wp:attachment":[{"href":"https:\/\/www.lcdh-bonn.de\/es\/wp-json\/wp\/v2\/media?parent=25690"}],"wp:term":[{"taxonomy":"brand","embeddable":true,"href":"https:\/\/www.lcdh-bonn.de\/es\/wp-json\/wp\/v2\/etheme_brands?post=25690"},{"taxonomy":"product_cat","embeddable":true,"href":"https:\/\/www.lcdh-bonn.de\/es\/wp-json\/wp\/v2\/product_cat?post=25690"},{"taxonomy":"product_tag","embeddable":true,"href":"https:\/\/www.lcdh-bonn.de\/es\/wp-json\/wp\/v2\/product_tag?post=25690"}],"curies":[{"name":"wp","href":"https:\/\/api.w.org\/{rel}","templated":true}]}}