{"id":25712,"date":"2022-08-02T19:54:50","date_gmt":"2022-08-02T17:54:50","guid":{"rendered":"https:\/\/torbru.athene.wpspace.me\/product\/guantanamera-mini\/"},"modified":"2026-03-26T18:57:05","modified_gmt":"2026-03-26T16:57:05","slug":"guantanamera-mini","status":"publish","type":"product","link":"https:\/\/www.lcdh-bonn.de\/es\/producto\/guantanamera-mini\/","title":{"rendered":"Guantanamera Mini"},"content":{"rendered":"<p>Die Guantanamera Mini verk\u00f6rpert den authentischen Charakter kubanischer Zigarrenkunst in kompakter Form. Diese handgefertigte Zigarre aus der Region Pinar del R\u00edo pr\u00e4sentiert sich im klassischen Mini Format mit einer L\u00e4nge von 111,1 mm und einem Ringma\u00df von 42.<\/p>\n<div style=\"text-align: center;\">\n\u2022 Format: Mini (Cuba)<br \/>\n\u2022 L\u00e4nge: 111,1 mm<br \/>\n\u2022 Ringma\u00df: 42<br \/>\n\u2022 St\u00e4rke: mild bis medium<br \/>\n\u2022 Rauchdauer: ca. 20-25 Minuten<br \/>\n\u2022 Verpackung: 20er Schachtel\n<\/div>\n<p>Kenner sch\u00e4tzen das ausgewogene Aromenprofil mit dezenten Noten von Zedernholz, leichter W\u00fcrze und einem Hauch von Vanille. Im Rauchverlauf entwickelt sich eine angenehme Komplexit\u00e4t, die besonders Einsteiger in die Welt der kubanischen Zigarren begeistert.<\/p>\n<p>Die Marke Guantanamera, benannt nach dem weltbekannten kubanischen Volkslied, wurde 2002 als zug\u00e4ngliche Premium-Zigarre eingef\u00fchrt. Sie vereint traditionelle Handwerkskunst mit ausgew\u00e4hlten Tabaken aus der Vuelta Arriba Region.<\/p>\n<p>Ideal f\u00fcr die kurze Genu\u00dfpause zwischendurch, auf der Terrasse oder als entspannter Tagesausklang. Die Mini \u00fcberzeugt durch ihr ausgezeichnetes Preis-Leistungs-Verh\u00e4ltnis und konstante Qualit\u00e4t.<\/p>\n<p>Hersteller-\/Inverkehrbringerinformation:<br \/>\n5THAVENUE Products Trading-GmbH<br \/>\nSchwarzenbergstra\u00dfe 3-7<br \/>\nD-79761 Waldshut-Tiengen<br \/>\ninfo@5thAvenue.de<\/p>","protected":false},"excerpt":{"rendered":"<p>Die Guantanamera Mini verk\u00f6rpert den authentischen Charakter kubanischer Zigarrenkunst in kompakter Form. Diese handgefertigte Zigarre aus der Region Pinar del R\u00edo pr\u00e4sentiert sich im klassischen Mini Format mit einer L\u00e4nge von 111,1 mm und einem Ringma\u00df von 42. \u2022 Format: Mini (Cuba) \u2022 L\u00e4nge: 111,1 mm \u2022 Ringma\u00df: 42 \u2022 St\u00e4rke: mild bis medium \u2022 Rauchdauer: ca. 20-25 Minuten \u2022 Verpackung: 20er Schachtel Kenner sch\u00e4tzen das ausgewogene Aromenprofil mit dezenten Noten von Zedernholz, leichter W\u00fcrze und einem Hauch von Vanille&#8230;.<\/p>","protected":false},"featured_media":0,"comment_status":"closed","ping_status":"open","template":"","meta":{"_acf_changed":false},"etheme_brands":[{"term_id":191,"name":"Guantanamera","slug":"guantanamera","term_group":0,"term_taxonomy_id":191,"taxonomy":"brand","description":"[elementor-template id=\"15563\"]","parent":0,"count":7,"filter":"raw"}],"product_cat":[168,169,145],"product_tag":[],"class_list":{"0":"post-25712","1":"product","2":"type-product","3":"status-publish","5":"brand-guantanamera","6":"product_cat-zigarren","7":"product_cat-cuba","8":"product_cat-guantanamera","9":"pa_laenge-1176","10":"pa_orderable-yes","11":"pa_ringmass-1255","12":"pa_verpackungseinheit-20er-schachtel","14":"first","15":"instock","16":"taxable","17":"shipping-taxable","18":"purchasable","19":"product-type-variable"},"acf":[],"_links":{"self":[{"href":"https:\/\/www.lcdh-bonn.de\/es\/wp-json\/wp\/v2\/product\/25712","targetHints":{"allow":["GET"]}}],"collection":[{"href":"https:\/\/www.lcdh-bonn.de\/es\/wp-json\/wp\/v2\/product"}],"about":[{"href":"https:\/\/www.lcdh-bonn.de\/es\/wp-json\/wp\/v2\/types\/product"}],"replies":[{"embeddable":true,"href":"https:\/\/www.lcdh-bonn.de\/es\/wp-json\/wp\/v2\/comments?post=25712"}],"wp:attachment":[{"href":"https:\/\/www.lcdh-bonn.de\/es\/wp-json\/wp\/v2\/media?parent=25712"}],"wp:term":[{"taxonomy":"brand","embeddable":true,"href":"https:\/\/www.lcdh-bonn.de\/es\/wp-json\/wp\/v2\/etheme_brands?post=25712"},{"taxonomy":"product_cat","embeddable":true,"href":"https:\/\/www.lcdh-bonn.de\/es\/wp-json\/wp\/v2\/product_cat?post=25712"},{"taxonomy":"product_tag","embeddable":true,"href":"https:\/\/www.lcdh-bonn.de\/es\/wp-json\/wp\/v2\/product_tag?post=25712"}],"curies":[{"name":"wp","href":"https:\/\/api.w.org\/{rel}","templated":true}]}}