{"id":25719,"date":"2022-08-02T19:55:28","date_gmt":"2022-08-02T17:55:28","guid":{"rendered":"https:\/\/torbru.athene.wpspace.me\/product\/guantanamera-seleccion\/"},"modified":"2026-03-26T18:57:07","modified_gmt":"2026-03-26T16:57:07","slug":"guantanamera-seleccion","status":"publish","type":"product","link":"https:\/\/www.lcdh-bonn.de\/es\/producto\/guantanamera-seleccion\/","title":{"rendered":"Guantanamera Selecci\u00f3n"},"content":{"rendered":"<p>Die Guantanamera Seleccion verk\u00f6rpert die Seele Kubas in einer erschwinglichen Qualit\u00e4tszigarre. Diese Cristales im klassischen Format 5 7\/8 x 42 (149 x 16,67 mm) wird vollst\u00e4ndig aus kubanischen Tabaken gefertigt.<\/p>\n<div style=\"text-align: center;\">\n\u2022 Format: Cristales (Corona)<br \/>\n\u2022 L\u00e4nge: 149 mm<br \/>\n\u2022 Ringma\u00df: 42<br \/>\n\u2022 Deckblatt: Kuba<br \/>\n\u2022 Umblatt: Kuba<br \/>\n\u2022 Einlage: Kuba<br \/>\n\u2022 St\u00e4rke: mild bis medium<br \/>\n\u2022 Rauchdauer: ca. 45-55 Minuten<br \/>\n\u2022 Verpackung: 15er Kiste\n<\/div>\n<p>Kenner sch\u00e4tzen die sanften Noten von ger\u00f6steten N\u00fcssen und Zedernholz. Andere Aficionados berichten von dezenten Ankl\u00e4ngen von Vanille und einem Hauch Kakao im letzten Drittel.<\/p>\n<p>Die Marke Guantanamera, benannt nach dem weltbekannten kubanischen Volkslied, wurde 2002 als zug\u00e4ngliche Alternative zu den traditionellen Habanos-Marken eingef\u00fchrt. Sie richtet sich sowohl an Einsteiger als auch an erfahrene Genie\u00dfer, die eine unkomplizierte kubanische Zigarre f\u00fcr den Alltag suchen.<\/p>\n<p>Ideal f\u00fcr entspannte Momente am Nachmittag, als Begleitung zum Caf\u00e9 oder als Einsteigerzigarre f\u00fcr besondere Anl\u00e4sse. Die ausgewogene Kombination aus Qualit\u00e4t und Zug\u00e4nglichkeit macht sie zum perfekten Begleiter f\u00fcr jeden Zigarrenliebhaber.<\/p>\n<p>Hersteller-\/Inverkehrbringerinformation:<br \/>\n5THAVENUE Products Trading-GmbH<br \/>\nSchwarzenbergstra\u00dfe 3-7<br \/>\nD-79761 Waldshut-Tiengen<br \/>\ninfo@5thAvenue.de<\/p>","protected":false},"excerpt":{"rendered":"<p>Die Guantanamera Seleccion verk\u00f6rpert die Seele Kubas in einer erschwinglichen Qualit\u00e4tszigarre. Diese Cristales im klassischen Format 5 7\/8 x 42 (149 x 16,67 mm) wird vollst\u00e4ndig aus kubanischen Tabaken gefertigt. \u2022 Format: Cristales (Corona) \u2022 L\u00e4nge: 149 mm \u2022 Ringma\u00df: 42 \u2022 Deckblatt: Kuba \u2022 Umblatt: Kuba \u2022 Einlage: Kuba \u2022 St\u00e4rke: mild bis medium \u2022 Rauchdauer: ca. 45-55 Minuten \u2022 Verpackung: 15er Kiste Kenner sch\u00e4tzen die sanften Noten von ger\u00f6steten N\u00fcssen und Zedernholz. Andere Aficionados berichten von dezenten Ankl\u00e4ngen&#8230;<\/p>","protected":false},"featured_media":30272,"comment_status":"closed","ping_status":"closed","template":"","meta":{"_acf_changed":false},"etheme_brands":[{"term_id":191,"name":"Guantanamera","slug":"guantanamera","term_group":0,"term_taxonomy_id":191,"taxonomy":"brand","description":"[elementor-template id=\"15563\"]","parent":0,"count":7,"filter":"raw"}],"product_cat":[168,169,145],"product_tag":[],"class_list":{"0":"post-25719","1":"product","2":"type-product","3":"status-publish","4":"has-post-thumbnail","6":"brand-guantanamera","7":"product_cat-zigarren","8":"product_cat-cuba","9":"product_cat-guantanamera","10":"pa_orderable-yes","11":"pa_verpackungseinheit-15er-kiste","13":"first","14":"instock","15":"sale","16":"taxable","17":"shipping-taxable","18":"purchasable","19":"product-type-variable"},"acf":[],"_links":{"self":[{"href":"https:\/\/www.lcdh-bonn.de\/es\/wp-json\/wp\/v2\/product\/25719","targetHints":{"allow":["GET"]}}],"collection":[{"href":"https:\/\/www.lcdh-bonn.de\/es\/wp-json\/wp\/v2\/product"}],"about":[{"href":"https:\/\/www.lcdh-bonn.de\/es\/wp-json\/wp\/v2\/types\/product"}],"replies":[{"embeddable":true,"href":"https:\/\/www.lcdh-bonn.de\/es\/wp-json\/wp\/v2\/comments?post=25719"}],"wp:featuredmedia":[{"embeddable":true,"href":"https:\/\/www.lcdh-bonn.de\/es\/wp-json\/wp\/v2\/media\/30272"}],"wp:attachment":[{"href":"https:\/\/www.lcdh-bonn.de\/es\/wp-json\/wp\/v2\/media?parent=25719"}],"wp:term":[{"taxonomy":"brand","embeddable":true,"href":"https:\/\/www.lcdh-bonn.de\/es\/wp-json\/wp\/v2\/etheme_brands?post=25719"},{"taxonomy":"product_cat","embeddable":true,"href":"https:\/\/www.lcdh-bonn.de\/es\/wp-json\/wp\/v2\/product_cat?post=25719"},{"taxonomy":"product_tag","embeddable":true,"href":"https:\/\/www.lcdh-bonn.de\/es\/wp-json\/wp\/v2\/product_tag?post=25719"}],"curies":[{"name":"wp","href":"https:\/\/api.w.org\/{rel}","templated":true}]}}