{"id":25745,"date":"2022-08-02T19:55:28","date_gmt":"2022-08-02T17:55:28","guid":{"rendered":"https:\/\/torbru.athene.wpspace.me\/product\/hoyo-de-monterrey-epicure-no-2\/"},"modified":"2026-03-02T11:47:28","modified_gmt":"2026-03-02T09:47:28","slug":"hoyo-de-monterrey-linea-epicure-epicure-no-2","status":"publish","type":"product","link":"https:\/\/www.lcdh-bonn.de\/es\/producto\/hoyo-de-monterrey-linea-epicure-epicure-no-2\/","title":{"rendered":"Hoyo de Monterrey L\u00ednea Epicure Epicure No.2"},"content":{"rendered":"<p>Die Hoyo de Monterrey Epicure No. 2 verk\u00f6rpert die Essenz kubanischer Zigarrenkunst im beliebten Robusto-Format. Diese Habano wird in der renommierten Region Pinar del R\u00edo aus erlesenen Tabaken der Vegas Finas de Primera gefertigt.<\/p>\n<p>Kenner sch\u00e4tzen das ausgewogene Medium-Blend dieser 124 mm langen Zigarre mit einem Ringma\u00df von 50. Die etwa 45-min\u00fctige Rauchdauer offenbart ein faszinierendes Aromenprofil. Erfahrene Aficionados berichten von samtigen Noten nach Zedernholz, feiner Cremigkeit und dezenten Ankl\u00e4ngen von Kakao. Andere Genie\u00dfer entdecken subtile Nuancen von ger\u00f6steten N\u00fcssen und einem Hauch von Vanille.<\/p>\n<div style=\"text-align: center;\">\n<strong>Produktdetails:<\/strong><br \/>\n\u2022 Format: Robusto<br \/>\n\u2022 L\u00e4nge: 124 mm<br \/>\n\u2022 Ringma\u00df: 50<br \/>\n\u2022 St\u00e4rke: Medium<br \/>\n\u2022 Herkunft: Kuba, Pinar del R\u00edo<br \/>\n\u2022 Verpackung: 25er Kiste, Einzelst\u00fcck\n<\/div>\n<p>Die Geschichte von Hoyo de Monterrey reicht bis ins Jahr 1865 zur\u00fcck, als Jos\u00e9 Gener die Marke in der ber\u00fchmten Vuelta Abajo Region gr\u00fcndete. Der Name &#8220;Hoyo&#8221; bezieht sich auf das besonders fruchtbare Tal, in dem die Tabakpflanzen gedeihen.<\/p>\n<p>Diese elegante Habano eignet sich hervorragend f\u00fcr entspannte Nachmittage, gesch\u00e4ftliche Anl\u00e4sse oder als kr\u00f6nender Abschluss eines gelungenen Dinners. Ein kubanischer Klassiker, der sowohl Einsteiger als auch erfahrene Aficionados begeistert.<\/p>\n<p><small>Hersteller-\/Inverkehrbringerinformation:<br \/>\n5THAVENUE Products Trading-GmbH<br \/>\nSchwarzenbergstra\u00dfe 3-7<br \/>\nD-79761 Waldshut-Tiengen<br \/>\ninfo@5thAvenue.de<\/small><\/p>","protected":false},"excerpt":{"rendered":"<p>Die Hoyo de Monterrey Epicure No. 2 verk\u00f6rpert die Essenz kubanischer Zigarrenkunst im beliebten Robusto-Format. Diese Habano wird in der renommierten Region Pinar del R\u00edo aus erlesenen Tabaken der Vegas Finas de Primera gefertigt. Kenner sch\u00e4tzen das ausgewogene Medium-Blend dieser 124 mm langen Zigarre mit einem Ringma\u00df von 50. Die etwa 45-min\u00fctige Rauchdauer offenbart ein faszinierendes Aromenprofil. Erfahrene Aficionados berichten von samtigen Noten nach Zedernholz, feiner Cremigkeit und dezenten Ankl\u00e4ngen von Kakao. Andere Genie\u00dfer entdecken subtile Nuancen von ger\u00f6steten N\u00fcssen&#8230;<\/p>","protected":false},"featured_media":35510,"comment_status":"closed","ping_status":"closed","template":"","meta":{"_acf_changed":false},"etheme_brands":[{"term_id":192,"name":"Hoyo de Monterrey","slug":"hoyo-de-monterrey","term_group":0,"term_taxonomy_id":192,"taxonomy":"brand","description":"[elementor-template id=\"15563\"]","parent":0,"count":20,"filter":"raw"}],"product_cat":[168,169,146,519],"product_tag":[],"class_list":{"0":"post-25745","1":"product","2":"type-product","3":"status-publish","4":"has-post-thumbnail","6":"brand-hoyo-de-monterrey","7":"product_cat-zigarren","8":"product_cat-cuba","9":"product_cat-hoyo-de-monterrey","10":"product_cat-linea-epicure","11":"pa_laenge-778","12":"pa_orderable-no","13":"pa_ringmass-1180","14":"pa_verpackungseinheit-3er-schachtel","15":"pa_verpackungseinheit-50er-kiste","16":"pa_verpackungseinheit-einzeln","18":"first","19":"instock","20":"taxable","21":"shipping-taxable","22":"product-type-variable"},"acf":[],"_links":{"self":[{"href":"https:\/\/www.lcdh-bonn.de\/es\/wp-json\/wp\/v2\/product\/25745","targetHints":{"allow":["GET"]}}],"collection":[{"href":"https:\/\/www.lcdh-bonn.de\/es\/wp-json\/wp\/v2\/product"}],"about":[{"href":"https:\/\/www.lcdh-bonn.de\/es\/wp-json\/wp\/v2\/types\/product"}],"replies":[{"embeddable":true,"href":"https:\/\/www.lcdh-bonn.de\/es\/wp-json\/wp\/v2\/comments?post=25745"}],"wp:featuredmedia":[{"embeddable":true,"href":"https:\/\/www.lcdh-bonn.de\/es\/wp-json\/wp\/v2\/media\/35510"}],"wp:attachment":[{"href":"https:\/\/www.lcdh-bonn.de\/es\/wp-json\/wp\/v2\/media?parent=25745"}],"wp:term":[{"taxonomy":"brand","embeddable":true,"href":"https:\/\/www.lcdh-bonn.de\/es\/wp-json\/wp\/v2\/etheme_brands?post=25745"},{"taxonomy":"product_cat","embeddable":true,"href":"https:\/\/www.lcdh-bonn.de\/es\/wp-json\/wp\/v2\/product_cat?post=25745"},{"taxonomy":"product_tag","embeddable":true,"href":"https:\/\/www.lcdh-bonn.de\/es\/wp-json\/wp\/v2\/product_tag?post=25745"}],"curies":[{"name":"wp","href":"https:\/\/api.w.org\/{rel}","templated":true}]}}