{"id":25753,"date":"2022-08-02T19:55:28","date_gmt":"2022-08-02T17:55:28","guid":{"rendered":"https:\/\/torbru.athene.wpspace.me\/product\/hoyo-de-monterrey-le-hoyo-du-maire\/"},"modified":"2026-01-29T12:25:34","modified_gmt":"2026-01-29T10:25:34","slug":"hoyo-de-monterrey-linea-le-hoyo-le-hoyo-du-maire","status":"publish","type":"product","link":"https:\/\/www.lcdh-bonn.de\/es\/producto\/hoyo-de-monterrey-linea-le-hoyo-le-hoyo-du-maire\/","title":{"rendered":"Hoyo de Monterrey Linea Le Hoyo Le Hoyo du Maire"},"content":{"rendered":"<p>Die Le Hoyo du Maire aus der renommierten Le Hoyo Serie von Hoyo de Monterrey verk\u00f6rpert kubanische Zigarrenkunst in kompakter Form. Diese Entreactos mit einer L\u00e4nge von 30mm und einem Ringma\u00df von 100 (30 x 3,97mm) wird ausschlie\u00dflich aus erlesenen Tabaken der Vuelta Abajo Region gefertigt.<\/p>\n<p>Kenner sch\u00e4tzen die milde bis medium-kr\u00e4ftige St\u00e4rke dieser Petit Corona, die sich perfekt f\u00fcr eine 15-20-min\u00fctige Rauchpause eignet. Erfahrene Aficionados berichten von einem ausgewogenen Aromenprofil mit dezenten Noten von Zedernholz, leichter W\u00fcrze und einem Hauch von ger\u00f6steten N\u00fcssen.<\/p>\n<div style=\"text-align: center;\">\n<strong>Produktdetails:<\/strong><br \/>\n\u2022 Format: Entreactos<br \/>\n\u2022 L\u00e4nge: 30 mm<br \/>\n\u2022 Ringma\u00df: 100 (3,97 mm)<br \/>\n\u2022 St\u00e4rke: Mild bis Medium<br \/>\n\u2022 Rauchdauer: 15-20 Minuten<br \/>\n\u2022 Herkunft: Kuba, Vuelta Abajo<br \/>\n\u2022 Verpackung: 25er Kiste, Einzeln erh\u00e4ltlich\n<\/div>\n<p>Die 1865 gegr\u00fcndete Marke Hoyo de Monterrey verdankt ihren Namen der ber\u00fchmten Tabakplantage in San Juan y Mart\u00ednez. Die Le Hoyo du Maire eignet sich hervorragend f\u00fcr den schnellen Genussmoment zwischendurch, sei es in der Mittagspause oder als eleganter Tagesabschluss.<\/p>\n<p><small>Hersteller-\/Inverkehrbringerinformation:<br \/>\n5THAVENUE Products Trading-GmbH<br \/>\nSchwarzenbergstra\u00dfe 3-7<br \/>\nD-79761 Waldshut-Tiengen<br \/>\ninfo@5thAvenue.de<\/small><\/p>","protected":false},"excerpt":{"rendered":"<p>Die Le Hoyo du Maire aus der renommierten Le Hoyo Serie von Hoyo de Monterrey verk\u00f6rpert kubanische Zigarrenkunst in kompakter Form. Diese Entreactos mit einer L\u00e4nge von 30mm und einem Ringma\u00df von 100 (30 x 3,97mm) wird ausschlie\u00dflich aus erlesenen Tabaken der Vuelta Abajo Region gefertigt. Kenner sch\u00e4tzen die milde bis medium-kr\u00e4ftige St\u00e4rke dieser Petit Corona, die sich perfekt f\u00fcr eine 15-20-min\u00fctige Rauchpause eignet. Erfahrene Aficionados berichten von einem ausgewogenen Aromenprofil mit dezenten Noten von Zedernholz, leichter W\u00fcrze und einem&#8230;<\/p>","protected":false},"featured_media":35512,"comment_status":"closed","ping_status":"closed","template":"","meta":{"_acf_changed":false},"etheme_brands":[{"term_id":192,"name":"Hoyo de Monterrey","slug":"hoyo-de-monterrey","term_group":0,"term_taxonomy_id":192,"taxonomy":"brand","description":"[elementor-template id=\"15563\"]","parent":0,"count":20,"filter":"raw"}],"product_cat":[168,169,146,531],"product_tag":[],"class_list":{"0":"post-25753","1":"product","2":"type-product","3":"status-publish","4":"has-post-thumbnail","6":"brand-hoyo-de-monterrey","7":"product_cat-zigarren","8":"product_cat-cuba","9":"product_cat-hoyo-de-monterrey","10":"product_cat-linea-le-hoyo","11":"pa_laenge-1179","12":"pa_orderable-no","13":"pa_ringmass-1187","14":"pa_verpackungseinheit-25er-kiste","15":"pa_verpackungseinheit-einzeln","17":"first","18":"outofstock","19":"taxable","20":"shipping-taxable","21":"purchasable","22":"product-type-variable"},"acf":[],"_links":{"self":[{"href":"https:\/\/www.lcdh-bonn.de\/es\/wp-json\/wp\/v2\/product\/25753","targetHints":{"allow":["GET"]}}],"collection":[{"href":"https:\/\/www.lcdh-bonn.de\/es\/wp-json\/wp\/v2\/product"}],"about":[{"href":"https:\/\/www.lcdh-bonn.de\/es\/wp-json\/wp\/v2\/types\/product"}],"replies":[{"embeddable":true,"href":"https:\/\/www.lcdh-bonn.de\/es\/wp-json\/wp\/v2\/comments?post=25753"}],"wp:featuredmedia":[{"embeddable":true,"href":"https:\/\/www.lcdh-bonn.de\/es\/wp-json\/wp\/v2\/media\/35512"}],"wp:attachment":[{"href":"https:\/\/www.lcdh-bonn.de\/es\/wp-json\/wp\/v2\/media?parent=25753"}],"wp:term":[{"taxonomy":"brand","embeddable":true,"href":"https:\/\/www.lcdh-bonn.de\/es\/wp-json\/wp\/v2\/etheme_brands?post=25753"},{"taxonomy":"product_cat","embeddable":true,"href":"https:\/\/www.lcdh-bonn.de\/es\/wp-json\/wp\/v2\/product_cat?post=25753"},{"taxonomy":"product_tag","embeddable":true,"href":"https:\/\/www.lcdh-bonn.de\/es\/wp-json\/wp\/v2\/product_tag?post=25753"}],"curies":[{"name":"wp","href":"https:\/\/api.w.org\/{rel}","templated":true}]}}