{"id":25792,"date":"2022-08-02T19:56:06","date_gmt":"2022-08-02T17:56:06","guid":{"rendered":"https:\/\/torbru.athene.wpspace.me\/product\/h-upmann-connossieur-b\/"},"modified":"2026-01-14T18:28:14","modified_gmt":"2026-01-14T16:28:14","slug":"h-upmann-connossieur-b","status":"publish","type":"product","link":"https:\/\/www.lcdh-bonn.de\/es\/producto\/h-upmann-connossieur-b\/","title":{"rendered":"H. Upmann Connossieur B"},"content":{"rendered":"<p>Die H. Upmann Connossieur B verk\u00f6rpert kubanische Zigarrenkunst in ihrer elegantesten Form. Im Format Geniales (L\u00e4nge 150 mm, Ringma\u00df 54) pr\u00e4sentiert sich diese Habano als imposante Erscheinung, die f\u00fcr einen ausgedehnten Rauchgenuss von etwa 75 Minuten konzipiert wurde.<\/p>\n<p>Gefertigt aus erlesenen Tabaken der Region Pinar del R\u00edo, vereint sie die charakteristische H. Upmann Mischung zu einem mittelkr\u00e4ftigen Geschmackserlebnis. Kenner berichten von einem komplexen Aromenspektrum, das sich von feinen Holznoten \u00fcber s\u00fc\u00dfliche Karamellnuancen bis hin zu dezenten R\u00f6staromen entwickelt.<\/p>\n<ul style=\"margin-left:20px;\">\n\u2022 Format: Geniales (150 mm x 54)<br \/>\n\u2022 St\u00e4rke: Medium<br \/>\n\u2022 Herkunft: Kuba, Pinar del R\u00edo<br \/>\n\u2022 Rauchdauer: ca. 75 Minuten<br \/>\n\u2022 Verpackung: 25er Kiste, Einzeln erh\u00e4ltlich\n<\/ul>\n<p>Die Geschichte der Marke reicht bis ins Jahr 1844 zur\u00fcck, als die Br\u00fcder Hermann und August Upmann ihr Bankhaus und ihre Zigarrenmanufaktur in Havanna gr\u00fcndeten. Diese Connossieur B w\u00fcrdigt diese Tradition durch ihre ausgewogene Komposition und makellose Verarbeitung.<\/p>\n<p>Perfekt geeignet f\u00fcr entspannte Abendstunden, gesch\u00e4ftliche Zusammenk\u00fcnfte oder besondere Anl\u00e4sse, die nach einer au\u00dfergew\u00f6hnlichen Zigarre verlangen.<\/p>\n<p>Hersteller-\/Inverkehrbringerinformation:<br \/>\n5THAVENUE Products Trading-GmbH<br \/>\nSchwarzenbergstra\u00dfe 3-7<br \/>\nD-79761 Waldshut-Tiengen<br \/>\ninfo@5thAvenue.de<\/p>","protected":false},"excerpt":{"rendered":"<p>Die H. Upmann Connossieur B verk\u00f6rpert kubanische Zigarrenkunst in ihrer elegantesten Form. Im Format Geniales (L\u00e4nge 150 mm, Ringma\u00df 54) pr\u00e4sentiert sich diese Habano als imposante Erscheinung, die f\u00fcr einen ausgedehnten Rauchgenuss von etwa 75 Minuten konzipiert wurde. Gefertigt aus erlesenen Tabaken der Region Pinar del R\u00edo, vereint sie die charakteristische H. Upmann Mischung zu einem mittelkr\u00e4ftigen Geschmackserlebnis. Kenner berichten von einem komplexen Aromenspektrum, das sich von feinen Holznoten \u00fcber s\u00fc\u00dfliche Karamellnuancen bis hin zu dezenten R\u00f6staromen entwickelt. \u2022 Format:&#8230;<\/p>","protected":false},"featured_media":35522,"comment_status":"closed","ping_status":"closed","template":"","meta":{"_acf_changed":false},"etheme_brands":[{"term_id":193,"name":"H. Upmann","slug":"h-upmann","term_group":0,"term_taxonomy_id":193,"taxonomy":"brand","description":"[elementor-template id=\"15563\"]","parent":0,"count":22,"filter":"raw"}],"product_cat":[168,169,147],"product_tag":[],"class_list":{"0":"post-25792","1":"product","2":"type-product","3":"status-publish","4":"has-post-thumbnail","6":"brand-h-upmann","7":"product_cat-zigarren","8":"product_cat-cuba","9":"product_cat-h-upmann","10":"pa_laenge-1182","11":"pa_orderable-no","12":"pa_ringmass-1167","13":"pa_verpackungseinheit-25er-kiste","14":"pa_verpackungseinheit-einzeln","16":"first","17":"outofstock","18":"taxable","19":"shipping-taxable","20":"product-type-variable"},"acf":[],"_links":{"self":[{"href":"https:\/\/www.lcdh-bonn.de\/es\/wp-json\/wp\/v2\/product\/25792","targetHints":{"allow":["GET"]}}],"collection":[{"href":"https:\/\/www.lcdh-bonn.de\/es\/wp-json\/wp\/v2\/product"}],"about":[{"href":"https:\/\/www.lcdh-bonn.de\/es\/wp-json\/wp\/v2\/types\/product"}],"replies":[{"embeddable":true,"href":"https:\/\/www.lcdh-bonn.de\/es\/wp-json\/wp\/v2\/comments?post=25792"}],"wp:featuredmedia":[{"embeddable":true,"href":"https:\/\/www.lcdh-bonn.de\/es\/wp-json\/wp\/v2\/media\/35522"}],"wp:attachment":[{"href":"https:\/\/www.lcdh-bonn.de\/es\/wp-json\/wp\/v2\/media?parent=25792"}],"wp:term":[{"taxonomy":"brand","embeddable":true,"href":"https:\/\/www.lcdh-bonn.de\/es\/wp-json\/wp\/v2\/etheme_brands?post=25792"},{"taxonomy":"product_cat","embeddable":true,"href":"https:\/\/www.lcdh-bonn.de\/es\/wp-json\/wp\/v2\/product_cat?post=25792"},{"taxonomy":"product_tag","embeddable":true,"href":"https:\/\/www.lcdh-bonn.de\/es\/wp-json\/wp\/v2\/product_tag?post=25792"}],"curies":[{"name":"wp","href":"https:\/\/api.w.org\/{rel}","templated":true}]}}