{"id":25802,"date":"2022-08-02T19:56:06","date_gmt":"2022-08-02T17:56:06","guid":{"rendered":"https:\/\/torbru.athene.wpspace.me\/product\/h-upmann-magnum-46\/"},"modified":"2026-03-04T13:43:09","modified_gmt":"2026-03-04T11:43:09","slug":"h-upmann-linea-magnum-magnum-46","status":"publish","type":"product","link":"https:\/\/www.lcdh-bonn.de\/es\/producto\/h-upmann-linea-magnum-magnum-46\/","title":{"rendered":"H. Upmann Linea Magnum Magnum 46"},"content":{"rendered":"<p>Die H. Upmann Magnum 46 verk\u00f6rpert die zeitlose Eleganz kubanischer Zigarrenkunst im klassischen Coronas Gordas Format. Diese exquisite Habano wird in der renommierten Manufaktur H. Upmann gefertigt, die seit 1844 f\u00fcr h\u00f6chste Qualit\u00e4t steht.<\/p>\n<p>Kenner sch\u00e4tzen die perfekt ausbalancierten Aromen dieser mittelkr\u00e4ftigen Zigarre, die aus erlesenen Tabaken der Vuelta Abajo Region komponiert wird. Erfahrene Aficionados berichten von einem komplexen Bouquet aus ger\u00f6steten N\u00fcssen, feiner Holznote, cremiger Vanille und dezenten Gew\u00fcrznuancen.<\/p>\n<div style=\"text-align: center;\">\n<strong>Produktdetails:<\/strong><br \/>\n\u2022 Format: Coronas Gordas<br \/>\n\u2022 L\u00e4nge: 143 mm<br \/>\n\u2022 Ringma\u00df: 46<br \/>\n\u2022 St\u00e4rke: Medium<br \/>\n\u2022 Rauchdauer: ca. 60-75 Minuten<br \/>\n\u2022 Herkunft: Kuba, Vuelta Abajo\n<\/div>\n<p>Der Rauchverlauf entwickelt sich harmonisch von w\u00fcrzig-nussigen Auftaktnoten zu einer ausgewogenen Komplexit\u00e4t im mittleren Drittel. Das Finale pr\u00e4sentiert sich cremig mit subtilen Kakao- und Ledernuancen.<\/p>\n<p>Erh\u00e4ltlich als:<br \/>\n&#8211; 25er Kiste<br \/>\n&#8211; Einzeln<\/p>\n<p>Diese elegante Habano eignet sich hervorragend f\u00fcr entspannte Abendstunden oder gehobene gesellschaftliche Anl\u00e4sse. Ein perfekter Begleiter f\u00fcr Einsteiger wie auch erfahrene Aficionados.<\/p>\n<p>Eine absolut legend\u00e4re Zigarre mit sagenhaftem Reifepotenzial. Unter Sammlern hei\u00df begehrt, wird die Kiste oft \u00fcber viele Jahre \u2013 teils Jahrzehnte \u2013 unge\u00f6ffnet gelagert, um ihr volles Aromenspektrum zu einem sp\u00e4teren Zeitpunkt zu genie\u00dfen. Ein zeitloser Klassiker und uneingeschr\u00e4nkt empfehlenswert.<\/p>\n<p><small>Hersteller-\/Inverkehrbringerinformation:<br \/>\n5THAVENUE Products Trading-GmbH<br \/>\nSchwarzenbergstra\u00dfe 3-7<br \/>\nD-79761 Waldshut-Tiengen<br \/>\ninfo@5thAvenue.de<\/small><\/p>","protected":false},"excerpt":{"rendered":"<p>Die H. Upmann Magnum 46 verk\u00f6rpert die zeitlose Eleganz kubanischer Zigarrenkunst im klassischen Coronas Gordas Format. Diese exquisite Habano wird in der renommierten Manufaktur H. Upmann gefertigt, die seit 1844 f\u00fcr h\u00f6chste Qualit\u00e4t steht. Kenner sch\u00e4tzen die perfekt ausbalancierten Aromen dieser mittelkr\u00e4ftigen Zigarre, die aus erlesenen Tabaken der Vuelta Abajo Region komponiert wird. Erfahrene Aficionados berichten von einem komplexen Bouquet aus ger\u00f6steten N\u00fcssen, feiner Holznote, cremiger Vanille und dezenten Gew\u00fcrznuancen. Produktdetails: \u2022 Format: Coronas Gordas \u2022 L\u00e4nge: 143 mm \u2022&#8230;<\/p>","protected":false},"featured_media":35525,"comment_status":"closed","ping_status":"closed","template":"","meta":{"_acf_changed":false},"etheme_brands":[{"term_id":193,"name":"H. Upmann","slug":"h-upmann","term_group":0,"term_taxonomy_id":193,"taxonomy":"brand","description":"[elementor-template id=\"15563\"]","parent":0,"count":22,"filter":"raw"}],"product_cat":[168,169,147,520],"product_tag":[],"class_list":{"0":"post-25802","1":"product","2":"type-product","3":"status-publish","4":"has-post-thumbnail","6":"brand-h-upmann","7":"product_cat-zigarren","8":"product_cat-cuba","9":"product_cat-h-upmann","10":"product_cat-linea-magnum","11":"pa_laenge-1185","12":"pa_orderable-no","13":"pa_ringmass-1244","14":"pa_verpackungseinheit-25er-kiste","15":"pa_verpackungseinheit-einzeln","17":"first","18":"instock","19":"taxable","20":"shipping-taxable","21":"product-type-variable"},"acf":[],"_links":{"self":[{"href":"https:\/\/www.lcdh-bonn.de\/es\/wp-json\/wp\/v2\/product\/25802","targetHints":{"allow":["GET"]}}],"collection":[{"href":"https:\/\/www.lcdh-bonn.de\/es\/wp-json\/wp\/v2\/product"}],"about":[{"href":"https:\/\/www.lcdh-bonn.de\/es\/wp-json\/wp\/v2\/types\/product"}],"replies":[{"embeddable":true,"href":"https:\/\/www.lcdh-bonn.de\/es\/wp-json\/wp\/v2\/comments?post=25802"}],"wp:featuredmedia":[{"embeddable":true,"href":"https:\/\/www.lcdh-bonn.de\/es\/wp-json\/wp\/v2\/media\/35525"}],"wp:attachment":[{"href":"https:\/\/www.lcdh-bonn.de\/es\/wp-json\/wp\/v2\/media?parent=25802"}],"wp:term":[{"taxonomy":"brand","embeddable":true,"href":"https:\/\/www.lcdh-bonn.de\/es\/wp-json\/wp\/v2\/etheme_brands?post=25802"},{"taxonomy":"product_cat","embeddable":true,"href":"https:\/\/www.lcdh-bonn.de\/es\/wp-json\/wp\/v2\/product_cat?post=25802"},{"taxonomy":"product_tag","embeddable":true,"href":"https:\/\/www.lcdh-bonn.de\/es\/wp-json\/wp\/v2\/product_tag?post=25802"}],"curies":[{"name":"wp","href":"https:\/\/api.w.org\/{rel}","templated":true}]}}