{"id":25867,"date":"2022-08-02T19:56:45","date_gmt":"2022-08-02T17:56:45","guid":{"rendered":"https:\/\/torbru.athene.wpspace.me\/product\/la-flor-de-cano-petit-coronas\/"},"modified":"2026-01-14T19:06:46","modified_gmt":"2026-01-14T17:06:46","slug":"la-flor-de-cano-petit-coronas","status":"publish","type":"product","link":"https:\/\/www.lcdh-bonn.de\/es\/producto\/la-flor-de-cano-petit-coronas\/","title":{"rendered":"La Flor de Cano Petit Coronas"},"content":{"rendered":"<p>Die La Flor de Cano Petit Coronas verk\u00f6rpert die Essenz kubanischer Zigarrenkunst in einem kompakten Format. Diese elegante Vitola pr\u00e4sentiert sich in klassischen Petit Corona Dimensionen von 129 mm L\u00e4nge bei einem Ringma\u00df von 42.<\/p>\n<p>Kenner sch\u00e4tzen die ausgewogene Tabakmischung aus erlesenen Vuelta Abajo Tabaken, die in ihrer Gesamtkomposition eine milde bis medium-kr\u00e4ftige Zigarre erschaffen. Die gesch\u00e4tzte Rauchdauer von etwa 20-25 Minuten macht sie zum idealen Begleiter f\u00fcr die kleine Genu\u00dfpause.<\/p>\n<ul style=\"margin-left: 20px;\">\n\u2022 Format: Petit Corona<br \/>\n\u2022 L\u00e4nge: 129 mm<br \/>\n\u2022 Ringma\u00df: 42<br \/>\n\u2022 St\u00e4rke: Mild bis Medium<br \/>\n\u2022 Herkunft: Kuba, Vuelta Abajo<br \/>\n\u2022 Rauchdauer: ca. 20-25 Minuten<br \/>\n\u2022 Verpackung: 25er Kiste, Einzeln erh\u00e4ltlich\n<\/ul>\n<p>Erfahrene Aficionados berichten von einem ausbalancierten Aromenprofil mit dezenten Holznoten, leichten Ankl\u00e4ngen von Zedernholz und einer subtilen W\u00fcrze. Im Rauchverlauf entwickelt sich eine angenehme Cremigkeit, die von feinen Nuancen getrockneter Fr\u00fcchte begleitet wird.<\/p>\n<p>Die Marke La Flor de Cano, gegr\u00fcndet in den 1880er Jahren von den Gebr\u00fcdern Cano, steht f\u00fcr traditionelle kubanische Handwerkskunst. Heute werden diese Zigarren in der renommierten Briones Montoto Fabrik gefertigt.<\/p>\n<p>Diese Petit Corona eignet sich hervorragend als Einsteigerzigarre oder f\u00fcr den genussvollen Moment am Nachmittag. Auch als Begleitung zu einem milden Espresso oder einem kubanischen Rum entfaltet sie ihren charmanten Charakter.<\/p>\n<p><small>Hersteller-\/Inverkehrbringerinformation:<br \/>\n5THAVENUE Products Trading-GmbH<br \/>\nSchwarzenbergstra\u00dfe 3-7<br \/>\nD-79<\/p>","protected":false},"excerpt":{"rendered":"<p>Die La Flor de Cano Petit Coronas verk\u00f6rpert die Essenz kubanischer Zigarrenkunst in einem kompakten Format. Diese elegante Vitola pr\u00e4sentiert sich in klassischen Petit Corona Dimensionen von 129 mm L\u00e4nge bei einem Ringma\u00df von 42. Kenner sch\u00e4tzen die ausgewogene Tabakmischung aus erlesenen Vuelta Abajo Tabaken, die in ihrer Gesamtkomposition eine milde bis medium-kr\u00e4ftige Zigarre erschaffen. Die gesch\u00e4tzte Rauchdauer von etwa 20-25 Minuten macht sie zum idealen Begleiter f\u00fcr die kleine Genu\u00dfpause. \u2022 Format: Petit Corona \u2022 L\u00e4nge: 129 mm \u2022&#8230;<\/p>","protected":false},"featured_media":35540,"comment_status":"closed","ping_status":"open","template":"","meta":{"_acf_changed":false},"etheme_brands":[{"term_id":196,"name":"La Flor de Cano","slug":"la-flor-de-cano","term_group":0,"term_taxonomy_id":196,"taxonomy":"brand","description":"[elementor-template id=\"15563\"]","parent":0,"count":2,"filter":"raw"}],"product_cat":[168,169,150],"product_tag":[],"class_list":{"0":"post-25867","1":"product","2":"type-product","3":"status-publish","4":"has-post-thumbnail","6":"brand-la-flor-de-cano","7":"product_cat-zigarren","8":"product_cat-cuba","9":"product_cat-la-flor-de-cano","10":"pa_laenge-1177","11":"pa_orderable-no","12":"pa_ringmass-1252","13":"pa_verpackungseinheit-25er-kiste","14":"pa_verpackungseinheit-einzeln","16":"first","17":"outofstock","18":"taxable","19":"shipping-taxable","20":"product-type-variable"},"acf":[],"_links":{"self":[{"href":"https:\/\/www.lcdh-bonn.de\/es\/wp-json\/wp\/v2\/product\/25867","targetHints":{"allow":["GET"]}}],"collection":[{"href":"https:\/\/www.lcdh-bonn.de\/es\/wp-json\/wp\/v2\/product"}],"about":[{"href":"https:\/\/www.lcdh-bonn.de\/es\/wp-json\/wp\/v2\/types\/product"}],"replies":[{"embeddable":true,"href":"https:\/\/www.lcdh-bonn.de\/es\/wp-json\/wp\/v2\/comments?post=25867"}],"wp:featuredmedia":[{"embeddable":true,"href":"https:\/\/www.lcdh-bonn.de\/es\/wp-json\/wp\/v2\/media\/35540"}],"wp:attachment":[{"href":"https:\/\/www.lcdh-bonn.de\/es\/wp-json\/wp\/v2\/media?parent=25867"}],"wp:term":[{"taxonomy":"brand","embeddable":true,"href":"https:\/\/www.lcdh-bonn.de\/es\/wp-json\/wp\/v2\/etheme_brands?post=25867"},{"taxonomy":"product_cat","embeddable":true,"href":"https:\/\/www.lcdh-bonn.de\/es\/wp-json\/wp\/v2\/product_cat?post=25867"},{"taxonomy":"product_tag","embeddable":true,"href":"https:\/\/www.lcdh-bonn.de\/es\/wp-json\/wp\/v2\/product_tag?post=25867"}],"curies":[{"name":"wp","href":"https:\/\/api.w.org\/{rel}","templated":true}]}}