{"id":25947,"date":"2022-08-02T19:57:24","date_gmt":"2022-08-02T17:57:24","guid":{"rendered":"https:\/\/torbru.athene.wpspace.me\/product\/montecristo-puritos\/"},"modified":"2026-01-29T15:57:45","modified_gmt":"2026-01-29T13:57:45","slug":"montecristo-puritos","status":"publish","type":"product","link":"https:\/\/www.lcdh-bonn.de\/es\/producto\/montecristo-puritos\/","title":{"rendered":"Montecristo Puritos"},"content":{"rendered":"<p>Die Montecristo Puritos &#8211; eine kleine, aber feine kubanische Handarbeit aus dem Hause Habanos S.A. Mit einer L\u00e4nge von 112 mm und einem Ringma\u00df von 28 pr\u00e4sentiert sich diese Puritos als idealer Begleiter f\u00fcr den schnellen, aber stilvollen Genussmoment.<\/p>\n<ul style=\"list-style-type: disc; margin-left: 20px;\">\n\u2022 Format: Puritos (Vitola de Galera: Puritos)<br \/>\n\u2022 Herkunft: Cuba<br \/>\n\u2022 L\u00e4nge: 112 mm<br \/>\n\u2022 Ringma\u00df: 28<br \/>\n\u2022 St\u00e4rke: mild bis medium<br \/>\n\u2022 Rauchdauer: ca. 15-20 Minuten<br \/>\n\u2022 Verpackungseinheiten: 25er Kiste, 5er Schachtel\n<\/ul>\n<p>Kenner sch\u00e4tzen das ausgewogene Aromenprofil mit seinen feinen Noten von Zedernholz und leichter W\u00fcrze. Andere Aficionados berichten von subtilen Ankl\u00e4ngen von Kakao und ger\u00f6steten N\u00fcssen im letzten Drittel. Die Puritos \u00fcberzeugt durch ihre gleichbleibende Qualit\u00e4t und perfekte Verarbeitung.<\/p>\n<p>Die Geschichte der Marke Montecristo reicht bis ins Jahr 1935 zur\u00fcck, als die Manufaktur Particulares in Havanna diese legend\u00e4re Marke kreierte. Benannt nach dem Roman &#8220;Der Graf von Monte Cristo&#8221; von Alexandre Dumas, steht Montecristo bis heute f\u00fcr kubanische Zigarrenkunst auf h\u00f6chstem Niveau.<\/p>\n<p>Ideal f\u00fcr die Kaffeepause, den Spaziergang oder als Einsteigerzigarre in die Welt der Habanos. Die Puritos bietet sowohl Einsteigern als auch erfahrenen Aficionados ein authentisches kubanisches Rauchvergn\u00fcgen.<\/p>\n<p>Hersteller-\/Inverkehrbringerinformation:<br \/>\n5THAVENUE Products Trading-GmbH<br \/>\nSchwarzenbergstra\u00dfe 3-7<br \/>\nD-79761 Waldshut-Tiengen<br \/>\ninfo@5thAvenue.de<\/p>","protected":false},"excerpt":{"rendered":"<p>Die Montecristo Puritos &#8211; eine kleine, aber feine kubanische Handarbeit aus dem Hause Habanos S.A. Mit einer L\u00e4nge von 112 mm und einem Ringma\u00df von 28 pr\u00e4sentiert sich diese Puritos als idealer Begleiter f\u00fcr den schnellen, aber stilvollen Genussmoment. \u2022 Format: Puritos (Vitola de Galera: Puritos) \u2022 Herkunft: Cuba \u2022 L\u00e4nge: 112 mm \u2022 Ringma\u00df: 28 \u2022 St\u00e4rke: mild bis medium \u2022 Rauchdauer: ca. 15-20 Minuten \u2022 Verpackungseinheiten: 25er Kiste, 5er Schachtel Kenner sch\u00e4tzen das ausgewogene Aromenprofil mit seinen feinen&#8230;<\/p>","protected":false},"featured_media":0,"comment_status":"closed","ping_status":"open","template":"","meta":{"_acf_changed":false},"etheme_brands":[{"term_id":198,"name":"Montecristo","slug":"montecristo","term_group":0,"term_taxonomy_id":198,"taxonomy":"brand","description":"[elementor-template id=\"15563\"]","parent":0,"count":47,"filter":"raw"}],"product_cat":[168,169,152],"product_tag":[],"class_list":{"0":"post-25947","1":"product","2":"type-product","3":"status-publish","5":"brand-montecristo","6":"product_cat-zigarren","7":"product_cat-cuba","8":"product_cat-montecristo","9":"pa_laenge-1175","10":"pa_orderable-yes","11":"pa_ringmass-1189","12":"pa_verpackungseinheit-25er-kiste","13":"pa_verpackungseinheit-5er-schachtel","15":"first","16":"outofstock","17":"taxable","18":"shipping-taxable","19":"purchasable","20":"product-type-variable"},"acf":[],"_links":{"self":[{"href":"https:\/\/www.lcdh-bonn.de\/es\/wp-json\/wp\/v2\/product\/25947","targetHints":{"allow":["GET"]}}],"collection":[{"href":"https:\/\/www.lcdh-bonn.de\/es\/wp-json\/wp\/v2\/product"}],"about":[{"href":"https:\/\/www.lcdh-bonn.de\/es\/wp-json\/wp\/v2\/types\/product"}],"replies":[{"embeddable":true,"href":"https:\/\/www.lcdh-bonn.de\/es\/wp-json\/wp\/v2\/comments?post=25947"}],"wp:attachment":[{"href":"https:\/\/www.lcdh-bonn.de\/es\/wp-json\/wp\/v2\/media?parent=25947"}],"wp:term":[{"taxonomy":"brand","embeddable":true,"href":"https:\/\/www.lcdh-bonn.de\/es\/wp-json\/wp\/v2\/etheme_brands?post=25947"},{"taxonomy":"product_cat","embeddable":true,"href":"https:\/\/www.lcdh-bonn.de\/es\/wp-json\/wp\/v2\/product_cat?post=25947"},{"taxonomy":"product_tag","embeddable":true,"href":"https:\/\/www.lcdh-bonn.de\/es\/wp-json\/wp\/v2\/product_tag?post=25947"}],"curies":[{"name":"wp","href":"https:\/\/api.w.org\/{rel}","templated":true}]}}