{"id":25964,"date":"2022-08-02T19:57:24","date_gmt":"2022-08-02T17:57:24","guid":{"rendered":"https:\/\/torbru.athene.wpspace.me\/product\/montecristo-master\/"},"modified":"2026-03-05T01:31:33","modified_gmt":"2026-03-04T23:31:33","slug":"montecristo-open-master","status":"publish","type":"product","link":"https:\/\/www.lcdh-bonn.de\/es\/producto\/montecristo-open-master\/","title":{"rendered":"Montecristo OPEN Master"},"content":{"rendered":"<p>Die Montecristo OPEN Master verk\u00f6rpert die moderne Interpretation der legend\u00e4ren kubanischen Zigarrentradition. Im klassischen Robustos-Format mit einer L\u00e4nge von 124 mm und einem Ringma\u00df von 50 pr\u00e4sentiert sie sich als idealer Begleiter f\u00fcr entspannte 45-60 Minuten Rauchgenuss.<\/p>\n<p>Kenner sch\u00e4tzen die ausgewogene Kombination erlesener Tabake aus der Vuelta Abajo Region, die dieser Habano ihre charakteristische mittlere St\u00e4rke verleihen. Erfahrene Aficionados berichten von einem komplexen Aromenprofil mit Noten von ger\u00f6steten N\u00fcssen, feiner Holzw\u00fcrze und dezenten Kakao-Nuancen, die sich harmonisch entwickeln.<\/p>\n<div style=\"text-align: center; margin: 20px 0;\">\n\u2022 Format: Robustos<br \/>\n\u2022 L\u00e4nge: 124 mm<br \/>\n\u2022 Ringma\u00df: 50<br \/>\n\u2022 St\u00e4rke: Medium<br \/>\n\u2022 Herkunft: Kuba, Vuelta Abajo<br \/>\n\u2022 Rauchdauer: 45-60 Minuten<br \/>\n\u2022 Verpackung: 20er Kiste, Einzeln\n<\/div>\n<p>Die OPEN Serie von Montecristo, eingef\u00fchrt als moderne Erg\u00e4nzung zur traditionsreichen Markengeschichte seit 1935, spricht sowohl Einsteiger als auch erfahrene Genie\u00dfer an. Die Master eignet sich besonders f\u00fcr entspannte Momente am Nachmittag, auf der Terrasse oder als w\u00fcrdiger Abschluss eines gelungenen Gesch\u00e4ftsessens.<\/p>\n<p>Im Rauchverlauf entwickelt sich ein ausgewogenes Zusammenspiel der Aromen, das niemals aufdringlich wird und dennoch den authentischen Charakter einer echten kubanischen Habano bewahrt.<\/p>\n<p><small>Hersteller-\/Inverkehrbringerinformation:<br \/>\n5THAVENUE Products Trading-GmbH<br \/>\nSchwarzenbergstra\u00dfe 3-7<br \/>\nD-79761 Waldshut-Tiengen<br \/>\ninfo@5thAvenue.de<\/small><\/p>","protected":false},"excerpt":{"rendered":"<p>Die Montecristo OPEN Master verk\u00f6rpert die moderne Interpretation der legend\u00e4ren kubanischen Zigarrentradition. Im klassischen Robustos-Format mit einer L\u00e4nge von 124 mm und einem Ringma\u00df von 50 pr\u00e4sentiert sie sich als idealer Begleiter f\u00fcr entspannte 45-60 Minuten Rauchgenuss. Kenner sch\u00e4tzen die ausgewogene Kombination erlesener Tabake aus der Vuelta Abajo Region, die dieser Habano ihre charakteristische mittlere St\u00e4rke verleihen. Erfahrene Aficionados berichten von einem komplexen Aromenprofil mit Noten von ger\u00f6steten N\u00fcssen, feiner Holzw\u00fcrze und dezenten Kakao-Nuancen, die sich harmonisch entwickeln. \u2022 Format:&#8230;<\/p>","protected":false},"featured_media":35558,"comment_status":"closed","ping_status":"closed","template":"","meta":{"_acf_changed":false},"etheme_brands":[{"term_id":198,"name":"Montecristo","slug":"montecristo","term_group":0,"term_taxonomy_id":198,"taxonomy":"brand","description":"[elementor-template id=\"15563\"]","parent":0,"count":47,"filter":"raw"}],"product_cat":[168,169,152,523],"product_tag":[],"class_list":{"0":"post-25964","1":"product","2":"type-product","3":"status-publish","4":"has-post-thumbnail","6":"brand-montecristo","7":"product_cat-zigarren","8":"product_cat-cuba","9":"product_cat-montecristo","10":"product_cat-open","11":"pa_laenge-778","12":"pa_orderable-no","13":"pa_ringmass-1180","14":"pa_verpackungseinheit-20er-kiste","15":"pa_verpackungseinheit-einzeln","17":"first","18":"instock","19":"taxable","20":"shipping-taxable","21":"product-type-variable"},"acf":[],"_links":{"self":[{"href":"https:\/\/www.lcdh-bonn.de\/es\/wp-json\/wp\/v2\/product\/25964","targetHints":{"allow":["GET"]}}],"collection":[{"href":"https:\/\/www.lcdh-bonn.de\/es\/wp-json\/wp\/v2\/product"}],"about":[{"href":"https:\/\/www.lcdh-bonn.de\/es\/wp-json\/wp\/v2\/types\/product"}],"replies":[{"embeddable":true,"href":"https:\/\/www.lcdh-bonn.de\/es\/wp-json\/wp\/v2\/comments?post=25964"}],"wp:featuredmedia":[{"embeddable":true,"href":"https:\/\/www.lcdh-bonn.de\/es\/wp-json\/wp\/v2\/media\/35558"}],"wp:attachment":[{"href":"https:\/\/www.lcdh-bonn.de\/es\/wp-json\/wp\/v2\/media?parent=25964"}],"wp:term":[{"taxonomy":"brand","embeddable":true,"href":"https:\/\/www.lcdh-bonn.de\/es\/wp-json\/wp\/v2\/etheme_brands?post=25964"},{"taxonomy":"product_cat","embeddable":true,"href":"https:\/\/www.lcdh-bonn.de\/es\/wp-json\/wp\/v2\/product_cat?post=25964"},{"taxonomy":"product_tag","embeddable":true,"href":"https:\/\/www.lcdh-bonn.de\/es\/wp-json\/wp\/v2\/product_tag?post=25964"}],"curies":[{"name":"wp","href":"https:\/\/api.w.org\/{rel}","templated":true}]}}