{"id":26107,"date":"2022-08-02T19:58:46","date_gmt":"2022-08-02T17:58:46","guid":{"rendered":"https:\/\/torbru.athene.wpspace.me\/product\/por-larrranaga-picadores\/"},"modified":"2026-01-29T18:31:56","modified_gmt":"2026-01-29T16:31:56","slug":"por-larrranaga-picadores","status":"publish","type":"product","link":"https:\/\/www.lcdh-bonn.de\/es\/producto\/por-larrranaga-picadores\/","title":{"rendered":"Por Larra\u00f1aga Picadores"},"content":{"rendered":"<p>Die Por Larra\u00f1aga Picadores verk\u00f6rpert die Essenz kubanischer Zigarrenkunst in einem eleganten Hermosos No. 4 Format. Diese handgefertigte Habano aus der traditionsreichen Manufaktur vereint \u00fcber 180 Jahre Zigarrenexpertise mit modernem Genuss.<\/p>\n<p>Kenner sch\u00e4tzen das Format mit 127 mm L\u00e4nge und einem Ringma\u00df von 48, das eine ideale Rauchdauer von etwa 45-55 Minuten verspricht. Die Tabakmischung aus ausgew\u00e4hlten Vuelta Abajo Tabaken offenbart eine leichte bis medium-leichte St\u00e4rke.<\/p>\n<ul style=\"margin-left:20px;\">\n\u2022 Format: Hermosos No. 4<br \/>\n\u2022 L\u00e4nge: 127 mm<br \/>\n\u2022 Ringma\u00df: 48<br \/>\n\u2022 St\u00e4rke: Leicht-Medium<br \/>\n\u2022 Herkunft: Kuba, Vuelta Abajo<br \/>\n\u2022 Rauchdauer: 45-55 Minuten<br \/>\n\u2022 Verpackung: 25er Kiste, Einzeln erh\u00e4ltlich\n<\/ul>\n<p>Erfahrene Aficionados berichten von einem ausgewogenen Aromenprofil mit dezenten Noten von Zedernholz, s\u00fc\u00dfem Honig und leicht floralen Nuancen. Im Rauchverlauf entwickelt sich eine sanfte Cremigkeit, begleitet von feinen Gew\u00fcrznoten.<\/p>\n<p>Die 1834 gegr\u00fcndete Marke Por Larra\u00f1aga z\u00e4hlt zu den \u00e4ltesten noch aktiven kubanischen Zigarrenmarken und steht f\u00fcr subtile Eleganz. Die Picadores eignet sich besonders f\u00fcr den entspannten Nachmittagsgenuss oder als raffinierte Begleitung zu einem milden Cognac.<\/p>\n<p><small>Hersteller-\/Inverkehrbringerinformation:<br \/>\n5THAVENUE Products Trading-GmbH<br \/>\nSchwarzenbergstra\u00dfe 3-7<br \/>\nD-79761 Waldshut-Tiengen<br \/>\ninfo@5thAvenue.de<\/small><\/p>","protected":false},"excerpt":{"rendered":"<p>Die Por Larra\u00f1aga Picadores verk\u00f6rpert die Essenz kubanischer Zigarrenkunst in einem eleganten Hermosos No. 4 Format. Diese handgefertigte Habano aus der traditionsreichen Manufaktur vereint \u00fcber 180 Jahre Zigarrenexpertise mit modernem Genuss. Kenner sch\u00e4tzen das Format mit 127 mm L\u00e4nge und einem Ringma\u00df von 48, das eine ideale Rauchdauer von etwa 45-55 Minuten verspricht. Die Tabakmischung aus ausgew\u00e4hlten Vuelta Abajo Tabaken offenbart eine leichte bis medium-leichte St\u00e4rke. \u2022 Format: Hermosos No. 4 \u2022 L\u00e4nge: 127 mm \u2022 Ringma\u00df: 48 \u2022 St\u00e4rke:&#8230;<\/p>","protected":false},"featured_media":35594,"comment_status":"closed","ping_status":"closed","template":"","meta":{"_acf_changed":false},"etheme_brands":[{"term_id":200,"name":"Por Larrra\u00f1aga","slug":"por-larrranaga","term_group":0,"term_taxonomy_id":200,"taxonomy":"brand","description":"[elementor-template id=\"15563\"]","parent":0,"count":4,"filter":"raw"}],"product_cat":[168,169,154],"product_tag":[],"class_list":{"0":"post-26107","1":"product","2":"type-product","3":"status-publish","4":"has-post-thumbnail","6":"brand-por-larrranaga","7":"product_cat-zigarren","8":"product_cat-cuba","9":"product_cat-por-larrranaga","10":"pa_laenge-1192","11":"pa_orderable-no","12":"pa_ringmass-777","13":"pa_verpackungseinheit-25er-kiste","14":"pa_verpackungseinheit-einzeln","16":"first","17":"outofstock","18":"taxable","19":"shipping-taxable","20":"product-type-variable"},"acf":[],"_links":{"self":[{"href":"https:\/\/www.lcdh-bonn.de\/es\/wp-json\/wp\/v2\/product\/26107","targetHints":{"allow":["GET"]}}],"collection":[{"href":"https:\/\/www.lcdh-bonn.de\/es\/wp-json\/wp\/v2\/product"}],"about":[{"href":"https:\/\/www.lcdh-bonn.de\/es\/wp-json\/wp\/v2\/types\/product"}],"replies":[{"embeddable":true,"href":"https:\/\/www.lcdh-bonn.de\/es\/wp-json\/wp\/v2\/comments?post=26107"}],"wp:featuredmedia":[{"embeddable":true,"href":"https:\/\/www.lcdh-bonn.de\/es\/wp-json\/wp\/v2\/media\/35594"}],"wp:attachment":[{"href":"https:\/\/www.lcdh-bonn.de\/es\/wp-json\/wp\/v2\/media?parent=26107"}],"wp:term":[{"taxonomy":"brand","embeddable":true,"href":"https:\/\/www.lcdh-bonn.de\/es\/wp-json\/wp\/v2\/etheme_brands?post=26107"},{"taxonomy":"product_cat","embeddable":true,"href":"https:\/\/www.lcdh-bonn.de\/es\/wp-json\/wp\/v2\/product_cat?post=26107"},{"taxonomy":"product_tag","embeddable":true,"href":"https:\/\/www.lcdh-bonn.de\/es\/wp-json\/wp\/v2\/product_tag?post=26107"}],"curies":[{"name":"wp","href":"https:\/\/api.w.org\/{rel}","templated":true}]}}