{"id":26130,"date":"2022-08-02T19:58:46","date_gmt":"2022-08-02T17:58:46","guid":{"rendered":"https:\/\/torbru.athene.wpspace.me\/product\/punch-short-de-punch\/"},"modified":"2026-03-03T17:30:01","modified_gmt":"2026-03-03T15:30:01","slug":"punch-short-de-punch","status":"publish","type":"product","link":"https:\/\/www.lcdh-bonn.de\/es\/producto\/punch-short-de-punch\/","title":{"rendered":"Punch Short de Punch"},"content":{"rendered":"<p>Die Punch Short de Punch verk\u00f6rpert die Essenz kubanischer Zigarrenkunst in einem kompakten Format. Diese Para\u00edsos mit einer L\u00e4nge von 120 mm und einem Ringma\u00df von 50 verspricht etwa 45 Minuten gepflegten Zigarrengenuss.<\/p>\n<p>Kenner sch\u00e4tzen die ausgewogene Mischung erlesener Tabake aus der Vuelta Abajo Region, die dieser mittelkr\u00e4ftigen Habano ihren charakteristischen Charakter verleihen. Erfahrene Aficionados berichten von einem komplexen Aromenprofil mit Noten von ger\u00f6steten N\u00fcssen, feiner W\u00fcrze und subtilen Ankl\u00e4ngen von Kakao und Leder.<\/p>\n<div style=\"text-align: center; margin: 20px 0;\">\n\u2022 Format: Para\u00edsos (120 mm x 50)<br \/>\n\u2022 St\u00e4rke: Medium<br \/>\n\u2022 Herkunft: Kuba, Vuelta Abajo<br \/>\n\u2022 Rauchdauer: ca. 45 Minuten<br \/>\n\u2022 Verpackung: 10er Kiste, Einzeln erh\u00e4ltlich\n<\/div>\n<p>Die 1840 gegr\u00fcndete Marke Punch verdankt ihren Namen dem popul\u00e4ren britischen Satiremagazin &#8220;Punch or The London Charivari&#8221;. Im Rauchverlauf entwickelt die Short de Punch eine angenehme Komplexit\u00e4t, die besonders im zweiten Drittel ihre volle Entfaltung findet.<\/p>\n<p>Diese Vitola eignet sich hervorragend f\u00fcr den genussvollen Nachmittag oder als eleganter Begleiter zu einem entspannten Digestif. Ein idealer Einstieg in die Welt der Punch f\u00fcr Einsteiger, w\u00e4hrend erfahrene Aficionados die ausgewogene Komposition zu sch\u00e4tzen wissen.<\/p>\n<p><small>Hersteller-\/Inverkehrbringerinformation:<br \/>\n5THAVENUE Products Trading-GmbH<br \/>\nSchwarzenbergstra\u00dfe 3-7<br \/>\nD-79761 Waldshut-Tiengen<br \/>\ninfo@5thAvenue.de<\/small><\/p>","protected":false},"excerpt":{"rendered":"<p>Die Punch Short de Punch verk\u00f6rpert die Essenz kubanischer Zigarrenkunst in einem kompakten Format. Diese Para\u00edsos mit einer L\u00e4nge von 120 mm und einem Ringma\u00df von 50 verspricht etwa 45 Minuten gepflegten Zigarrengenuss. Kenner sch\u00e4tzen die ausgewogene Mischung erlesener Tabake aus der Vuelta Abajo Region, die dieser mittelkr\u00e4ftigen Habano ihren charakteristischen Charakter verleihen. Erfahrene Aficionados berichten von einem komplexen Aromenprofil mit Noten von ger\u00f6steten N\u00fcssen, feiner W\u00fcrze und subtilen Ankl\u00e4ngen von Kakao und Leder. \u2022 Format: Para\u00edsos (120 mm x&#8230;<\/p>","protected":false},"featured_media":35602,"comment_status":"closed","ping_status":"closed","template":"","meta":{"_acf_changed":false},"etheme_brands":[{"term_id":201,"name":"Punch","slug":"punch","term_group":0,"term_taxonomy_id":201,"taxonomy":"brand","description":"[elementor-template id=\"15563\"]","parent":0,"count":3,"filter":"raw"}],"product_cat":[168,169,155],"product_tag":[],"class_list":{"0":"post-26130","1":"product","2":"type-product","3":"status-publish","4":"has-post-thumbnail","6":"brand-punch","7":"product_cat-zigarren","8":"product_cat-cuba","9":"product_cat-punch","10":"pa_laenge-778","11":"pa_orderable-no","12":"pa_ringmass-1249","13":"pa_verpackungseinheit-10er-kiste","14":"pa_verpackungseinheit-einzeln","16":"first","17":"instock","18":"taxable","19":"shipping-taxable","20":"product-type-variable"},"acf":[],"_links":{"self":[{"href":"https:\/\/www.lcdh-bonn.de\/es\/wp-json\/wp\/v2\/product\/26130","targetHints":{"allow":["GET"]}}],"collection":[{"href":"https:\/\/www.lcdh-bonn.de\/es\/wp-json\/wp\/v2\/product"}],"about":[{"href":"https:\/\/www.lcdh-bonn.de\/es\/wp-json\/wp\/v2\/types\/product"}],"replies":[{"embeddable":true,"href":"https:\/\/www.lcdh-bonn.de\/es\/wp-json\/wp\/v2\/comments?post=26130"}],"wp:featuredmedia":[{"embeddable":true,"href":"https:\/\/www.lcdh-bonn.de\/es\/wp-json\/wp\/v2\/media\/35602"}],"wp:attachment":[{"href":"https:\/\/www.lcdh-bonn.de\/es\/wp-json\/wp\/v2\/media?parent=26130"}],"wp:term":[{"taxonomy":"brand","embeddable":true,"href":"https:\/\/www.lcdh-bonn.de\/es\/wp-json\/wp\/v2\/etheme_brands?post=26130"},{"taxonomy":"product_cat","embeddable":true,"href":"https:\/\/www.lcdh-bonn.de\/es\/wp-json\/wp\/v2\/product_cat?post=26130"},{"taxonomy":"product_tag","embeddable":true,"href":"https:\/\/www.lcdh-bonn.de\/es\/wp-json\/wp\/v2\/product_tag?post=26130"}],"curies":[{"name":"wp","href":"https:\/\/api.w.org\/{rel}","templated":true}]}}