{"id":26144,"date":"2022-08-02T19:58:46","date_gmt":"2022-08-02T17:58:46","guid":{"rendered":"https:\/\/torbru.athene.wpspace.me\/product\/quintero-brevas\/"},"modified":"2026-02-17T16:45:53","modified_gmt":"2026-02-17T14:45:53","slug":"quintero-brevas","status":"publish","type":"product","link":"https:\/\/www.lcdh-bonn.de\/es\/producto\/quintero-brevas\/","title":{"rendered":"Quintero Brevas"},"content":{"rendered":"<p>Die Quintero Brevas &#8211; ein authentischer Ausdruck kubanischer Zigarrenkunst im klassischen Format Nacionales (L\u00e4nge: 140mm, Ringma\u00df: 40). Diese vollst\u00e4ndig von Hand gefertigte Zigarre aus der Region Cienfuegos verk\u00f6rpert die Essenz der kubanischen Tabakkultur.<\/p>\n<div style=\"text-align: center;\">\n\u2022 Format: Nacionales (140 x 40)<br \/>\n\u2022 St\u00e4rke: Medium bis kr\u00e4ftig<br \/>\n\u2022 Rauchdauer: ca. 45-60 Minuten<br \/>\n\u2022 Herkunft: Cienfuegos, Kuba<br \/>\n\u2022 Verpackung: 25er Kiste oder Einzeln\n<\/div>\n<p>Die Quintero Brevas wird ausschlie\u00dflich aus ausgew\u00e4hlten Tabaken der Vuelta Abajo Region gefertigt. Kenner sch\u00e4tzen den ausgewogenen Charakter dieser Longfiller-Zigarre. Erfahrene Aficionados berichten von erdigen Noten, gepaart mit subtilen Ankl\u00e4ngen von ger\u00f6steten N\u00fcssen und einer dezenten W\u00fcrze.<\/p>\n<p>Die 1924 von Agust\u00edn Quintero und seinen vier Br\u00fcdern gegr\u00fcndete Marke steht f\u00fcr traditionelle kubanische Handwerkskunst. Der Rauchverlauf pr\u00e4sentiert sich harmonisch und entwickelt sich von anf\u00e4nglich w\u00fcrzigen Noten zu einem ausbalancierten Geschmackserlebnis im mittleren Drittel.<\/p>\n<p>Ideal f\u00fcr entspannte Nachmittagsstunden oder als Begleiter zu einem guten Rum. Eine perfekte Wahl sowohl f\u00fcr Einsteiger als auch f\u00fcr erfahrene Genie\u00dfer, die authentischen kubanischen Tabakgenuss sch\u00e4tzen.<\/p>\n<p>Hersteller-\/Inverkehrbringerinformation:<br \/>\n5THAVENUE Products Trading-GmbH<br \/>\nSchwarzenbergstra\u00dfe 3-7<br \/>\nD-79761 Waldshut-Tiengen<br \/>\ninfo@5thAvenue.de<\/p>","protected":false},"excerpt":{"rendered":"<p>Die Quintero Brevas &#8211; ein authentischer Ausdruck kubanischer Zigarrenkunst im klassischen Format Nacionales (L\u00e4nge: 140mm, Ringma\u00df: 40). Diese vollst\u00e4ndig von Hand gefertigte Zigarre aus der Region Cienfuegos verk\u00f6rpert die Essenz der kubanischen Tabakkultur. \u2022 Format: Nacionales (140 x 40) \u2022 St\u00e4rke: Medium bis kr\u00e4ftig \u2022 Rauchdauer: ca. 45-60 Minuten \u2022 Herkunft: Cienfuegos, Kuba \u2022 Verpackung: 25er Kiste oder Einzeln Die Quintero Brevas wird ausschlie\u00dflich aus ausgew\u00e4hlten Tabaken der Vuelta Abajo Region gefertigt. Kenner sch\u00e4tzen den ausgewogenen Charakter dieser Longfiller-Zigarre. Erfahrene&#8230;<\/p>","protected":false},"featured_media":35605,"comment_status":"closed","ping_status":"closed","template":"","meta":{"_acf_changed":false},"etheme_brands":[{"term_id":203,"name":"Quintero","slug":"quintero","term_group":0,"term_taxonomy_id":203,"taxonomy":"brand","description":"[elementor-template id=\"15563\"]","parent":0,"count":6,"filter":"raw"}],"product_cat":[168,169,157],"product_tag":[],"class_list":{"0":"post-26144","1":"product","2":"type-product","3":"status-publish","4":"has-post-thumbnail","6":"brand-quintero","7":"product_cat-zigarren","8":"product_cat-cuba","9":"product_cat-quintero","10":"pa_laenge-1177","11":"pa_orderable-no","12":"pa_ringmass-1178","13":"pa_verpackungseinheit-25er-kiste","14":"pa_verpackungseinheit-einzeln","16":"first","17":"instock","18":"taxable","19":"shipping-taxable","20":"product-type-variable"},"acf":[],"_links":{"self":[{"href":"https:\/\/www.lcdh-bonn.de\/es\/wp-json\/wp\/v2\/product\/26144","targetHints":{"allow":["GET"]}}],"collection":[{"href":"https:\/\/www.lcdh-bonn.de\/es\/wp-json\/wp\/v2\/product"}],"about":[{"href":"https:\/\/www.lcdh-bonn.de\/es\/wp-json\/wp\/v2\/types\/product"}],"replies":[{"embeddable":true,"href":"https:\/\/www.lcdh-bonn.de\/es\/wp-json\/wp\/v2\/comments?post=26144"}],"wp:featuredmedia":[{"embeddable":true,"href":"https:\/\/www.lcdh-bonn.de\/es\/wp-json\/wp\/v2\/media\/35605"}],"wp:attachment":[{"href":"https:\/\/www.lcdh-bonn.de\/es\/wp-json\/wp\/v2\/media?parent=26144"}],"wp:term":[{"taxonomy":"brand","embeddable":true,"href":"https:\/\/www.lcdh-bonn.de\/es\/wp-json\/wp\/v2\/etheme_brands?post=26144"},{"taxonomy":"product_cat","embeddable":true,"href":"https:\/\/www.lcdh-bonn.de\/es\/wp-json\/wp\/v2\/product_cat?post=26144"},{"taxonomy":"product_tag","embeddable":true,"href":"https:\/\/www.lcdh-bonn.de\/es\/wp-json\/wp\/v2\/product_tag?post=26144"}],"curies":[{"name":"wp","href":"https:\/\/api.w.org\/{rel}","templated":true}]}}