{"id":26147,"date":"2022-08-02T19:59:26","date_gmt":"2022-08-02T17:59:26","guid":{"rendered":"https:\/\/torbru.athene.wpspace.me\/product\/quintero-favoritos\/"},"modified":"2026-02-19T16:49:25","modified_gmt":"2026-02-19T14:49:25","slug":"quintero-favoritos","status":"publish","type":"product","link":"https:\/\/www.lcdh-bonn.de\/es\/producto\/quintero-favoritos\/","title":{"rendered":"Quintero Favoritos"},"content":{"rendered":"<p>Die Quintero Favoritos verk\u00f6rpert die authentische Handwerkskunst der kubanischen Zigarrenherstellung. Im klassischen Format Conchas No. 2 mit einer L\u00e4nge von 115 mm und einem Ringma\u00df von 50 pr\u00e4sentiert sie sich als idealer Begleiter f\u00fcr entspannte Rauchmomente.<\/p>\n<p>Gefertigt aus ausgew\u00e4hlten Tabaken der Vuelta Abajo Region, \u00fcberzeugt diese vollst\u00e4ndig handgefertigte Zigarre mit ihrer mittleren bis kr\u00e4ftigen St\u00e4rke. Die gesch\u00e4tzte Rauchdauer von etwa 45-60 Minuten verspricht einen ausgiebigen Genussmoment.<\/p>\n<ul style=\"text-align: center;\">\n<li>Format: Conchas No. 2 (115 mm x 50)<\/li>\n<li>St\u00e4rke: Mittel bis kr\u00e4ftig<\/li>\n<li>Herkunft: Kuba, Vuelta Abajo<\/li>\n<li>Rauchdauer: 45-60 Minuten<\/li>\n<li>Verpackung: 25er Kiste, 5er Schachtel, Einzeln<\/li>\n<\/ul>\n<p>Erfahrene Genie\u00dfer berichten von einem charakterstarken Aromenprofil mit erdigen Noten, dezenter W\u00fcrze und Ankl\u00e4ngen von ger\u00f6steten N\u00fcssen. Im Rauchverlauf entwickelt sich eine angenehme Komplexit\u00e4t, die besonders im letzten Drittel zur Geltung kommt.<\/p>\n<p>Die 1934 gegr\u00fcndete Marke Quintero steht f\u00fcr die Tradition der kubanischen Zigarrenkultur und ist bekannt f\u00fcr ihr ausgezeichnetes Preis-Leistungs-Verh\u00e4ltnis. Diese Zigarre eignet sich hervorragend f\u00fcr den entspannten Abend auf der Terrasse oder als Begleitung zu einem guten Rum.<\/p>\n<p><small>Hersteller-\/Inverkehrbringerinformation:<br \/>\n5THAVENUE Products Trading-GmbH<br \/>\nSchwarzenbergstra\u00dfe 3-7<br \/>\nD-79761 Waldshut-Tiengen<br \/>\ninfo@5thAvenue.de<\/small><\/p>","protected":false},"excerpt":{"rendered":"<p>Die Quintero Favoritos verk\u00f6rpert die authentische Handwerkskunst der kubanischen Zigarrenherstellung. Im klassischen Format Conchas No. 2 mit einer L\u00e4nge von 115 mm und einem Ringma\u00df von 50 pr\u00e4sentiert sie sich als idealer Begleiter f\u00fcr entspannte Rauchmomente. Gefertigt aus ausgew\u00e4hlten Tabaken der Vuelta Abajo Region, \u00fcberzeugt diese vollst\u00e4ndig handgefertigte Zigarre mit ihrer mittleren bis kr\u00e4ftigen St\u00e4rke. Die gesch\u00e4tzte Rauchdauer von etwa 45-60 Minuten verspricht einen ausgiebigen Genussmoment. Format: Conchas No. 2 (115 mm x 50) St\u00e4rke: Mittel bis kr\u00e4ftig Herkunft: Kuba,&#8230;<\/p>","protected":false},"featured_media":35606,"comment_status":"closed","ping_status":"closed","template":"","meta":{"_acf_changed":false},"etheme_brands":[{"term_id":203,"name":"Quintero","slug":"quintero","term_group":0,"term_taxonomy_id":203,"taxonomy":"brand","description":"[elementor-template id=\"15563\"]","parent":0,"count":6,"filter":"raw"}],"product_cat":[168,169,157],"product_tag":[],"class_list":{"0":"post-26147","1":"product","2":"type-product","3":"status-publish","4":"has-post-thumbnail","6":"brand-quintero","7":"product_cat-zigarren","8":"product_cat-cuba","9":"product_cat-quintero","10":"pa_laenge-778","11":"pa_orderable-no","12":"pa_ringmass-1181","13":"pa_verpackungseinheit-25er-kiste","14":"pa_verpackungseinheit-5er-schachtel","15":"pa_verpackungseinheit-einzeln","17":"first","18":"instock","19":"taxable","20":"shipping-taxable","21":"product-type-variable"},"acf":[],"_links":{"self":[{"href":"https:\/\/www.lcdh-bonn.de\/es\/wp-json\/wp\/v2\/product\/26147","targetHints":{"allow":["GET"]}}],"collection":[{"href":"https:\/\/www.lcdh-bonn.de\/es\/wp-json\/wp\/v2\/product"}],"about":[{"href":"https:\/\/www.lcdh-bonn.de\/es\/wp-json\/wp\/v2\/types\/product"}],"replies":[{"embeddable":true,"href":"https:\/\/www.lcdh-bonn.de\/es\/wp-json\/wp\/v2\/comments?post=26147"}],"wp:featuredmedia":[{"embeddable":true,"href":"https:\/\/www.lcdh-bonn.de\/es\/wp-json\/wp\/v2\/media\/35606"}],"wp:attachment":[{"href":"https:\/\/www.lcdh-bonn.de\/es\/wp-json\/wp\/v2\/media?parent=26147"}],"wp:term":[{"taxonomy":"brand","embeddable":true,"href":"https:\/\/www.lcdh-bonn.de\/es\/wp-json\/wp\/v2\/etheme_brands?post=26147"},{"taxonomy":"product_cat","embeddable":true,"href":"https:\/\/www.lcdh-bonn.de\/es\/wp-json\/wp\/v2\/product_cat?post=26147"},{"taxonomy":"product_tag","embeddable":true,"href":"https:\/\/www.lcdh-bonn.de\/es\/wp-json\/wp\/v2\/product_tag?post=26147"}],"curies":[{"name":"wp","href":"https:\/\/api.w.org\/{rel}","templated":true}]}}