{"id":26196,"date":"2022-08-02T19:59:26","date_gmt":"2022-08-02T17:59:26","guid":{"rendered":"https:\/\/torbru.athene.wpspace.me\/product\/romeo-y-julieta-cedros-de-luxe-no-2\/"},"modified":"2026-01-14T19:07:19","modified_gmt":"2026-01-14T17:07:19","slug":"romeo-y-julieta-linea-clasica-cedros-de-luxe-no-2","status":"publish","type":"product","link":"https:\/\/www.lcdh-bonn.de\/es\/producto\/romeo-y-julieta-linea-clasica-cedros-de-luxe-no-2\/","title":{"rendered":"Romeo y Julieta Linea Clasica Cedros de Luxe No.2"},"content":{"rendered":"<p>Die Romeo y Julieta Cedros de Luxe No.2 verk\u00f6rpert die zeitlose Eleganz kubanischer Zigarrenkunst. Diese Corona aus der Linea Clasica Serie pr\u00e4sentiert sich in einem klassischen Format von 142 mm L\u00e4nge bei einem Ringma\u00df von 42.<\/p>\n<p>Jede einzelne Zigarre wird traditionell von Hand gefertigt und in feinstes Zedernholz geh\u00fcllt, was ihr zus\u00e4tzlichen Schutz und eine subtile aromatische Note verleiht.<\/p>\n<div style=\"text-align: center;\">\n<ul style=\"display: inline-block; text-align: left;\">\n\u2022 Format: Corona<br \/>\n\u2022 L\u00e4nge: 142 mm<br \/>\n\u2022 Ringma\u00df: 42<br \/>\n\u2022 St\u00e4rke: Medium<br \/>\n\u2022 Rauchdauer: ca. 45-60 Minuten<br \/>\n\u2022 Herkunft: Kuba, Vuelta Abajo<br \/>\n\u2022 Verpackung: 25er Kiste, Einzeln erh\u00e4ltlich\n<\/ul>\n<\/div>\n<p>Kenner sch\u00e4tzen das ausgewogene Aromenprofil mit Noten von ger\u00f6steten N\u00fcssen, feiner W\u00fcrze und subtilen Holznuancen. Im Rauchverlauf entwickelt sich eine cremige Textur mit Ankl\u00e4ngen von Zedernholz und leicht s\u00fc\u00dflichen Kakaonoten.<\/p>\n<p>Die Marke Romeo y Julieta, gegr\u00fcndet 1875, verdankt ihren Namen Shakespeares unsterblichem Liebesdrama. Winston Churchill z\u00e4hlte zu ihren bekanntesten Aficionados.<\/p>\n<p>Eine ideale Wahl f\u00fcr entspannte Abendstunden, gesch\u00e4ftliche Zusammenk\u00fcnfte oder besondere Anl\u00e4sse, die nach kubanischer Finesse verlangen.<\/p>\n<p><small>Hersteller-\/Inverkehrbringerinformation:<br \/>\n5THAVENUE Products Trading-GmbH<br \/>\nSchwarzenbergstra\u00dfe 3-7<br \/>\nD-79761 Waldshut-Tiengen<br \/>\ninfo@5thAvenue.de<\/small><\/p>","protected":false},"excerpt":{"rendered":"<p>Die Romeo y Julieta Cedros de Luxe No.2 verk\u00f6rpert die zeitlose Eleganz kubanischer Zigarrenkunst. Diese Corona aus der Linea Clasica Serie pr\u00e4sentiert sich in einem klassischen Format von 142 mm L\u00e4nge bei einem Ringma\u00df von 42. Jede einzelne Zigarre wird traditionell von Hand gefertigt und in feinstes Zedernholz geh\u00fcllt, was ihr zus\u00e4tzlichen Schutz und eine subtile aromatische Note verleiht. \u2022 Format: Corona \u2022 L\u00e4nge: 142 mm \u2022 Ringma\u00df: 42 \u2022 St\u00e4rke: Medium \u2022 Rauchdauer: ca. 45-60 Minuten \u2022 Herkunft: Kuba,&#8230;<\/p>","protected":false},"featured_media":35620,"comment_status":"closed","ping_status":"closed","template":"","meta":{"_acf_changed":false},"etheme_brands":[{"term_id":206,"name":"Romeo y Julieta","slug":"romeo-y-julieta","term_group":0,"term_taxonomy_id":206,"taxonomy":"brand","description":"[elementor-template id=\"15563\"]","parent":0,"count":44,"filter":"raw"}],"product_cat":[168,169,160,589],"product_tag":[],"class_list":{"0":"post-26196","1":"product","2":"type-product","3":"status-publish","4":"has-post-thumbnail","6":"brand-romeo-y-julieta","7":"product_cat-zigarren","8":"product_cat-cuba","9":"product_cat-romeo-y-julieta","10":"product_cat-linea-clasica-romeo-y-julieta","11":"pa_laenge-1176","12":"pa_orderable-no","13":"pa_ringmass-1266","14":"pa_verpackungseinheit-25er-kiste","15":"pa_verpackungseinheit-einzeln","17":"first","18":"outofstock","19":"taxable","20":"shipping-taxable","21":"product-type-variable"},"acf":[],"_links":{"self":[{"href":"https:\/\/www.lcdh-bonn.de\/es\/wp-json\/wp\/v2\/product\/26196","targetHints":{"allow":["GET"]}}],"collection":[{"href":"https:\/\/www.lcdh-bonn.de\/es\/wp-json\/wp\/v2\/product"}],"about":[{"href":"https:\/\/www.lcdh-bonn.de\/es\/wp-json\/wp\/v2\/types\/product"}],"replies":[{"embeddable":true,"href":"https:\/\/www.lcdh-bonn.de\/es\/wp-json\/wp\/v2\/comments?post=26196"}],"wp:featuredmedia":[{"embeddable":true,"href":"https:\/\/www.lcdh-bonn.de\/es\/wp-json\/wp\/v2\/media\/35620"}],"wp:attachment":[{"href":"https:\/\/www.lcdh-bonn.de\/es\/wp-json\/wp\/v2\/media?parent=26196"}],"wp:term":[{"taxonomy":"brand","embeddable":true,"href":"https:\/\/www.lcdh-bonn.de\/es\/wp-json\/wp\/v2\/etheme_brands?post=26196"},{"taxonomy":"product_cat","embeddable":true,"href":"https:\/\/www.lcdh-bonn.de\/es\/wp-json\/wp\/v2\/product_cat?post=26196"},{"taxonomy":"product_tag","embeddable":true,"href":"https:\/\/www.lcdh-bonn.de\/es\/wp-json\/wp\/v2\/product_tag?post=26196"}],"curies":[{"name":"wp","href":"https:\/\/api.w.org\/{rel}","templated":true}]}}