{"id":26252,"date":"2022-08-02T20:00:04","date_gmt":"2022-08-02T18:00:04","guid":{"rendered":"https:\/\/torbru.athene.wpspace.me\/product\/romeo-y-julieta-petit-churchills-a-t\/"},"modified":"2026-02-17T13:55:27","modified_gmt":"2026-02-17T11:55:27","slug":"romeo-y-julieta-linea-churchill-petit-churchills-a-t","status":"publish","type":"product","link":"https:\/\/www.lcdh-bonn.de\/es\/producto\/romeo-y-julieta-linea-churchill-petit-churchills-a-t\/","title":{"rendered":"Romeo y Julieta Linea Churchill Petit Churchills A\/T"},"content":{"rendered":"<p>Die Romeo y Julieta Petit Churchills pr\u00e4sentiert sich als elegante Vertreterin des Petit Robusto Formats, die den legend\u00e4ren Churchill-Charakter in kompakter Form verk\u00f6rpert. Mit einer L\u00e4nge von 102 mm und einem Ringma\u00df von 50 bietet diese vollst\u00e4ndig handgefertigte Habano aus der renommierten Manufaktur Romeo y Julieta eine perfekte Balance zwischen Format und Genussdauer von etwa 30-40 Minuten.<\/p>\n<p>Kenner sch\u00e4tzen die harmonische Kombination ausgew\u00e4hlter Tabake aus der Vuelta Abajo Region, die sich in einer mittleren St\u00e4rke manifestiert. Erfahrene Aficionados berichten von einem ausgewogenen Aromenprofil mit Noten von ger\u00f6steten N\u00fcssen, feiner W\u00fcrze und subtilen Ankl\u00e4ngen von Zedernholz, begleitet von einer dezenten S\u00fc\u00dfe im Hintergrund.<\/p>\n<ul style=\"text-align: center;\">\n<li>Format: Petit Robusto<\/li>\n<li>L\u00e4nge: 102 mm<\/li>\n<li>Ringma\u00df: 50<\/li>\n<li>St\u00e4rke: Medium<\/li>\n<li>Herkunft: Kuba, Vuelta Abajo<\/li>\n<li>Rauchdauer: 30-40 Minuten<\/li>\n<\/ul>\n<p>Die Marke Romeo y Julieta, gegr\u00fcndet 1875, erlangte besonders durch Winston Churchill internationale Bekanntheit, der ihr begeisterter Anh\u00e4nger war. Die Petit Churchills \u00fcberzeugt durch einen gleichm\u00e4\u00dfigen Abbrand und eine perfekte Zugwiderstand, gesch\u00fctzt durch ein Aluminium-Tube (A\/T).<\/p>\n<p>Erh\u00e4ltlich als 3er Packung oder einzeln, eignet sich diese Zigarre hervorragend f\u00fcr den genussvollen Nachmittag, die entspannte Pause zwischendurch oder als eleganter Begleiter zu einem guten Gespr\u00e4ch.<\/p>\n<p>Hersteller-\/Inverkehrbringerinformation:<br \/>\n5THAVENUE Products Trading-GmbH<br \/>\nSchwarzenbergstra\u00dfe 3-7<br \/>\nD-79761 Waldshut-Tiengen<br\n<\/p>","protected":false},"excerpt":{"rendered":"<p>Die Romeo y Julieta Petit Churchills pr\u00e4sentiert sich als elegante Vertreterin des Petit Robusto Formats, die den legend\u00e4ren Churchill-Charakter in kompakter Form verk\u00f6rpert. Mit einer L\u00e4nge von 102 mm und einem Ringma\u00df von 50 bietet diese vollst\u00e4ndig handgefertigte Habano aus der renommierten Manufaktur Romeo y Julieta eine perfekte Balance zwischen Format und Genussdauer von etwa 30-40 Minuten. Kenner sch\u00e4tzen die harmonische Kombination ausgew\u00e4hlter Tabake aus der Vuelta Abajo Region, die sich in einer mittleren St\u00e4rke manifestiert. Erfahrene Aficionados berichten von&#8230;<\/p>","protected":false},"featured_media":35628,"comment_status":"closed","ping_status":"open","template":"","meta":{"_acf_changed":false},"etheme_brands":[{"term_id":206,"name":"Romeo y Julieta","slug":"romeo-y-julieta","term_group":0,"term_taxonomy_id":206,"taxonomy":"brand","description":"[elementor-template id=\"15563\"]","parent":0,"count":44,"filter":"raw"}],"product_cat":[168,169,160,634],"product_tag":[],"class_list":{"0":"post-26252","1":"product","2":"type-product","3":"status-publish","4":"has-post-thumbnail","6":"brand-romeo-y-julieta","7":"product_cat-zigarren","8":"product_cat-cuba","9":"product_cat-romeo-y-julieta","10":"product_cat-linea-churchill-romeo-y-julieta","11":"pa_laenge-778","12":"pa_orderable-no","13":"pa_ringmass-1174","14":"pa_verpackungseinheit-3er-schachtel","15":"pa_verpackungseinheit-einzeln","17":"first","18":"instock","19":"taxable","20":"shipping-taxable","21":"product-type-variable"},"acf":[],"_links":{"self":[{"href":"https:\/\/www.lcdh-bonn.de\/es\/wp-json\/wp\/v2\/product\/26252","targetHints":{"allow":["GET"]}}],"collection":[{"href":"https:\/\/www.lcdh-bonn.de\/es\/wp-json\/wp\/v2\/product"}],"about":[{"href":"https:\/\/www.lcdh-bonn.de\/es\/wp-json\/wp\/v2\/types\/product"}],"replies":[{"embeddable":true,"href":"https:\/\/www.lcdh-bonn.de\/es\/wp-json\/wp\/v2\/comments?post=26252"}],"wp:featuredmedia":[{"embeddable":true,"href":"https:\/\/www.lcdh-bonn.de\/es\/wp-json\/wp\/v2\/media\/35628"}],"wp:attachment":[{"href":"https:\/\/www.lcdh-bonn.de\/es\/wp-json\/wp\/v2\/media?parent=26252"}],"wp:term":[{"taxonomy":"brand","embeddable":true,"href":"https:\/\/www.lcdh-bonn.de\/es\/wp-json\/wp\/v2\/etheme_brands?post=26252"},{"taxonomy":"product_cat","embeddable":true,"href":"https:\/\/www.lcdh-bonn.de\/es\/wp-json\/wp\/v2\/product_cat?post=26252"},{"taxonomy":"product_tag","embeddable":true,"href":"https:\/\/www.lcdh-bonn.de\/es\/wp-json\/wp\/v2\/product_tag?post=26252"}],"curies":[{"name":"wp","href":"https:\/\/api.w.org\/{rel}","templated":true}]}}