{"id":26255,"date":"2022-08-02T20:00:04","date_gmt":"2022-08-02T18:00:04","guid":{"rendered":"https:\/\/torbru.athene.wpspace.me\/product\/romeo-y-julieta-petit-julietas\/"},"modified":"2026-01-29T13:18:50","modified_gmt":"2026-01-29T11:18:50","slug":"romeo-y-julieta-linea-clasica-petit-julietas","status":"publish","type":"product","link":"https:\/\/www.lcdh-bonn.de\/es\/producto\/romeo-y-julieta-linea-clasica-petit-julietas\/","title":{"rendered":"Romeo y Julieta L\u00ednea Cl\u00e1sica Petit Julietas"},"content":{"rendered":"<p>Die Romeo y Julieta Petit Julietas verk\u00f6rpert die zeitlose Eleganz der traditionsreichen kubanischen Marke in einem kompakten Format. Diese Entreactos aus der Linea Clasica Serie pr\u00e4sentiert sich als idealer Begleiter f\u00fcr den kleinen Genussmoment.<\/p>\n<p>Kenner sch\u00e4tzen die ausgewogene Komposition ausgew\u00e4hlter Tabake aus der Vuelta Abajo Region. Erfahrene Aficionados berichten von einem ausbalancierten Aromenprofil mit dezenten Noten von Zedernholz, leichtem Leder und feinen R\u00f6staromen, untermalt von einer subtilen W\u00fcrze.<\/p>\n<div style=\"text-align: center;\">\n<ul style=\"list-style-type: none;\">\n<li>Format: Entreactos<\/li>\n<li>L\u00e4nge: 100 mm<\/li>\n<li>Ringma\u00df: 30<\/li>\n<li>St\u00e4rke: Leicht bis Medium<\/li>\n<li>Rauchdauer: ca. 20 Minuten<\/li>\n<li>Herkunft: Kuba, Vuelta Abajo<\/li>\n<li>Verpackung: 25er Kiste, Einzeln erh\u00e4ltlich<\/li>\n<\/ul>\n<\/div>\n<p>Die Geschichte von Romeo y Julieta reicht bis ins Jahr 1875 zur\u00fcck. Die Marke wurde nach Shakespeares gleichnamiger Trag\u00f6die benannt und erlangte besonders in den 1950er Jahren internationale Ber\u00fchmtheit, als Winston Churchill sie zu seiner bevorzugten Zigarre erkor.<\/p>\n<p>Die Petit Julietas eignet sich hervorragend als Einsteigerzigarre oder f\u00fcr die kurze Genu\u00dfpause zwischendurch. Ihr sanfter Charakter und die moderate Rauchdauer machen sie zum perfekten Begleiter f\u00fcr den Nachmittagskaffee oder den abendlichen Digestif.<\/p>\n<p>Hersteller-\/Inverkehrbringerinformation:<br \/>\n5THAVENUE Products Trading-GmbH<br \/>\nSchwarzenbergstra\u00dfe 3-7<br \/>\nD-79761 Waldshut-Tiengen<br \/>\ninfo@5thAvenue.de<\/p>","protected":false},"excerpt":{"rendered":"<p>Die Romeo y Julieta Petit Julietas verk\u00f6rpert die zeitlose Eleganz der traditionsreichen kubanischen Marke in einem kompakten Format. Diese Entreactos aus der Linea Clasica Serie pr\u00e4sentiert sich als idealer Begleiter f\u00fcr den kleinen Genussmoment. Kenner sch\u00e4tzen die ausgewogene Komposition ausgew\u00e4hlter Tabake aus der Vuelta Abajo Region. Erfahrene Aficionados berichten von einem ausbalancierten Aromenprofil mit dezenten Noten von Zedernholz, leichtem Leder und feinen R\u00f6staromen, untermalt von einer subtilen W\u00fcrze. Format: Entreactos L\u00e4nge: 100 mm Ringma\u00df: 30 St\u00e4rke: Leicht bis Medium Rauchdauer:&#8230;<\/p>","protected":false},"featured_media":35629,"comment_status":"closed","ping_status":"closed","template":"","meta":{"_acf_changed":false},"etheme_brands":[{"term_id":206,"name":"Romeo y Julieta","slug":"romeo-y-julieta","term_group":0,"term_taxonomy_id":206,"taxonomy":"brand","description":"[elementor-template id=\"15563\"]","parent":0,"count":44,"filter":"raw"}],"product_cat":[168,169,160,589],"product_tag":[],"class_list":{"0":"post-26255","1":"product","2":"type-product","3":"status-publish","4":"has-post-thumbnail","6":"brand-romeo-y-julieta","7":"product_cat-zigarren","8":"product_cat-cuba","9":"product_cat-romeo-y-julieta","10":"product_cat-linea-clasica-romeo-y-julieta","11":"pa_laenge-1179","12":"pa_orderable-no","13":"pa_ringmass-1187","14":"pa_verpackungseinheit-25er-kiste","15":"pa_verpackungseinheit-einzeln","17":"first","18":"outofstock","19":"taxable","20":"shipping-taxable","21":"purchasable","22":"product-type-variable"},"acf":[],"_links":{"self":[{"href":"https:\/\/www.lcdh-bonn.de\/es\/wp-json\/wp\/v2\/product\/26255","targetHints":{"allow":["GET"]}}],"collection":[{"href":"https:\/\/www.lcdh-bonn.de\/es\/wp-json\/wp\/v2\/product"}],"about":[{"href":"https:\/\/www.lcdh-bonn.de\/es\/wp-json\/wp\/v2\/types\/product"}],"replies":[{"embeddable":true,"href":"https:\/\/www.lcdh-bonn.de\/es\/wp-json\/wp\/v2\/comments?post=26255"}],"wp:featuredmedia":[{"embeddable":true,"href":"https:\/\/www.lcdh-bonn.de\/es\/wp-json\/wp\/v2\/media\/35629"}],"wp:attachment":[{"href":"https:\/\/www.lcdh-bonn.de\/es\/wp-json\/wp\/v2\/media?parent=26255"}],"wp:term":[{"taxonomy":"brand","embeddable":true,"href":"https:\/\/www.lcdh-bonn.de\/es\/wp-json\/wp\/v2\/etheme_brands?post=26255"},{"taxonomy":"product_cat","embeddable":true,"href":"https:\/\/www.lcdh-bonn.de\/es\/wp-json\/wp\/v2\/product_cat?post=26255"},{"taxonomy":"product_tag","embeddable":true,"href":"https:\/\/www.lcdh-bonn.de\/es\/wp-json\/wp\/v2\/product_tag?post=26255"}],"curies":[{"name":"wp","href":"https:\/\/api.w.org\/{rel}","templated":true}]}}