{"id":26261,"date":"2022-08-02T20:00:04","date_gmt":"2022-08-02T18:00:04","guid":{"rendered":"https:\/\/torbru.athene.wpspace.me\/product\/romeo-y-julieta-petit-royales-a-t\/"},"modified":"2026-02-11T17:50:11","modified_gmt":"2026-02-11T15:50:11","slug":"romeo-y-julieta-linea-clasica-petit-royales-a-t","status":"publish","type":"product","link":"https:\/\/www.lcdh-bonn.de\/es\/producto\/romeo-y-julieta-linea-clasica-petit-royales-a-t\/","title":{"rendered":"Romeo y Julieta Linea Clasica Petit Royales A\/T"},"content":{"rendered":"<p>Die Romeo y Julieta Petit Royales A\/T verk\u00f6rpert die zeitlose Eleganz der traditionsreichen kubanischen Marke in einem kompakten Format. Diese Caprichos mit einer L\u00e4nge von 95 mm und einem Ringma\u00df von 47 ist ein perfekter Begleiter f\u00fcr den genussvollen Moment zwischendurch.<\/p>\n<p>Gefertigt aus erlesenen Tabaken der Vuelta Abajo Region pr\u00e4sentiert sich diese vollst\u00e4ndig handgefertigte Habano in der charakteristischen mittelkr\u00e4ftigen St\u00e4rke der Marke. Die Rauchdauer von etwa 30-40 Minuten macht sie zum idealen Begleiter f\u00fcr die kleine Auszeit.<\/p>\n<ul style=\"text-align: center;\">\n<li>Format: Caprichos<\/li>\n<li>L\u00e4nge: 95 mm<\/li>\n<li>Ringma\u00df: 47<\/li>\n<li>St\u00e4rke: Medium<\/li>\n<li>Rauchdauer: 30-40 Minuten<\/li>\n<li>Herkunft: Kuba, Vuelta Abajo<\/li>\n<\/ul>\n<p>Kenner sch\u00e4tzen das ausgewogene Aromenprofil mit Noten von ger\u00f6steten N\u00fcssen, feiner W\u00fcrze und einem Hauch von Zedernholz. Im Rauchverlauf entwickelt sich eine angenehme Cremigkeit, die von dezenten Kakao- und Ledernuancen begleitet wird.<\/p>\n<p>Die 1875 gegr\u00fcndete Marke Romeo y Julieta verdankt ihren Namen der gleichnamigen Shakespeare-Trag\u00f6die und wurde besonders durch Winston Churchill ber\u00fchmt, der ihr begeisterter Anh\u00e4nger war.<\/p>\n<p>Erh\u00e4ltlich als 3er Schachtel oder einzeln. Der Aluminium-Tubus (A\/T) sch\u00fctzt die Zigarre perfekt und macht sie zum idealen Begleiter f\u00fcr unterwegs. Perfekt geeignet f\u00fcr entspannte Momente am Nachmittag, als Digestif oder f\u00fcr den genussvollen Spaziergang.<\/p>\n<p>Hersteller-\/Inverkehrbringerinformation:<br \/>\n5THAVENUE Products Trading-GmbH<br \/>\nSchwarzenbergstra\u00dfe 3-7<\/p>","protected":false},"excerpt":{"rendered":"<p>Die Romeo y Julieta Petit Royales A\/T verk\u00f6rpert die zeitlose Eleganz der traditionsreichen kubanischen Marke in einem kompakten Format. Diese Caprichos mit einer L\u00e4nge von 95 mm und einem Ringma\u00df von 47 ist ein perfekter Begleiter f\u00fcr den genussvollen Moment zwischendurch. Gefertigt aus erlesenen Tabaken der Vuelta Abajo Region pr\u00e4sentiert sich diese vollst\u00e4ndig handgefertigte Habano in der charakteristischen mittelkr\u00e4ftigen St\u00e4rke der Marke. Die Rauchdauer von etwa 30-40 Minuten macht sie zum idealen Begleiter f\u00fcr die kleine Auszeit. Format: Caprichos L\u00e4nge:&#8230;<\/p>","protected":false},"featured_media":0,"comment_status":"closed","ping_status":"open","template":"","meta":{"_acf_changed":false},"etheme_brands":[{"term_id":206,"name":"Romeo y Julieta","slug":"romeo-y-julieta","term_group":0,"term_taxonomy_id":206,"taxonomy":"brand","description":"[elementor-template id=\"15563\"]","parent":0,"count":44,"filter":"raw"}],"product_cat":[168,169,160,589],"product_tag":[],"class_list":{"0":"post-26261","1":"product","2":"type-product","3":"status-publish","5":"brand-romeo-y-julieta","6":"product_cat-zigarren","7":"product_cat-cuba","8":"product_cat-romeo-y-julieta","9":"product_cat-linea-clasica-romeo-y-julieta","10":"pa_laenge-1221","11":"pa_orderable-no","12":"pa_ringmass-1184","13":"pa_verpackungseinheit-3er-schachtel","14":"pa_verpackungseinheit-einzeln","16":"first","17":"instock","18":"taxable","19":"shipping-taxable","20":"product-type-variable"},"acf":[],"_links":{"self":[{"href":"https:\/\/www.lcdh-bonn.de\/es\/wp-json\/wp\/v2\/product\/26261","targetHints":{"allow":["GET"]}}],"collection":[{"href":"https:\/\/www.lcdh-bonn.de\/es\/wp-json\/wp\/v2\/product"}],"about":[{"href":"https:\/\/www.lcdh-bonn.de\/es\/wp-json\/wp\/v2\/types\/product"}],"replies":[{"embeddable":true,"href":"https:\/\/www.lcdh-bonn.de\/es\/wp-json\/wp\/v2\/comments?post=26261"}],"wp:attachment":[{"href":"https:\/\/www.lcdh-bonn.de\/es\/wp-json\/wp\/v2\/media?parent=26261"}],"wp:term":[{"taxonomy":"brand","embeddable":true,"href":"https:\/\/www.lcdh-bonn.de\/es\/wp-json\/wp\/v2\/etheme_brands?post=26261"},{"taxonomy":"product_cat","embeddable":true,"href":"https:\/\/www.lcdh-bonn.de\/es\/wp-json\/wp\/v2\/product_cat?post=26261"},{"taxonomy":"product_tag","embeddable":true,"href":"https:\/\/www.lcdh-bonn.de\/es\/wp-json\/wp\/v2\/product_tag?post=26261"}],"curies":[{"name":"wp","href":"https:\/\/api.w.org\/{rel}","templated":true}]}}