{"id":26267,"date":"2022-08-02T20:00:04","date_gmt":"2022-08-02T18:00:04","guid":{"rendered":"https:\/\/torbru.athene.wpspace.me\/product\/romeo-y-julieta-regalias-londres\/"},"modified":"2026-01-29T17:23:00","modified_gmt":"2026-01-29T15:23:00","slug":"romeo-y-julieta-linea-clasica-regalias-londres","status":"publish","type":"product","link":"https:\/\/www.lcdh-bonn.de\/es\/producto\/romeo-y-julieta-linea-clasica-regalias-londres\/","title":{"rendered":"Romeo y Julieta Linea Clasica Regalias Londres"},"content":{"rendered":"<p>Die Romeo y Julieta Regalias Londres verk\u00f6rpert die zeitlose Eleganz der traditionsreichen kubanischen Marke in einem kompakten Coronitas-Format. Diese handgefertigte Habano aus 100% kubanischem Tabak der Region Vuelta Abajo pr\u00e4sentiert sich in klassischer Erscheinung.<\/p>\n<div style=\"text-align: center;\">\n\u2022 Format: Coronitas (L\u00e4nge: 117 mm, Ringma\u00df: 40)<br \/>\n\u2022 St\u00e4rke: Mild bis Medium<br \/>\n\u2022 Rauchdauer: ca. 20-25 Minuten<br \/>\n\u2022 Herkunft: Kuba, Vuelta Abajo<br \/>\n\u2022 Verpackung: 25er Kiste, auch einzeln erh\u00e4ltlich\n<\/div>\n<p>Kenner sch\u00e4tzen bei dieser Vitola besonders die feinen Noten von ger\u00f6steten N\u00fcssen, begleitet von dezenten Ankl\u00e4ngen von Zedernholz und einer subtilen W\u00fcrze. Im Rauchverlauf entwickelt sich ein harmonisches Zusammenspiel von cremiger S\u00fc\u00dfe und leicht erdigen Nuancen.<\/p>\n<p>Die 1875 gegr\u00fcndete Marke Romeo y Julieta verdankt ihren Namen der gleichnamigen Shakespeare-Trag\u00f6die und wurde besonders durch Winston Churchill ber\u00fchmt, der die Zigarren der Marke sehr sch\u00e4tzte.<\/p>\n<p>Die Regalias Londres eignet sich hervorragend als Einsteiger-Habano oder f\u00fcr den genussvollen Moment zwischendurch &#8211; sei es in der Mittagspause oder als eleganter Tagesausklang.<\/p>\n<p>Hersteller-\/Inverkehrbringerinformation:<br \/>\n5THAVENUE Products Trading-GmbH<br \/>\nSchwarzenbergstra\u00dfe 3-7<br \/>\nD-79761 Waldshut-Tiengen<br \/>\ninfo@5thAvenue.de<\/p>","protected":false},"excerpt":{"rendered":"<p>Die Romeo y Julieta Regalias Londres verk\u00f6rpert die zeitlose Eleganz der traditionsreichen kubanischen Marke in einem kompakten Coronitas-Format. Diese handgefertigte Habano aus 100% kubanischem Tabak der Region Vuelta Abajo pr\u00e4sentiert sich in klassischer Erscheinung. \u2022 Format: Coronitas (L\u00e4nge: 117 mm, Ringma\u00df: 40) \u2022 St\u00e4rke: Mild bis Medium \u2022 Rauchdauer: ca. 20-25 Minuten \u2022 Herkunft: Kuba, Vuelta Abajo \u2022 Verpackung: 25er Kiste, auch einzeln erh\u00e4ltlich Kenner sch\u00e4tzen bei dieser Vitola besonders die feinen Noten von ger\u00f6steten N\u00fcssen, begleitet von dezenten Ankl\u00e4ngen&#8230;<\/p>","protected":false},"featured_media":35631,"comment_status":"closed","ping_status":"open","template":"","meta":{"_acf_changed":false},"etheme_brands":[{"term_id":206,"name":"Romeo y Julieta","slug":"romeo-y-julieta","term_group":0,"term_taxonomy_id":206,"taxonomy":"brand","description":"[elementor-template id=\"15563\"]","parent":0,"count":44,"filter":"raw"}],"product_cat":[168,169,160,589],"product_tag":[],"class_list":{"0":"post-26267","1":"product","2":"type-product","3":"status-publish","4":"has-post-thumbnail","6":"brand-romeo-y-julieta","7":"product_cat-zigarren","8":"product_cat-cuba","9":"product_cat-romeo-y-julieta","10":"product_cat-linea-clasica-romeo-y-julieta","11":"pa_laenge-1177","12":"pa_orderable-no","13":"pa_ringmass-1215","14":"pa_verpackungseinheit-25er-kiste","15":"pa_verpackungseinheit-einzeln","17":"first","18":"instock","19":"taxable","20":"shipping-taxable","21":"purchasable","22":"product-type-variable"},"acf":[],"_links":{"self":[{"href":"https:\/\/www.lcdh-bonn.de\/es\/wp-json\/wp\/v2\/product\/26267","targetHints":{"allow":["GET"]}}],"collection":[{"href":"https:\/\/www.lcdh-bonn.de\/es\/wp-json\/wp\/v2\/product"}],"about":[{"href":"https:\/\/www.lcdh-bonn.de\/es\/wp-json\/wp\/v2\/types\/product"}],"replies":[{"embeddable":true,"href":"https:\/\/www.lcdh-bonn.de\/es\/wp-json\/wp\/v2\/comments?post=26267"}],"wp:featuredmedia":[{"embeddable":true,"href":"https:\/\/www.lcdh-bonn.de\/es\/wp-json\/wp\/v2\/media\/35631"}],"wp:attachment":[{"href":"https:\/\/www.lcdh-bonn.de\/es\/wp-json\/wp\/v2\/media?parent=26267"}],"wp:term":[{"taxonomy":"brand","embeddable":true,"href":"https:\/\/www.lcdh-bonn.de\/es\/wp-json\/wp\/v2\/etheme_brands?post=26267"},{"taxonomy":"product_cat","embeddable":true,"href":"https:\/\/www.lcdh-bonn.de\/es\/wp-json\/wp\/v2\/product_cat?post=26267"},{"taxonomy":"product_tag","embeddable":true,"href":"https:\/\/www.lcdh-bonn.de\/es\/wp-json\/wp\/v2\/product_tag?post=26267"}],"curies":[{"name":"wp","href":"https:\/\/api.w.org\/{rel}","templated":true}]}}