{"id":26280,"date":"2022-08-02T20:00:04","date_gmt":"2022-08-02T18:00:04","guid":{"rendered":"https:\/\/torbru.athene.wpspace.me\/product\/romeo-y-julieta-wide-churchills\/"},"modified":"2026-03-05T01:31:36","modified_gmt":"2026-03-04T23:31:36","slug":"romeo-y-julieta-linea-churchill-wide-churchills","status":"publish","type":"product","link":"https:\/\/www.lcdh-bonn.de\/es\/producto\/romeo-y-julieta-linea-churchill-wide-churchills\/","title":{"rendered":"Romeo y Julieta Linea Churchill Ancho Churchills"},"content":{"rendered":"<p>Die Wide Churchill verk\u00f6rpert die majest\u00e4tische Eleganz der renommierten Romeo y Julieta Churchill-Linie in einem imposanten Montesco-Format. Diese kubanische Premiumzigarre pr\u00e4sentiert sich in der klassischen Vitola de Galera &#8220;Montesco&#8221; mit einer L\u00e4nge von 130 mm und einem beeindruckenden Ringma\u00df von 55.<\/p>\n<p>Kenner sch\u00e4tzen die ausgewogene Kombination erlesener Tabake aus der Vuelta Abajo Region, die dieser mittelkr\u00e4ftigen Habano ihren unverwechselbaren Charakter verleihen. Aficionados berichten von einem komplexen Aromenspektrum mit Noten von ger\u00f6steten N\u00fcssen, feiner W\u00fcrze, cremiger Vanille und subtilen Ankl\u00e4ngen von Zedernholz.<\/p>\n<div style=\"text-align: center;\">\n<ul style=\"list-style-type: none;\">\n\u2022 Format: Montesco (Wide Churchill)<br \/>\n\u2022 L\u00e4nge: 130 mm<br \/>\n\u2022 Ringma\u00df: 55<br \/>\n\u2022 St\u00e4rke: Medium<br \/>\n\u2022 Rauchdauer: ca. 60-75 Minuten<br \/>\n\u2022 Herkunft: Kuba, Vuelta Abajo<br \/>\n\u2022 Verpackung: 10er Kiste, 25er Kiste, Einzeln\n<\/ul>\n<\/div>\n<p>Der Rauchverlauf entwickelt sich harmonisch \u00fcber etwa 60-75 Minuten, wobei sich die Aromen stetig entfalten und zu einem erf\u00fcllenden Finale f\u00fchren. Die 1875 gegr\u00fcndete Marke Romeo y Julieta, benannt nach Shakespeares unsterblichem Liebesdrama, z\u00e4hlt zu den begehrtesten Habanos-Marken weltweit.<\/p>\n<p>Eine ideale Begleitung f\u00fcr entspannte Abende, gesch\u00e4ftliche Zusammenk\u00fcnfte oder besondere Anl\u00e4sse, die nach einer charaktervollen Zigarre verlangen.<\/p>\n<p>Hersteller-\/Inverkehrbringerinformation:<br \/>\n5THAVENUE Products Trading-GmbH<br \/>\nSchwarzenbergstra\u00dfe 3-7<br \/>\nD-79761 Waldshut-Tiengen<br \/>\ninfo@5thAvenue.de<\/p>","protected":false},"excerpt":{"rendered":"<p>Die Wide Churchill verk\u00f6rpert die majest\u00e4tische Eleganz der renommierten Romeo y Julieta Churchill-Linie in einem imposanten Montesco-Format. Diese kubanische Premiumzigarre pr\u00e4sentiert sich in der klassischen Vitola de Galera &#8220;Montesco&#8221; mit einer L\u00e4nge von 130 mm und einem beeindruckenden Ringma\u00df von 55. Kenner sch\u00e4tzen die ausgewogene Kombination erlesener Tabake aus der Vuelta Abajo Region, die dieser mittelkr\u00e4ftigen Habano ihren unverwechselbaren Charakter verleihen. Aficionados berichten von einem komplexen Aromenspektrum mit Noten von ger\u00f6steten N\u00fcssen, feiner W\u00fcrze, cremiger Vanille und subtilen Ankl\u00e4ngen von&#8230;<\/p>","protected":false},"featured_media":35635,"comment_status":"closed","ping_status":"closed","template":"","meta":{"_acf_changed":false},"etheme_brands":[{"term_id":206,"name":"Romeo y Julieta","slug":"romeo-y-julieta","term_group":0,"term_taxonomy_id":206,"taxonomy":"brand","description":"[elementor-template id=\"15563\"]","parent":0,"count":44,"filter":"raw"}],"product_cat":[168,169,160,634],"product_tag":[],"class_list":{"0":"post-26280","1":"product","2":"type-product","3":"status-publish","4":"has-post-thumbnail","6":"brand-romeo-y-julieta","7":"product_cat-zigarren","8":"product_cat-cuba","9":"product_cat-romeo-y-julieta","10":"product_cat-linea-churchill-romeo-y-julieta","11":"pa_laenge-1220","12":"pa_orderable-no","13":"pa_ringmass-996","14":"pa_verpackungseinheit-10er-kiste","15":"pa_verpackungseinheit-25er-kiste","16":"pa_verpackungseinheit-einzeln","18":"first","19":"instock","20":"taxable","21":"shipping-taxable","22":"product-type-variable"},"acf":[],"_links":{"self":[{"href":"https:\/\/www.lcdh-bonn.de\/es\/wp-json\/wp\/v2\/product\/26280","targetHints":{"allow":["GET"]}}],"collection":[{"href":"https:\/\/www.lcdh-bonn.de\/es\/wp-json\/wp\/v2\/product"}],"about":[{"href":"https:\/\/www.lcdh-bonn.de\/es\/wp-json\/wp\/v2\/types\/product"}],"replies":[{"embeddable":true,"href":"https:\/\/www.lcdh-bonn.de\/es\/wp-json\/wp\/v2\/comments?post=26280"}],"wp:featuredmedia":[{"embeddable":true,"href":"https:\/\/www.lcdh-bonn.de\/es\/wp-json\/wp\/v2\/media\/35635"}],"wp:attachment":[{"href":"https:\/\/www.lcdh-bonn.de\/es\/wp-json\/wp\/v2\/media?parent=26280"}],"wp:term":[{"taxonomy":"brand","embeddable":true,"href":"https:\/\/www.lcdh-bonn.de\/es\/wp-json\/wp\/v2\/etheme_brands?post=26280"},{"taxonomy":"product_cat","embeddable":true,"href":"https:\/\/www.lcdh-bonn.de\/es\/wp-json\/wp\/v2\/product_cat?post=26280"},{"taxonomy":"product_tag","embeddable":true,"href":"https:\/\/www.lcdh-bonn.de\/es\/wp-json\/wp\/v2\/product_tag?post=26280"}],"curies":[{"name":"wp","href":"https:\/\/api.w.org\/{rel}","templated":true}]}}