{"id":26335,"date":"2022-08-02T20:00:42","date_gmt":"2022-08-02T18:00:42","guid":{"rendered":"https:\/\/torbru.athene.wpspace.me\/product\/trinidad-reyes\/"},"modified":"2026-03-25T17:30:12","modified_gmt":"2026-03-25T15:30:12","slug":"trinidad-reyes","status":"publish","type":"product","link":"https:\/\/www.lcdh-bonn.de\/es\/producto\/trinidad-reyes\/","title":{"rendered":"Trinidad Reyes"},"content":{"rendered":"<p>Die Trinidad Reyes verk\u00f6rpert die Essenz kubanischer Zigarrenkunst in einem kompakten Format. Diese Petit Corona aus der renommierten Manufaktur El Laguito besticht durch ihre perfekte Verarbeitung und exquisite Tabakmischung aus der Region Pinar del R\u00edo.<\/p>\n<p>Kenner sch\u00e4tzen die harmonische Komposition dieser 110 mm langen Zigarre mit einem Ringma\u00df von 40. Die etwa 20-min\u00fctige Rauchdauer macht sie zum idealen Begleiter f\u00fcr die kleine Genu\u00dfpause.<\/p>\n<ul style=\"text-align: center\">\n<li>Format: Reyes (Petit Corona)<\/li>\n<li>L\u00e4nge: 110 mm<\/li>\n<li>Ringma\u00df: 40<\/li>\n<li>St\u00e4rke: Medium<\/li>\n<li>Rauchdauer: ca. 20 Minuten<\/li>\n<li>Herkunft: Kuba, Pinar del R\u00edo<\/li>\n<\/ul>\n<p>Erfahrene Aficionados berichten von einem komplexen Aromenprofil mit Noten von ger\u00f6steten N\u00fcssen, feiner W\u00fcrze und einem Hauch von Zedernholz. Im Rauchverlauf entwickelt sich eine angenehme Cremigkeit, die von subtilen Kakao- und Ledernuancen begleitet wird.<\/p>\n<p>Die Marke Trinidad, benannt nach der historischen Stadt Trinidad, wurde urspr\u00fcnglich exklusiv f\u00fcr diplomatische Geschenke produziert, bevor sie 1998 f\u00fcr den \u00f6ffentlichen Markt freigegeben wurde.<\/p>\n<p>Erh\u00e4ltlich als Einzelzigarre, in der 12er oder 24er Kiste. Perfekt geeignet f\u00fcr die Mittagspause, als Digestif oder f\u00fcr den genussvollen Moment zwischendurch.<\/p>\n<p><small>Hersteller-\/Inverkehrbringerinformation:<br \/>\n5THAVENUE Products Trading-GmbH<br \/>\nSchwarzenbergstra\u00dfe 3-7<br \/>\nD-79761 Waldshut-Tiengen<br \/>\ninfo@5thAvenue.de<\/small><\/p>","protected":false},"excerpt":{"rendered":"<p>Die Trinidad Reyes verk\u00f6rpert die Essenz kubanischer Zigarrenkunst in einem kompakten Format. Diese Petit Corona aus der renommierten Manufaktur El Laguito besticht durch ihre perfekte Verarbeitung und exquisite Tabakmischung aus der Region Pinar del R\u00edo. Kenner sch\u00e4tzen die harmonische Komposition dieser 110 mm langen Zigarre mit einem Ringma\u00df von 40. Die etwa 20-min\u00fctige Rauchdauer macht sie zum idealen Begleiter f\u00fcr die kleine Genu\u00dfpause. Format: Reyes (Petit Corona) L\u00e4nge: 110 mm Ringma\u00df: 40 St\u00e4rke: Medium Rauchdauer: ca. 20 Minuten Herkunft: Kuba,&#8230;<\/p>","protected":false},"featured_media":16257,"comment_status":"closed","ping_status":"closed","template":"","meta":{"_acf_changed":false},"etheme_brands":[{"term_id":211,"name":"Trinidad","slug":"trinidad","term_group":0,"term_taxonomy_id":211,"taxonomy":"brand","description":"[elementor-template id=\"15563\"]","parent":0,"count":18,"filter":"raw"}],"product_cat":[168,169,165],"product_tag":[],"class_list":{"0":"post-26335","1":"product","2":"type-product","3":"status-publish","4":"has-post-thumbnail","6":"brand-trinidad","7":"product_cat-zigarren","8":"product_cat-cuba","9":"product_cat-trinidad","10":"pa_laenge-1177","11":"pa_orderable-yes","12":"pa_ringmass-1232","13":"pa_verpackungseinheit-12er-kiste","14":"pa_verpackungseinheit-24er-kiste","15":"pa_verpackungseinheit-einzeln","17":"first","18":"instock","19":"taxable","20":"shipping-taxable","21":"purchasable","22":"product-type-variable"},"acf":[],"_links":{"self":[{"href":"https:\/\/www.lcdh-bonn.de\/es\/wp-json\/wp\/v2\/product\/26335","targetHints":{"allow":["GET"]}}],"collection":[{"href":"https:\/\/www.lcdh-bonn.de\/es\/wp-json\/wp\/v2\/product"}],"about":[{"href":"https:\/\/www.lcdh-bonn.de\/es\/wp-json\/wp\/v2\/types\/product"}],"replies":[{"embeddable":true,"href":"https:\/\/www.lcdh-bonn.de\/es\/wp-json\/wp\/v2\/comments?post=26335"}],"wp:featuredmedia":[{"embeddable":true,"href":"https:\/\/www.lcdh-bonn.de\/es\/wp-json\/wp\/v2\/media\/16257"}],"wp:attachment":[{"href":"https:\/\/www.lcdh-bonn.de\/es\/wp-json\/wp\/v2\/media?parent=26335"}],"wp:term":[{"taxonomy":"brand","embeddable":true,"href":"https:\/\/www.lcdh-bonn.de\/es\/wp-json\/wp\/v2\/etheme_brands?post=26335"},{"taxonomy":"product_cat","embeddable":true,"href":"https:\/\/www.lcdh-bonn.de\/es\/wp-json\/wp\/v2\/product_cat?post=26335"},{"taxonomy":"product_tag","embeddable":true,"href":"https:\/\/www.lcdh-bonn.de\/es\/wp-json\/wp\/v2\/product_tag?post=26335"}],"curies":[{"name":"wp","href":"https:\/\/api.w.org\/{rel}","templated":true}]}}