{"id":27043,"date":"2021-12-15T15:39:44","date_gmt":"2021-12-15T15:39:44","guid":{"rendered":"https:\/\/torbru.athene.wpspace.me\/?post_type=product&#038;p=27043"},"modified":"2026-02-23T14:18:06","modified_gmt":"2026-02-23T12:18:06","slug":"h-upmann-regalias-5er-etui","status":"publish","type":"product","link":"https:\/\/www.lcdh-bonn.de\/es\/producto\/h-upmann-regalias-5er-etui\/","title":{"rendered":"H. Upmann Regalias (de la caja met\u00e1lica de 5 piezas)"},"content":{"rendered":"<p>Die H. Upmann Regalias verk\u00f6rpert die zeitlose Eleganz der kubanischen Zigarrenkunst in einem perfekt ausbalancierten Format. Diese vollst\u00e4ndig von Hand gefertigte Zigarre (Totalmente a mano) aus der renommierten Manufaktur H. Upmann pr\u00e4sentiert sich in klassischen Petit Corona Dimensionen von 129 mm L\u00e4nge bei einem Ringma\u00df von 42.<\/p>\n<p>Kenner sch\u00e4tzen die ausgewogene Tabakmischung aus der Vuelta Abajo Region, die sich in einer mittleren St\u00e4rke manifestiert. Die etwa 30-min\u00fctige Rauchdauer macht die Regalias zum idealen Begleiter f\u00fcr die entspannte Kaffeepause oder den genussvollen Tagesausklang.<\/p>\n<div style=\"text-align: center;\">\n\u2022 Format: Petit Corona<br \/>\n\u2022 L\u00e4nge: 129 mm<br \/>\n\u2022 Ringma\u00df: 42<br \/>\n\u2022 St\u00e4rke: Medium<br \/>\n\u2022 Herkunft: Kuba, Vuelta Abajo<br \/>\n\u2022 Rauchdauer: ca. 30 Minuten\n<\/div>\n<p>Erfahrene Aficionados berichten von einem komplexen Aromenprofil mit Noten von ger\u00f6steten N\u00fcssen, feiner W\u00fcrze und subtilen Ankl\u00e4ngen von Zedernholz. Der Rauchverlauf zeichnet sich durch eine bemerkenswerte Konstanz aus, wobei sich die Aromen harmonisch entwickeln.<\/p>\n<p>Die Geschichte der Marke H. Upmann reicht bis ins Jahr 1844 zur\u00fcck, als der deutsche Bankier Hermann Upmann in Havanna seine erste Manufaktur gr\u00fcndete. Heute z\u00e4hlt sie zu den \u00e4ltesten noch aktiven Zigarrenmarken Kubas.<\/p>\n<p>Erh\u00e4ltlich als:<br \/>\n&#8211; 5er Metalletui<br \/>\n&#8211; 50er Kiste<br \/>\n&#8211; Einzeln<\/p>\n<p>Hersteller-\/Inverkehrbringerinformation:<br \/>\n5THAVENUE Products Trading-GmbH<br \/>\nSchwarzenbergstra\u00dfe 3-7<br \/>\nD-79761 Waldshut-Tiengen<br \/>\ninfo@5thAvenue.de<\/p>","protected":false},"excerpt":{"rendered":"<p>Die H. Upmann Regalias verk\u00f6rpert die zeitlose Eleganz der kubanischen Zigarrenkunst in einem perfekt ausbalancierten Format. Diese vollst\u00e4ndig von Hand gefertigte Zigarre (Totalmente a mano) aus der renommierten Manufaktur H. Upmann pr\u00e4sentiert sich in klassischen Petit Corona Dimensionen von 129 mm L\u00e4nge bei einem Ringma\u00df von 42. Kenner sch\u00e4tzen die ausgewogene Tabakmischung aus der Vuelta Abajo Region, die sich in einer mittleren St\u00e4rke manifestiert. Die etwa 30-min\u00fctige Rauchdauer macht die Regalias zum idealen Begleiter f\u00fcr die entspannte Kaffeepause oder den&#8230;<\/p>","protected":false},"featured_media":15958,"comment_status":"closed","ping_status":"closed","template":"","meta":{"_acf_changed":false},"etheme_brands":[],"product_cat":[168,169,147,586],"product_tag":[],"class_list":{"0":"post-27043","1":"product","2":"type-product","3":"status-publish","4":"has-post-thumbnail","6":"product_cat-zigarren","7":"product_cat-cuba","8":"product_cat-h-upmann","9":"product_cat-linea-clasica-h-upmann","10":"pa_laenge-534","11":"pa_orderable-no","12":"pa_ringmass-430","13":"pa_verpackungseinheit-50er-kiste","14":"pa_verpackungseinheit-5er-schachtel","15":"pa_verpackungseinheit-einzeln","17":"first","18":"instock","19":"taxable","20":"shipping-taxable","21":"product-type-variable"},"acf":[],"_links":{"self":[{"href":"https:\/\/www.lcdh-bonn.de\/es\/wp-json\/wp\/v2\/product\/27043","targetHints":{"allow":["GET"]}}],"collection":[{"href":"https:\/\/www.lcdh-bonn.de\/es\/wp-json\/wp\/v2\/product"}],"about":[{"href":"https:\/\/www.lcdh-bonn.de\/es\/wp-json\/wp\/v2\/types\/product"}],"replies":[{"embeddable":true,"href":"https:\/\/www.lcdh-bonn.de\/es\/wp-json\/wp\/v2\/comments?post=27043"}],"wp:featuredmedia":[{"embeddable":true,"href":"https:\/\/www.lcdh-bonn.de\/es\/wp-json\/wp\/v2\/media\/15958"}],"wp:attachment":[{"href":"https:\/\/www.lcdh-bonn.de\/es\/wp-json\/wp\/v2\/media?parent=27043"}],"wp:term":[{"taxonomy":"brand","embeddable":true,"href":"https:\/\/www.lcdh-bonn.de\/es\/wp-json\/wp\/v2\/etheme_brands?post=27043"},{"taxonomy":"product_cat","embeddable":true,"href":"https:\/\/www.lcdh-bonn.de\/es\/wp-json\/wp\/v2\/product_cat?post=27043"},{"taxonomy":"product_tag","embeddable":true,"href":"https:\/\/www.lcdh-bonn.de\/es\/wp-json\/wp\/v2\/product_tag?post=27043"}],"curies":[{"name":"wp","href":"https:\/\/api.w.org\/{rel}","templated":true}]}}