{"id":27094,"date":"2021-12-23T10:41:31","date_gmt":"2021-12-23T10:41:31","guid":{"rendered":"https:\/\/torbru.athene.wpspace.me\/?post_type=product&#038;p=27094"},"modified":"2026-01-14T18:15:36","modified_gmt":"2026-01-14T16:15:36","slug":"romeo-y-julieta-club-edicion-limitada-2021","status":"publish","type":"product","link":"https:\/\/www.lcdh-bonn.de\/es\/producto\/romeo-y-julieta-club-edicion-limitada-2021\/","title":{"rendered":"Romeo y Julieta Club Edicion Limitada 2021"},"content":{"rendered":"<p>Die Romeo y Julieta Club Edici\u00f3n Limitada 2021 verk\u00f6rpert kubanische Zigarrenkunst in einer besonderen Vitola. Diese exklusive Kreation pr\u00e4sentiert sich im eleganten Club-Format, das perfekt in der Hand liegt und einen etwa 20-min\u00fctigen Rauchgenuss verspricht.<\/p>\n<p>Erfahrene Aficionados schw\u00e4rmen von einem komplexen Aromenprofil mit Noten von ger\u00f6steten N\u00fcssen und feiner W\u00fcrze. Kenner entdecken subtile Ankl\u00e4nge von Zedernholz und einer dezenten S\u00fc\u00dfe, die sich harmonisch mit erdigen Nuancen verbindet.<\/p>\n<div style=\"text-align: center;\">\n\u2022 Format: Club (Vitola de Galera: Club)<br \/>\n\u2022 Ma\u00dfe: 135 mm x 14,29 mm (Ringma\u00df 36)<br \/>\n\u2022 Herkunft: Kuba<br \/>\n\u2022 St\u00e4rke: Leicht bis mittelkr\u00e4ftig<br \/>\n\u2022 Rauchdauer: ca. 20 Minuten<br \/>\n\u2022 Verpackungseinheit: 20er Kiste\n<\/div>\n<p>Die Geschichte von Romeo y Julieta reicht bis ins Jahr 1875 zur\u00fcck. Die Marke, benannt nach Shakespeares unsterblichen Liebenden, wurde schnell zum Symbol f\u00fcr kubanische Eleganz und Finesse. Die Club Edici\u00f3n Limitada 2021 setzt diese Tradition mit ausgew\u00e4hlten Tabaken aus der Vuelta Abajo Region fort.<\/p>\n<p>Diese limitierte Edition eignet sich besonders f\u00fcr eine genussvolle Pause zwischendurch oder als eleganter Begleiter zu einem Espresso. Die handgefertigte Zigarre \u00fcberzeugt durch ihre ausgewogene Komposition und perfekte Verarbeitung.<\/p>\n<p>Hersteller-\/Inverkehrbringerinformation:<br \/>\n5THAVENUE Products Trading-GmbH<br \/>\nSchwarzenbergstra\u00dfe 3-7<br \/>\nD-79761 Waldshut-Tiengen<br \/>\ninfo@5thAvenue.de<\/p>","protected":false},"excerpt":{"rendered":"<p>Stark limitierter Premiumzigarillos von Romeo y Julieta<\/p>","protected":false},"featured_media":27095,"comment_status":"open","ping_status":"closed","template":"","meta":{"_acf_changed":false},"etheme_brands":[{"term_id":206,"name":"Romeo y Julieta","slug":"romeo-y-julieta","term_group":0,"term_taxonomy_id":206,"taxonomy":"brand","description":"[elementor-template id=\"15563\"]","parent":0,"count":44,"filter":"raw"}],"product_cat":[180],"product_tag":[],"class_list":{"0":"post-27094","1":"product","2":"type-product","3":"status-publish","4":"has-post-thumbnail","6":"brand-romeo-y-julieta","7":"product_cat-zigarillos","8":"pa_laenge-540","9":"pa_orderable-no","10":"pa_ringmass-443","11":"pa_verpackungseinheit-20er-schachtel","13":"first","14":"outofstock","15":"taxable","16":"shipping-taxable","17":"purchasable","18":"product-type-variable","19":"has-default-attributes"},"acf":[],"_links":{"self":[{"href":"https:\/\/www.lcdh-bonn.de\/es\/wp-json\/wp\/v2\/product\/27094","targetHints":{"allow":["GET"]}}],"collection":[{"href":"https:\/\/www.lcdh-bonn.de\/es\/wp-json\/wp\/v2\/product"}],"about":[{"href":"https:\/\/www.lcdh-bonn.de\/es\/wp-json\/wp\/v2\/types\/product"}],"replies":[{"embeddable":true,"href":"https:\/\/www.lcdh-bonn.de\/es\/wp-json\/wp\/v2\/comments?post=27094"}],"wp:featuredmedia":[{"embeddable":true,"href":"https:\/\/www.lcdh-bonn.de\/es\/wp-json\/wp\/v2\/media\/27095"}],"wp:attachment":[{"href":"https:\/\/www.lcdh-bonn.de\/es\/wp-json\/wp\/v2\/media?parent=27094"}],"wp:term":[{"taxonomy":"brand","embeddable":true,"href":"https:\/\/www.lcdh-bonn.de\/es\/wp-json\/wp\/v2\/etheme_brands?post=27094"},{"taxonomy":"product_cat","embeddable":true,"href":"https:\/\/www.lcdh-bonn.de\/es\/wp-json\/wp\/v2\/product_cat?post=27094"},{"taxonomy":"product_tag","embeddable":true,"href":"https:\/\/www.lcdh-bonn.de\/es\/wp-json\/wp\/v2\/product_tag?post=27094"}],"curies":[{"name":"wp","href":"https:\/\/api.w.org\/{rel}","templated":true}]}}