{"id":27133,"date":"2022-01-05T17:54:21","date_gmt":"2022-01-05T17:54:21","guid":{"rendered":"https:\/\/torbru.athene.wpspace.me\/?post_type=product&#038;p=27133"},"modified":"2025-06-05T21:00:23","modified_gmt":"2025-06-05T19:00:23","slug":"cohiba-short-88-year-of-the-tiger-edition-limitada-2022","status":"publish","type":"product","link":"https:\/\/www.lcdh-bonn.de\/es\/producto\/cohiba-short-88-year-of-the-tiger-edition-limitada-2022\/","title":{"rendered":"Cohiba Corto 88 A\u00f1o del Tigre Edici\u00f3n Limitada 2022"},"content":{"rendered":"<p>Die exklusive Cohiba Short 88 Year of the Tiger Edition Limitada 2022 verk\u00f6rpert die Essenz kubanischer Zigarrenkunst in einem kompakten Format. Diese limitierte Sonderedition w\u00fcrdigt das chinesische Jahr des Tigers und setzt die legend\u00e4re Tradition der Marke Cohiba fort.<\/p>\n<p>Kenner sch\u00e4tzen die handgefertigte Qualit\u00e4t dieser besonderen Vitola, die in der renommierten El Laguito Manufaktur gefertigt wird. Die sorgf\u00e4ltig selektierten Tabake aus der Vuelta Abajo Region verleihen dieser Zigarre ihren charakteristischen Charakter.<\/p>\n<ul style=\"margin-left: 20px;\">\n\u2022 Format: Short<br \/>\n\u2022 L\u00e4nge: 82 mm<br \/>\n\u2022 Ringma\u00df: 27<br \/>\n\u2022 St\u00e4rke: Medium bis kr\u00e4ftig<br \/>\n\u2022 Rauchdauer: ca. 15-20 Minuten<br \/>\n\u2022 Herkunft: Kuba, Pinar del R\u00edo<br \/>\n\u2022 Verpackung: Metallbox mit 88 St\u00fcck\n<\/ul>\n<p>Erfahrene Aficionados berichten von einem komplexen Aromenprofil mit Noten von ger\u00f6steten N\u00fcssen, feiner W\u00fcrze und s\u00fc\u00dflichen Kakaonuancen. Im Rauchverlauf entwickelt sich eine harmonische Balance zwischen cremiger Textur und subtiler Intensit\u00e4t.<\/p>\n<p>Die Geschichte von Cohiba beginnt 1966 als private Marke f\u00fcr diplomatische Geschenke. Heute steht sie f\u00fcr h\u00f6chste kubanische Zigarrenkunst. Diese Year of the Tiger Edition w\u00fcrdigt diese Tradition auf einzigartige Weise.<\/p>\n<p>Ein perfekter Begleiter f\u00fcr kurze Genussmomente, Business-Pausen oder als besonderes Sammlerst\u00fcck f\u00fcr Aficionados.<\/p>\n<p>Hersteller-\/Inverkehrbringerinformation:<br \/>\n5THAVENUE Products Trading-GmbH<br \/>\nSchwarzenbergstra\u00dfe 3-7<br \/>\nD-79761 Waldshut-Tiengen<br \/>\ninfo@5thAvenue.de<\/p>","protected":false},"excerpt":{"rendered":"<p>Die exklusive Cohiba Short 88 Year of the Tiger Edition Limitada 2022 verk\u00f6rpert die Essenz kubanischer Zigarrenkunst in einem kompakten Format. Diese limitierte Sonderedition w\u00fcrdigt das chinesische Jahr des Tigers und setzt die legend\u00e4re Tradition der Marke Cohiba fort. Kenner sch\u00e4tzen die handgefertigte Qualit\u00e4t dieser besonderen Vitola, die in der renommierten El Laguito Manufaktur gefertigt wird. Die sorgf\u00e4ltig selektierten Tabake aus der Vuelta Abajo Region verleihen dieser Zigarre ihren charakteristischen Charakter. \u2022 Format: Short \u2022 L\u00e4nge: 82 mm \u2022 Ringma\u00df:&#8230;<\/p>","protected":false},"featured_media":31325,"comment_status":"open","ping_status":"closed","template":"","meta":{"_acf_changed":false},"etheme_brands":[{"term_id":186,"name":"Cohiba","slug":"cohiba","term_group":0,"term_taxonomy_id":186,"taxonomy":"brand","description":"[elementor-template id=\"15563\"]","parent":0,"count":60,"filter":"raw"}],"product_cat":[168,140,595,180],"product_tag":[],"class_list":{"0":"post-27133","1":"product","2":"type-product","3":"status-publish","4":"has-post-thumbnail","6":"brand-cohiba","7":"product_cat-zigarren","8":"product_cat-cohiba","9":"product_cat-edicion-limitada","10":"product_cat-zigarillos","11":"pa_laenge-547","12":"pa_orderable-no","13":"pa_ringmass-459","14":"pa_verpackungseinheit-88er-humidor","16":"first","17":"outofstock","18":"taxable","19":"shipping-taxable","20":"purchasable","21":"product-type-variable"},"acf":[],"_links":{"self":[{"href":"https:\/\/www.lcdh-bonn.de\/es\/wp-json\/wp\/v2\/product\/27133","targetHints":{"allow":["GET"]}}],"collection":[{"href":"https:\/\/www.lcdh-bonn.de\/es\/wp-json\/wp\/v2\/product"}],"about":[{"href":"https:\/\/www.lcdh-bonn.de\/es\/wp-json\/wp\/v2\/types\/product"}],"replies":[{"embeddable":true,"href":"https:\/\/www.lcdh-bonn.de\/es\/wp-json\/wp\/v2\/comments?post=27133"}],"wp:featuredmedia":[{"embeddable":true,"href":"https:\/\/www.lcdh-bonn.de\/es\/wp-json\/wp\/v2\/media\/31325"}],"wp:attachment":[{"href":"https:\/\/www.lcdh-bonn.de\/es\/wp-json\/wp\/v2\/media?parent=27133"}],"wp:term":[{"taxonomy":"brand","embeddable":true,"href":"https:\/\/www.lcdh-bonn.de\/es\/wp-json\/wp\/v2\/etheme_brands?post=27133"},{"taxonomy":"product_cat","embeddable":true,"href":"https:\/\/www.lcdh-bonn.de\/es\/wp-json\/wp\/v2\/product_cat?post=27133"},{"taxonomy":"product_tag","embeddable":true,"href":"https:\/\/www.lcdh-bonn.de\/es\/wp-json\/wp\/v2\/product_tag?post=27133"}],"curies":[{"name":"wp","href":"https:\/\/api.w.org\/{rel}","templated":true}]}}