{"id":29449,"date":"2022-03-20T02:06:18","date_gmt":"2022-03-20T02:06:18","guid":{"rendered":"https:\/\/torbru.athene.wpspace.me\/product\/xikar-zigarrenfeuerzeug-xikar-allume-single-blau-1531bl\/"},"modified":"2025-06-05T21:24:08","modified_gmt":"2025-06-05T19:24:08","slug":"xikar-zigarrenfeuerzeug-xikar-allume-single-blau-1531bl","status":"publish","type":"product","link":"https:\/\/www.lcdh-bonn.de\/es\/producto\/xikar-zigarrenfeuerzeug-xikar-allume-single-blau-1531bl\/","title":{"rendered":"Encendedor Xikar ALLUME - Single - Azul - 1531bl"},"content":{"rendered":"<p>Das ALLUME Single Jet-Feuerzeug von XIKAR pr\u00e4sentiert sich in elegantem Blau als verl\u00e4sslicher Begleiter f\u00fcr den anspruchsvollen Zigarrengenuss. Die pr\u00e4zise Einzelflamme erm\u00f6glicht ein punktgenaues Anz\u00fcnden Ihrer Zigarre, w\u00e4hrend das robuste Metallgeh\u00e4use h\u00f6chste Langlebigkeit garantiert.<\/p>\n<ul>\n\u2022 Hochwertiges Jet-Feuerzeug mit Einzelflamme<br \/>\n\u2022 Elegantes blaues Metallgeh\u00e4use<br \/>\n\u2022 Zuverl\u00e4ssige Piezoz\u00fcndung<br \/>\n\u2022 Pr\u00e4zise einstellbare Flamme<br \/>\n\u2022 Sichtbares Tankfenster<br \/>\n\u2022 Ergonomisches Design\n<\/ul>\n<p>Die innovative Technik sorgt f\u00fcr eine stabile, windresistente Flamme. Das transparente Tankfenster erm\u00f6glicht eine einfache Kontrolle des Butanstands. Dank des ergonomischen Designs liegt das ALLUME perfekt in der Hand und \u00fcberzeugt durch seine intuitive Bedienung.<\/p>\n<p>Ein Qualit\u00e4tsprodukt, das sowohl Einsteiger als auch erfahrene Aficionados zu sch\u00e4tzen wissen. Ideal f\u00fcr den t\u00e4glichen Gebrauch sowie besondere Genussmomente.<\/p>\n<p><small>Importeur gem\u00e4\u00df GPSR: Woermann Cigars GmbH<\/small><\/p>\n<p>Hersteller-\/Inverkerhbringer:<br \/>\nWoermann Cigars GmbH (VCF Deutschland)<br \/>\nDaimlerring 5<br \/>\n32289 R\u00f6dinghausen<br \/>\n05223 650920<\/p>","protected":false},"excerpt":{"rendered":"<p>Das ALLUME Single Jet-Feuerzeug von XIKAR pr\u00e4sentiert sich in elegantem Blau als verl\u00e4sslicher Begleiter f\u00fcr den anspruchsvollen Zigarrengenuss. Die pr\u00e4zise Einzelflamme erm\u00f6glicht ein punktgenaues Anz\u00fcnden Ihrer Zigarre, w\u00e4hrend das robuste Metallgeh\u00e4use h\u00f6chste Langlebigkeit garantiert. \u2022 Hochwertiges Jet-Feuerzeug mit Einzelflamme \u2022 Elegantes blaues Metallgeh\u00e4use \u2022 Zuverl\u00e4ssige Piezoz\u00fcndung \u2022 Pr\u00e4zise einstellbare Flamme \u2022 Sichtbares Tankfenster \u2022 Ergonomisches Design Die innovative Technik sorgt f\u00fcr eine stabile, windresistente Flamme. Das transparente Tankfenster erm\u00f6glicht eine einfache Kontrolle des Butanstands. Dank des ergonomischen Designs liegt das&#8230;<\/p>","protected":false},"featured_media":30680,"comment_status":"closed","ping_status":"open","template":"","meta":{"_acf_changed":false},"etheme_brands":[{"term_id":981,"name":"Xikar","slug":"xikar","term_group":0,"term_taxonomy_id":981,"taxonomy":"brand","description":"","parent":0,"count":58,"filter":"raw"}],"product_cat":[183,414],"product_tag":[],"class_list":{"0":"post-29449","1":"product","2":"type-product","3":"status-publish","4":"has-post-thumbnail","6":"brand-xikar","7":"product_cat-zigarrenzubehor","8":"product_cat-feuerzeuge-fuer-zigarren","9":"pa_orderable-no","11":"first","12":"outofstock","13":"taxable","14":"shipping-taxable","15":"purchasable","16":"product-type-simple"},"acf":[],"_links":{"self":[{"href":"https:\/\/www.lcdh-bonn.de\/es\/wp-json\/wp\/v2\/product\/29449","targetHints":{"allow":["GET"]}}],"collection":[{"href":"https:\/\/www.lcdh-bonn.de\/es\/wp-json\/wp\/v2\/product"}],"about":[{"href":"https:\/\/www.lcdh-bonn.de\/es\/wp-json\/wp\/v2\/types\/product"}],"replies":[{"embeddable":true,"href":"https:\/\/www.lcdh-bonn.de\/es\/wp-json\/wp\/v2\/comments?post=29449"}],"wp:featuredmedia":[{"embeddable":true,"href":"https:\/\/www.lcdh-bonn.de\/es\/wp-json\/wp\/v2\/media\/30680"}],"wp:attachment":[{"href":"https:\/\/www.lcdh-bonn.de\/es\/wp-json\/wp\/v2\/media?parent=29449"}],"wp:term":[{"taxonomy":"brand","embeddable":true,"href":"https:\/\/www.lcdh-bonn.de\/es\/wp-json\/wp\/v2\/etheme_brands?post=29449"},{"taxonomy":"product_cat","embeddable":true,"href":"https:\/\/www.lcdh-bonn.de\/es\/wp-json\/wp\/v2\/product_cat?post=29449"},{"taxonomy":"product_tag","embeddable":true,"href":"https:\/\/www.lcdh-bonn.de\/es\/wp-json\/wp\/v2\/product_tag?post=29449"}],"curies":[{"name":"wp","href":"https:\/\/api.w.org\/{rel}","templated":true}]}}