{"id":29597,"date":"2022-03-20T02:07:22","date_gmt":"2022-03-20T02:07:22","guid":{"rendered":"https:\/\/torbru.athene.wpspace.me\/product\/xikar-zigarrenascher-stinky-ashtray-edelstahl-original-1stosst\/"},"modified":"2025-06-05T21:27:37","modified_gmt":"2025-06-05T19:27:37","slug":"xikar-zigarrenascher-stinky-ashtray-edelstahl-original-1stosst","status":"publish","type":"product","link":"https:\/\/www.lcdh-bonn.de\/es\/producto\/xikar-zigarrenascher-stinky-ashtray-edelstahl-original-1stosst\/","title":{"rendered":"Cenicero para puros Xikar STINKY ASHTRAY - acero inoxidable original - 1 palo"},"content":{"rendered":"<p>Der STINKY ASHTRAY von XIKAR ist ein eleganter und robuster Zigarrenascher aus hochwertigem Edelstahl, der sowohl funktional als auch \u00e4sthetisch \u00fcberzeugt. Mit seinem zeitlosen Design und der erstklassigen Verarbeitung ist er der perfekte Begleiter f\u00fcr entspannte Zigarrenmomente.<\/p>\n<ul style=\"text-align: center;\">\n\u2022 Durchmesser: 20,3 cm<br \/>\n\u2022 H\u00f6he: 10,2 cm<br \/>\n\u2022 Material: Hochwertiger Edelstahl<br \/>\n\u2022 4 praktische Zigarrenauflagen<br \/>\n\u2022 Extra tiefe Ascheschale<br \/>\n\u2022 Windgesch\u00fctzte Konstruktion<br \/>\n\u2022 Sp\u00fclmaschinengeeignet\n<\/ul>\n<p>Die massive Konstruktion sorgt f\u00fcr absolute Standfestigkeit, w\u00e4hrend die vier breiten Zigarrenauflagen ein sicheres Ablegen Ihrer Zigarre erm\u00f6glichen. Die extra tiefe Ascheschale bietet gro\u00dfz\u00fcgigen Platz und muss seltener geleert werden. Dank der durchdachten windgesch\u00fctzten Bauweise eignet sich der Ascher perfekt f\u00fcr den Einsatz im Freien.<\/p>\n<p>Ein besonderes Merkmal ist die einfache Reinigung &#8211; der Ascher ist sp\u00fclmaschinengeeignet und l\u00e4sst sich m\u00fchelos s\u00e4ubern. Die hochwertige Edelstahlverarbeitung garantiert eine lange Lebensdauer und macht den STINKY zu einem verl\u00e4sslichen Begleiter f\u00fcr viele Zigarrengen\u00fcsse.<\/p>\n<p><small>Importeur gem\u00e4\u00df GPSR: Woermann Cigars GmbH<\/small><\/p>\n<p>Hersteller-\/Inverkerhbringer:<br \/>\nWoermann Cigars GmbH (VCF Deutschland)<br \/>\nDaimlerring 5<br \/>\n32289 R\u00f6dinghausen<br \/>\n05223 650920<\/p>","protected":false},"excerpt":{"rendered":"<p>Der STINKY ASHTRAY von XIKAR ist ein eleganter und robuster Zigarrenascher aus hochwertigem Edelstahl, der sowohl funktional als auch \u00e4sthetisch \u00fcberzeugt. Mit seinem zeitlosen Design und der erstklassigen Verarbeitung ist er der perfekte Begleiter f\u00fcr entspannte Zigarrenmomente. \u2022 Durchmesser: 20,3 cm \u2022 H\u00f6he: 10,2 cm \u2022 Material: Hochwertiger Edelstahl \u2022 4 praktische Zigarrenauflagen \u2022 Extra tiefe Ascheschale \u2022 Windgesch\u00fctzte Konstruktion \u2022 Sp\u00fclmaschinengeeignet Die massive Konstruktion sorgt f\u00fcr absolute Standfestigkeit, w\u00e4hrend die vier breiten Zigarrenauflagen ein sicheres Ablegen Ihrer Zigarre erm\u00f6glichen&#8230;.<\/p>","protected":false},"featured_media":30653,"comment_status":"closed","ping_status":"open","template":"","meta":{"_acf_changed":false},"etheme_brands":[{"term_id":981,"name":"Xikar","slug":"xikar","term_group":0,"term_taxonomy_id":981,"taxonomy":"brand","description":"","parent":0,"count":58,"filter":"raw"}],"product_cat":[183,413],"product_tag":[],"class_list":{"0":"post-29597","1":"product","2":"type-product","3":"status-publish","4":"has-post-thumbnail","6":"brand-xikar","7":"product_cat-zigarrenzubehor","8":"product_cat-aschenbecher-fuer-zigarren","9":"pa_orderable-no","11":"first","12":"outofstock","13":"taxable","14":"shipping-taxable","15":"purchasable","16":"product-type-simple"},"acf":[],"_links":{"self":[{"href":"https:\/\/www.lcdh-bonn.de\/es\/wp-json\/wp\/v2\/product\/29597","targetHints":{"allow":["GET"]}}],"collection":[{"href":"https:\/\/www.lcdh-bonn.de\/es\/wp-json\/wp\/v2\/product"}],"about":[{"href":"https:\/\/www.lcdh-bonn.de\/es\/wp-json\/wp\/v2\/types\/product"}],"replies":[{"embeddable":true,"href":"https:\/\/www.lcdh-bonn.de\/es\/wp-json\/wp\/v2\/comments?post=29597"}],"wp:featuredmedia":[{"embeddable":true,"href":"https:\/\/www.lcdh-bonn.de\/es\/wp-json\/wp\/v2\/media\/30653"}],"wp:attachment":[{"href":"https:\/\/www.lcdh-bonn.de\/es\/wp-json\/wp\/v2\/media?parent=29597"}],"wp:term":[{"taxonomy":"brand","embeddable":true,"href":"https:\/\/www.lcdh-bonn.de\/es\/wp-json\/wp\/v2\/etheme_brands?post=29597"},{"taxonomy":"product_cat","embeddable":true,"href":"https:\/\/www.lcdh-bonn.de\/es\/wp-json\/wp\/v2\/product_cat?post=29597"},{"taxonomy":"product_tag","embeddable":true,"href":"https:\/\/www.lcdh-bonn.de\/es\/wp-json\/wp\/v2\/product_tag?post=29597"}],"curies":[{"name":"wp","href":"https:\/\/api.w.org\/{rel}","templated":true}]}}