{"id":30027,"date":"2022-02-01T16:21:21","date_gmt":"2022-02-01T16:21:21","guid":{"rendered":"https:\/\/torbru.athene.wpspace.me\/?post_type=product&#038;p=30027"},"modified":"2025-06-05T21:12:56","modified_gmt":"2025-06-05T19:12:56","slug":"romeo-y-julieta-aschenbecher-festival-del-habano-2020","status":"publish","type":"product","link":"https:\/\/www.lcdh-bonn.de\/es\/producto\/romeo-y-julieta-aschenbecher-festival-del-habano-2020\/","title":{"rendered":"Cenicero Romeo y Julieta Festival Del Habano 2020"},"content":{"rendered":"<p>Ein exklusiver Aschenbecher, der die Tradition der legend\u00e4ren Romeo y Julieta Marke feiert. Kreiert anl\u00e4sslich des Festival del Habano 2020 in Havanna, verk\u00f6rpert dieses Sammlerst\u00fcck kubanische Handwerkskunst und Zigarrenkultur in ihrer sch\u00f6nsten Form.<\/p>\n<ul style=\"text-align: center;\">\n\u2022 Material: Hochwertiges Porzellan<br \/>\n\u2022 Durchmesser: 22 cm<br \/>\n\u2022 H\u00f6he: 3,5 cm<br \/>\n\u2022 4 Zigarrenauflagen<br \/>\n\u2022 Limitierte Festival-Edition 2020<br \/>\n\u2022 Made in Cuba\n<\/ul>\n<p>Das klassische Design in Wei\u00df und Gold tr\u00e4gt das ikonische Romeo y Julieta Logo und die spezielle Festival-Gravur. Die gro\u00dfz\u00fcgigen Dimensionen und vier praktische Zigarrenauflagen machen diesen Aschenbecher zum perfekten Begleiter f\u00fcr gesellige Rauchmomente.<\/p>\n<p>Romeo y Julieta, gegr\u00fcndet 1875, z\u00e4hlt zu den renommiertesten Habanos-Marken. Die Namensgebung geht auf Shakespeares unsterbliches Liebesdrama zur\u00fcck &#8211; eine Hommage an die Vorleser, die die Arbeiter in den Zigarrenfabriken w\u00e4hrend der Produktion unterhielten.<\/p>\n<p>Ein edles Sammlerst\u00fcck f\u00fcr anspruchsvolle Aficionados und ein stilvolles Accessoire f\u00fcr jeden Humidor oder Zigarren-Lounge.<\/p>\n<p><small>Hersteller-\/Inverkehrbringerinformation:<br \/>\n5THAVENUE Products Trading-GmbH<br \/>\nSchwarzenbergstra\u00dfe 3-7<br \/>\nD-79761 Waldshut-Tiengen<br \/>\ninfo@5thAvenue.de<\/small><\/p>","protected":false},"excerpt":{"rendered":"<p>Ein exklusiver Aschenbecher, der die Tradition der legend\u00e4ren Romeo y Julieta Marke feiert. Kreiert anl\u00e4sslich des Festival del Habano 2020 in Havanna, verk\u00f6rpert dieses Sammlerst\u00fcck kubanische Handwerkskunst und Zigarrenkultur in ihrer sch\u00f6nsten Form. \u2022 Material: Hochwertiges Porzellan \u2022 Durchmesser: 22 cm \u2022 H\u00f6he: 3,5 cm \u2022 4 Zigarrenauflagen \u2022 Limitierte Festival-Edition 2020 \u2022 Made in Cuba Das klassische Design in Wei\u00df und Gold tr\u00e4gt das ikonische Romeo y Julieta Logo und die spezielle Festival-Gravur. Die gro\u00dfz\u00fcgigen Dimensionen und vier praktische&#8230;<\/p>","protected":false},"featured_media":30492,"comment_status":"closed","ping_status":"closed","template":"","meta":{"_acf_changed":false},"etheme_brands":[{"term_id":206,"name":"Romeo y Julieta","slug":"romeo-y-julieta","term_group":0,"term_taxonomy_id":206,"taxonomy":"brand","description":"[elementor-template id=\"15563\"]","parent":0,"count":44,"filter":"raw"}],"product_cat":[183,413],"product_tag":[1013,1014,1015,1016],"class_list":{"0":"post-30027","1":"product","2":"type-product","3":"status-publish","4":"has-post-thumbnail","6":"brand-romeo-y-julieta","7":"product_cat-zigarrenzubehor","8":"product_cat-aschenbecher-fuer-zigarren","9":"product_tag-aschenbecher","10":"product_tag-fdh","11":"product_tag-festival-del-habano","12":"product_tag-romeo-y-juleita","13":"pa_orderable-no","15":"first","16":"outofstock","17":"taxable","18":"shipping-taxable","19":"purchasable","20":"product-type-simple"},"acf":[],"_links":{"self":[{"href":"https:\/\/www.lcdh-bonn.de\/es\/wp-json\/wp\/v2\/product\/30027","targetHints":{"allow":["GET"]}}],"collection":[{"href":"https:\/\/www.lcdh-bonn.de\/es\/wp-json\/wp\/v2\/product"}],"about":[{"href":"https:\/\/www.lcdh-bonn.de\/es\/wp-json\/wp\/v2\/types\/product"}],"replies":[{"embeddable":true,"href":"https:\/\/www.lcdh-bonn.de\/es\/wp-json\/wp\/v2\/comments?post=30027"}],"wp:featuredmedia":[{"embeddable":true,"href":"https:\/\/www.lcdh-bonn.de\/es\/wp-json\/wp\/v2\/media\/30492"}],"wp:attachment":[{"href":"https:\/\/www.lcdh-bonn.de\/es\/wp-json\/wp\/v2\/media?parent=30027"}],"wp:term":[{"taxonomy":"brand","embeddable":true,"href":"https:\/\/www.lcdh-bonn.de\/es\/wp-json\/wp\/v2\/etheme_brands?post=30027"},{"taxonomy":"product_cat","embeddable":true,"href":"https:\/\/www.lcdh-bonn.de\/es\/wp-json\/wp\/v2\/product_cat?post=30027"},{"taxonomy":"product_tag","embeddable":true,"href":"https:\/\/www.lcdh-bonn.de\/es\/wp-json\/wp\/v2\/product_tag?post=30027"}],"curies":[{"name":"wp","href":"https:\/\/api.w.org\/{rel}","templated":true}]}}