{"id":30043,"date":"2022-02-03T11:49:59","date_gmt":"2022-02-03T11:49:59","guid":{"rendered":"https:\/\/torbru.athene.wpspace.me\/?post_type=product&#038;p=30043"},"modified":"2025-06-05T21:28:01","modified_gmt":"2025-06-05T19:28:01","slug":"xikar-cutter-xi1-habanos-montecristo-2","status":"publish","type":"product","link":"https:\/\/www.lcdh-bonn.de\/es\/producto\/xikar-cutter-xi1-habanos-montecristo-2\/","title":{"rendered":"Xikar Cutter Xi1 Habanos Montecristo"},"content":{"rendered":"<p>Der Xikar Xi1 Montecristo Edition ist ein Premium-Zigarrencutter, der die Eleganz der legend\u00e4ren kubanischen Marke mit h\u00f6chster Pr\u00e4zisionstechnik vereint. Gefertigt aus hochwertigem Edelstahl mit eingraviertem Montecristo-Logo verk\u00f6rpert er die perfekte Symbiose aus Funktionalit\u00e4t und zeitlosem Design.<\/p>\n<ul>\n\u2022 Doppelklingen aus geh\u00e4rtetem 440C Edelstahl<br \/>\n\u2022 Pr\u00e4zise Schnittf\u00fchrung bis 54 Ring Gauge<br \/>\n\u2022 Ergonomisches Design mit Einhand-Bedienung<br \/>\n\u2022 Limited Montecristo Edition mit Markenlogo<br \/>\n\u2022 Lebenslange Herstellergarantie\n<\/ul>\n<p>Das patentierte Klingensystem garantiert einen sauberen, pr\u00e4zisen Schnitt ohne das Deckblatt zu besch\u00e4digen. Die ergonomische Form liegt perfekt in der Hand und das edle Finish macht den Cutter zu einem w\u00fcrdigen Begleiter f\u00fcr Ihre wertvollen Habanos. Ein Must-have f\u00fcr jeden passionierten Zigarrenraucher.<\/p>\n<\/p>\n<p>Hersteller-\/Inverkerhbringer:<br \/>\nWoermann Cigars GmbH (VCF Deutschland)<br \/>\nDaimlerring 5<br \/>\n32289 R\u00f6dinghausen<br \/>\n05223 650920<\/p>","protected":false},"excerpt":{"rendered":"<p>Der Xikar Xi1 Montecristo Edition ist ein Premium-Zigarrencutter, der die Eleganz der legend\u00e4ren kubanischen Marke mit h\u00f6chster Pr\u00e4zisionstechnik vereint. Gefertigt aus hochwertigem Edelstahl mit eingraviertem Montecristo-Logo verk\u00f6rpert er die perfekte Symbiose aus Funktionalit\u00e4t und zeitlosem Design. \u2022 Doppelklingen aus geh\u00e4rtetem 440C Edelstahl \u2022 Pr\u00e4zise Schnittf\u00fchrung bis 54 Ring Gauge \u2022 Ergonomisches Design mit Einhand-Bedienung \u2022 Limited Montecristo Edition mit Markenlogo \u2022 Lebenslange Herstellergarantie Das patentierte Klingensystem garantiert einen sauberen, pr\u00e4zisen Schnitt ohne das Deckblatt zu besch\u00e4digen. Die ergonomische Form liegt&#8230;<\/p>","protected":false},"featured_media":30118,"comment_status":"open","ping_status":"closed","template":"","meta":{"_acf_changed":false},"etheme_brands":[{"term_id":206,"name":"Romeo y Julieta","slug":"romeo-y-julieta","term_group":0,"term_taxonomy_id":206,"taxonomy":"brand","description":"[elementor-template id=\"15563\"]","parent":0,"count":44,"filter":"raw"},{"term_id":981,"name":"Xikar","slug":"xikar","term_group":0,"term_taxonomy_id":981,"taxonomy":"brand","description":"","parent":0,"count":58,"filter":"raw"}],"product_cat":[183,410],"product_tag":[],"class_list":{"0":"post-30043","1":"product","2":"type-product","3":"status-publish","4":"has-post-thumbnail","6":"brand-romeo-y-julieta","7":"brand-xikar","8":"product_cat-zigarrenzubehor","9":"product_cat-zigarrenanschneider","10":"pa_orderable-no","12":"first","13":"outofstock","14":"sale","15":"taxable","16":"shipping-taxable","17":"purchasable","18":"product-type-simple"},"acf":[],"_links":{"self":[{"href":"https:\/\/www.lcdh-bonn.de\/es\/wp-json\/wp\/v2\/product\/30043","targetHints":{"allow":["GET"]}}],"collection":[{"href":"https:\/\/www.lcdh-bonn.de\/es\/wp-json\/wp\/v2\/product"}],"about":[{"href":"https:\/\/www.lcdh-bonn.de\/es\/wp-json\/wp\/v2\/types\/product"}],"replies":[{"embeddable":true,"href":"https:\/\/www.lcdh-bonn.de\/es\/wp-json\/wp\/v2\/comments?post=30043"}],"wp:featuredmedia":[{"embeddable":true,"href":"https:\/\/www.lcdh-bonn.de\/es\/wp-json\/wp\/v2\/media\/30118"}],"wp:attachment":[{"href":"https:\/\/www.lcdh-bonn.de\/es\/wp-json\/wp\/v2\/media?parent=30043"}],"wp:term":[{"taxonomy":"brand","embeddable":true,"href":"https:\/\/www.lcdh-bonn.de\/es\/wp-json\/wp\/v2\/etheme_brands?post=30043"},{"taxonomy":"product_cat","embeddable":true,"href":"https:\/\/www.lcdh-bonn.de\/es\/wp-json\/wp\/v2\/product_cat?post=30043"},{"taxonomy":"product_tag","embeddable":true,"href":"https:\/\/www.lcdh-bonn.de\/es\/wp-json\/wp\/v2\/product_tag?post=30043"}],"curies":[{"name":"wp","href":"https:\/\/api.w.org\/{rel}","templated":true}]}}