{"id":31232,"date":"2022-03-02T17:15:58","date_gmt":"2022-03-02T17:15:58","guid":{"rendered":"https:\/\/torbru.athene.wpspace.me\/?post_type=product&#038;p=31232"},"modified":"2026-01-29T13:39:55","modified_gmt":"2026-01-29T11:39:55","slug":"liebherr-humidor-zkes-453-temperaturgeregelter-schrankhumidor","status":"publish","type":"product","link":"https:\/\/www.lcdh-bonn.de\/es\/producto\/liebherr-humidor-zkes-453-temperaturgeregelter-schrankhumidor\/","title":{"rendered":"Liebherr Humidor ZKes 453 temperaturgeregelter Schrankhumidor"},"content":{"rendered":"<p>F\u00fcr das optimale Genusserlebnis reifen Zigarren nach der Herstellung bei einer Luftfeuchtigkeit von 68 % bis 75 % in speziellen Klimakammern noch einige Zeit. Ideale voraussetzung f\u00fcr die Erhaltung der Qualit\u00e4t oder f\u00fcr die weitere Reifung ist die Gew\u00e4hrleistung dieser Luftfeuchtigkeit und die Einhaltung einer Lagertemperatur von +16\u00b0C bis +20\u00b0C. Werden Zigarren bei zu niedriger Luftfeuchtigkeit gelagert, trocknen sie aus und verlieren an Aroma und Qualit\u00e4t. Auch eine zu hohe Luftfeuchtigkeit wirkt sich negativ auf die Zigaren aus. Im Liebherr ZKes 453 Humidor k\u00f6nnen Zigarren unter perfekten Klimabedingungen \u00fcber einen langen Zeitraum reifen.<\/p>\n<p>Eine hochwertige Touch-Elektronik in Verbindung mit Feuchtigkeitssensoren gew\u00e4hrleistet, dass die gew\u00fcnschte Temperatur und Luftfeuchtigkeit pr\u00e4zise eingehalten wird. Das gro\u00dfe Kunstst\u00fcck, welches die Firma Liebherr bei diesem Modell geschafft hat: Die eingestellte Luftfeuchtigkeit wie auch die Temperatur sind absolut stabil und unterliegen keinen nennenswerten Schwankungen. Aufgrund des nicht trennbaren Zusammenhanges von relativer Luftfeuchtigkeit und Temperatur ist dies eine wirkliche Meisterleistung, die von keinem vergleichbaren Ger\u00e4t derart beherrscht wird.<\/p>\n<p>&nbsp;<\/p>\n<p><strong>Funktionen im \u00dcberblick:<\/strong><\/p>\n<ul>\n<li>SmartSteel reduziert deutlich die Sichtbarkeit von Fingerabdr\u00fccken und ist besonders leicht zu reinigen.<\/li>\n<li>pr\u00e4zise Steuerung: Mit der pr\u00e4zisen Elektronik kann die Temperatur zwischen +16\u00b0C und +20\u00b0C geregelt werden. Die Luftfeuchtigkeit kann je nach Bedarf zwischen 68 % und 75 % eingestellt werden. Der Temperaturalarm zeigt Unregelm\u00e4\u00dfigkeiten bei der Innenraumtemperatur an.<\/li>\n<li>LED-Beleuchtung: Der Humidor verf\u00fcgt \u00fcber eine in die Glasscheibe der T\u00fcre integrierte und dimmbare LED-Beleuchtung. Minimale W\u00e4rmeemission erlaubt auch die Beleuchtung \u00fcber einen langen Zeitraum.<\/li>\n<li>T\u00fcralarm: Der akustische T\u00fcralarm warnt nach 60 Sekunden ge\u00f6ffneter T\u00fcr.<\/li>\n<li>Eine Kindersicherung ist so programmierbar, dass ein versehentliches Ausschalten des Ger\u00e4tes verhindert wird. Wenn die Kindersicherung eingeschaltet ist, wird dies durch ein Symbol im MagicEye angezeigt.<\/li>\n<li>Wandmontage: Das kompakte Ger\u00e4t kann problemlos an der Wand montiert werden.<\/li>\n<li>Wassertank: Der integrierte Wasserbeh\u00e4lter fasst einen Liter destilliertes Wasser. Feuchtigkeitssensoren regeln den Wasserbedarf und gew\u00e4hrleisten pr\u00e4zise die gew\u00e4hlte Luftfeuchtigkeit. Eine optische Anzeige informiert rechtzeitig, wenn Wasser nachgef\u00fcllt werden muss.<\/li>\n<li>Herausnehmbares Pr\u00e4sentationstablett: Die Trays sind f\u00fcr die Lagerung einzelner Zigarren ideal. Sie k\u00f6nnen zur Pr\u00e4sentation der Zigarren bequem entnommen werden.<\/li>\n<\/ul>\n<p>&nbsp;<\/p>\n<p><strong>Technische Details:<\/strong><\/p>\n<p>Energieverbrauch in 24 Stunden 0,443 kWh \/ 24h<br \/>\nEnergieverbrauch pro Jahr 162 kWh\/a<br \/>\nSpannung 220-240 V ~<br \/>\nFrequenz 50 Hz<br \/>\nAnschlusswert 0,5 A<br \/>\nEnergieverbrauch in 24 Stunden 0,443 kWh \/ 24h<br \/>\nEnergieverbrauch pro Jahr 162 kWh\/a<br \/>\nTemperaturbereich +16\u00b0C bis +20\u00b0C<\/p>\n<p>Au\u00dfenma\u00dfe (H\/B\/T) 61,2 \/ 42,5 \/ 47,8 cm<br \/>\nH\u00f6he \/ Breite \/ Tiefe (mit Verpackung) 695,0 \/ 440,0 \/ 508,0 mm<br \/>\nGewicht (ohne Verpackung) 30,00 kg<br \/>\nGewicht (mit Verpackung) 34,00 kg<br \/>\nT\u00fcranschlag rechts, fest<\/p>\n<section class=\"accordionItem accordionItemLevel1\">\n<div class=\"slideLink\">\n<h4><\/h4>\n<h4>Hersteller\/Inverkehrbringer:<\/h4>\n<p>Liebherr-Hausgeraete Vertriebs- und Service GmbH<br \/>\nKonrad-Zuse-Stra\u00dfe 4+6<br \/>\n89081 Ulm\/Deutschland<br \/>\nwww.liebherr.com<\/p>\n<p>&nbsp;<\/p>\n<\/div>\n<\/section>","protected":false},"excerpt":{"rendered":"<p>hochpr\u00e4ziser, elektronischer Schrankhumidor f\u00fcr h\u00f6chste Anspr\u00fcche<\/p>","protected":false},"featured_media":40805,"comment_status":"open","ping_status":"closed","template":"","meta":{"_acf_changed":false},"etheme_brands":[{"term_id":1097,"name":"Liebherr","slug":"liebherr","term_group":0,"term_taxonomy_id":1097,"taxonomy":"brand","description":"","parent":0,"count":1,"filter":"raw"}],"product_cat":[183,409],"product_tag":[1099,1100,1098,1101],"class_list":{"0":"post-31232","1":"product","2":"type-product","3":"status-publish","4":"has-post-thumbnail","6":"brand-liebherr","7":"product_cat-zigarrenzubehor","8":"product_cat-humidore","9":"product_tag-humidorschrank","10":"product_tag-liebherr","11":"product_tag-schrankhumidor","12":"product_tag-temperatur","14":"first","15":"outofstock","16":"sale","17":"taxable","18":"shipping-taxable","19":"purchasable","20":"product-type-simple"},"acf":[],"_links":{"self":[{"href":"https:\/\/www.lcdh-bonn.de\/es\/wp-json\/wp\/v2\/product\/31232","targetHints":{"allow":["GET"]}}],"collection":[{"href":"https:\/\/www.lcdh-bonn.de\/es\/wp-json\/wp\/v2\/product"}],"about":[{"href":"https:\/\/www.lcdh-bonn.de\/es\/wp-json\/wp\/v2\/types\/product"}],"replies":[{"embeddable":true,"href":"https:\/\/www.lcdh-bonn.de\/es\/wp-json\/wp\/v2\/comments?post=31232"}],"wp:featuredmedia":[{"embeddable":true,"href":"https:\/\/www.lcdh-bonn.de\/es\/wp-json\/wp\/v2\/media\/40805"}],"wp:attachment":[{"href":"https:\/\/www.lcdh-bonn.de\/es\/wp-json\/wp\/v2\/media?parent=31232"}],"wp:term":[{"taxonomy":"brand","embeddable":true,"href":"https:\/\/www.lcdh-bonn.de\/es\/wp-json\/wp\/v2\/etheme_brands?post=31232"},{"taxonomy":"product_cat","embeddable":true,"href":"https:\/\/www.lcdh-bonn.de\/es\/wp-json\/wp\/v2\/product_cat?post=31232"},{"taxonomy":"product_tag","embeddable":true,"href":"https:\/\/www.lcdh-bonn.de\/es\/wp-json\/wp\/v2\/product_tag?post=31232"}],"curies":[{"name":"wp","href":"https:\/\/api.w.org\/{rel}","templated":true}]}}