{"id":31265,"date":"2022-08-11T16:51:55","date_gmt":"2022-08-11T14:51:55","guid":{"rendered":"https:\/\/torbru.athene.wpspace.me\/?post_type=product&#038;p=31265"},"modified":"2026-01-29T12:32:00","modified_gmt":"2026-01-29T10:32:00","slug":"boveda-one-step-kalibrierungsset-calibration-set","status":"publish","type":"product","link":"https:\/\/www.lcdh-bonn.de\/es\/producto\/boveda-one-step-kalibrierungsset-calibration-set\/","title":{"rendered":"Set de Calibraci\u00f3n Boveda One-Step Set de Calibraci\u00f3n"},"content":{"rendered":"<p>Ein Humidor funktioniert nur so gut wie es das Hygrometer tut. Wenn Sie kontrollieren m\u00f6chten, ob ihr Hygrometer genaue Werte anzeigt, k\u00f6nnen Sie dies mit Hilfe dieses Sets tun. Einfach das Hygrometer in den gro\u00dfen Beutel des Sets legen und 24h bei Raumtemperatur liegen lassen. Nach 24 Stunden hat sich im inneren eine relative Luftfeuchtigkeit von 75% eingestellt. Sollte Ihr Hygrometer andere Werte anzeigen, justieren Sie das Hygrometer auf 75%. Damit ist das Hygrometer fertig kalibriert und zeigt wieder verl\u00e4ssliche Werte an.<\/p>","protected":false},"excerpt":{"rendered":"<p>Ein Humidor funktioniert nur so gut wie es das Hygrometer tut. Wenn Sie kontrollieren m\u00f6chten, ob ihr Hygrometer genaue Werte anzeigt, k\u00f6nnen Sie dies mit Hilfe dieses Sets tun. Einfach das Hygrometer in den gro\u00dfen Beutel des Sets legen und 24h bei Raumtemperatur liegen lassen. Nach 24 Stunden hat sich im inneren eine relative Luftfeuchtigkeit von 75% eingestellt. Sollte Ihr Hygrometer andere Werte anzeigen, justieren Sie das Hygrometer auf 75%. Damit ist das Hygrometer fertig kalibriert und zeigt wieder verl\u00e4ssliche&#8230;<\/p>","protected":false},"featured_media":31322,"comment_status":"closed","ping_status":"open","template":"","meta":{"_acf_changed":false},"etheme_brands":[{"term_id":1102,"name":"Boveda","slug":"boveda","term_group":0,"term_taxonomy_id":1102,"taxonomy":"brand","description":"","parent":0,"count":5,"filter":"raw"}],"product_cat":[183,409],"product_tag":[],"class_list":{"0":"post-31265","1":"product","2":"type-product","3":"status-publish","4":"has-post-thumbnail","6":"brand-boveda","7":"product_cat-zigarrenzubehor","8":"product_cat-humidore","9":"pa_orderable-yes","11":"first","12":"outofstock","13":"sale","14":"taxable","15":"shipping-taxable","16":"purchasable","17":"product-type-simple"},"acf":[],"_links":{"self":[{"href":"https:\/\/www.lcdh-bonn.de\/es\/wp-json\/wp\/v2\/product\/31265","targetHints":{"allow":["GET"]}}],"collection":[{"href":"https:\/\/www.lcdh-bonn.de\/es\/wp-json\/wp\/v2\/product"}],"about":[{"href":"https:\/\/www.lcdh-bonn.de\/es\/wp-json\/wp\/v2\/types\/product"}],"replies":[{"embeddable":true,"href":"https:\/\/www.lcdh-bonn.de\/es\/wp-json\/wp\/v2\/comments?post=31265"}],"wp:featuredmedia":[{"embeddable":true,"href":"https:\/\/www.lcdh-bonn.de\/es\/wp-json\/wp\/v2\/media\/31322"}],"wp:attachment":[{"href":"https:\/\/www.lcdh-bonn.de\/es\/wp-json\/wp\/v2\/media?parent=31265"}],"wp:term":[{"taxonomy":"brand","embeddable":true,"href":"https:\/\/www.lcdh-bonn.de\/es\/wp-json\/wp\/v2\/etheme_brands?post=31265"},{"taxonomy":"product_cat","embeddable":true,"href":"https:\/\/www.lcdh-bonn.de\/es\/wp-json\/wp\/v2\/product_cat?post=31265"},{"taxonomy":"product_tag","embeddable":true,"href":"https:\/\/www.lcdh-bonn.de\/es\/wp-json\/wp\/v2\/product_tag?post=31265"}],"curies":[{"name":"wp","href":"https:\/\/api.w.org\/{rel}","templated":true}]}}