{"id":31416,"date":"2022-03-18T15:31:36","date_gmt":"2022-03-18T15:31:36","guid":{"rendered":"https:\/\/torbru.athene.wpspace.me\/?post_type=product&#038;p=31416"},"modified":"2026-01-29T12:22:07","modified_gmt":"2026-01-29T10:22:07","slug":"rum-cigar-ron-0-5l","status":"publish","type":"product","link":"https:\/\/www.lcdh-bonn.de\/es\/producto\/rum-cigar-ron-0-5l\/","title":{"rendered":"Ron Cigar Ron 0,5L"},"content":{"rendered":"","protected":false},"excerpt":{"rendered":"<p>Wie der Name des Cigar Ron Edicion Especial schon sagt, ist er ein fantastischer Begleiter zu einer Zigarre, aber auch wunderbar solit\u00e4r zu genie\u00dfen. Der aus der Dominikanischen Republik stammende Rum sticht mit seinen bet\u00f6renden Aromen von vollreifen Aprikosen und frischer Vanille. Am Gaumen breit, Abgang lang &#8211; Nuancen von Schokolade und Kaffee. Ein echter Gaumenschmeichler, der dem scharfen Zigarrenrauch eine perfekte B\u00fchne bereitet.<\/p>\n<p>Inverkehrbringer: Wolfertz GmbH, Mangenberger Stra\u00dfe 212, D-42655 Solingen<\/p>","protected":false},"featured_media":37674,"comment_status":"closed","ping_status":"closed","template":"","meta":{"_acf_changed":false},"etheme_brands":[{"term_id":1109,"name":"Cigar Ron","slug":"cigar-ron","term_group":0,"term_taxonomy_id":1109,"taxonomy":"brand","description":"","parent":0,"count":1,"filter":"raw"}],"product_cat":[184,416,421],"product_tag":[1110],"class_list":{"0":"post-31416","1":"product","2":"type-product","3":"status-publish","4":"has-post-thumbnail","6":"brand-cigar-ron","7":"product_cat-feine-begleiter-zur-zigarre","8":"product_cat-getraenke","9":"product_cat-rum","10":"product_tag-zigarrenrum","11":"pa_orderable-yes","13":"first","14":"outofstock","15":"taxable","16":"shipping-taxable","17":"purchasable","18":"product-type-simple"},"acf":[],"_links":{"self":[{"href":"https:\/\/www.lcdh-bonn.de\/es\/wp-json\/wp\/v2\/product\/31416","targetHints":{"allow":["GET"]}}],"collection":[{"href":"https:\/\/www.lcdh-bonn.de\/es\/wp-json\/wp\/v2\/product"}],"about":[{"href":"https:\/\/www.lcdh-bonn.de\/es\/wp-json\/wp\/v2\/types\/product"}],"replies":[{"embeddable":true,"href":"https:\/\/www.lcdh-bonn.de\/es\/wp-json\/wp\/v2\/comments?post=31416"}],"wp:featuredmedia":[{"embeddable":true,"href":"https:\/\/www.lcdh-bonn.de\/es\/wp-json\/wp\/v2\/media\/37674"}],"wp:attachment":[{"href":"https:\/\/www.lcdh-bonn.de\/es\/wp-json\/wp\/v2\/media?parent=31416"}],"wp:term":[{"taxonomy":"brand","embeddable":true,"href":"https:\/\/www.lcdh-bonn.de\/es\/wp-json\/wp\/v2\/etheme_brands?post=31416"},{"taxonomy":"product_cat","embeddable":true,"href":"https:\/\/www.lcdh-bonn.de\/es\/wp-json\/wp\/v2\/product_cat?post=31416"},{"taxonomy":"product_tag","embeddable":true,"href":"https:\/\/www.lcdh-bonn.de\/es\/wp-json\/wp\/v2\/product_tag?post=31416"}],"curies":[{"name":"wp","href":"https:\/\/api.w.org\/{rel}","templated":true}]}}