{"id":37895,"date":"2023-02-09T18:50:53","date_gmt":"2023-02-09T16:50:53","guid":{"rendered":"https:\/\/torbru.athene.wpspace.me\/product\/cohiba-short-88-year-of-the-rabbit-el2023\/"},"modified":"2026-01-14T18:18:35","modified_gmt":"2026-01-14T16:18:35","slug":"cohiba-short-88-year-of-the-rabbit-el2023","status":"publish","type":"product","link":"https:\/\/www.lcdh-bonn.de\/es\/producto\/cohiba-short-88-year-of-the-rabbit-el2023\/","title":{"rendered":"Cohiba Corto 88 - A\u00f1o del Conejo EL2023"},"content":{"rendered":"<p><span style=\"vertical-align: inherit;\"><span style=\"vertical-align: inherit;\">Una vez m\u00e1s, se ha lanzado una edici\u00f3n especial limitada del Cohiba Short. Por poco tiempo, el 88 Cohiba Short Year-Of-The-Rabbit Edici\u00f2n Limitada 2023 se presentar\u00e1 en una elegante caja de madera elaboradamente lacada y forrada de madera de cedro. \u00a1Una pieza de coleccionista limitada que s\u00f3lo estar\u00e1 disponible por poco tiempo!<\/span><\/span><\/p>","protected":false},"excerpt":{"rendered":"<p>Una vez m\u00e1s, se ha lanzado una edici\u00f3n especial limitada del Cohiba Short. Por poco tiempo, el 88 Cohiba Short Year-Of-The-Rabbit Edici\u00f2n Limitada 2023 se presentar\u00e1 en una elegante caja de madera elaboradamente lacada y forrada de madera de cedro. \u00a1Una pieza de coleccionista limitada que s\u00f3lo estar\u00e1 disponible por poco tiempo!<\/p>","protected":false},"featured_media":37888,"comment_status":"closed","ping_status":"closed","template":"","meta":{"_acf_changed":false},"etheme_brands":[{"term_id":186,"name":"Cohiba","slug":"cohiba","term_group":0,"term_taxonomy_id":186,"taxonomy":"brand","description":"[elementor-template id=\"15563\"]","parent":0,"count":60,"filter":"raw"}],"product_cat":[168,169,140,182,595],"product_tag":[],"class_list":{"0":"post-37895","1":"product","2":"type-product","3":"status-publish","4":"has-post-thumbnail","6":"brand-cohiba","7":"product_cat-zigarren","8":"product_cat-cuba","9":"product_cat-cohiba","10":"product_cat-spezielle-zigarren","11":"product_cat-edicion-limitada","12":"pa_laenge-1242","13":"pa_orderable-no","14":"pa_ringmass-1239","15":"pa_verpackungseinheit-88er-humidor","17":"first","18":"outofstock","19":"taxable","20":"shipping-taxable","21":"purchasable","22":"product-type-variable"},"acf":[],"_links":{"self":[{"href":"https:\/\/www.lcdh-bonn.de\/es\/wp-json\/wp\/v2\/product\/37895","targetHints":{"allow":["GET"]}}],"collection":[{"href":"https:\/\/www.lcdh-bonn.de\/es\/wp-json\/wp\/v2\/product"}],"about":[{"href":"https:\/\/www.lcdh-bonn.de\/es\/wp-json\/wp\/v2\/types\/product"}],"replies":[{"embeddable":true,"href":"https:\/\/www.lcdh-bonn.de\/es\/wp-json\/wp\/v2\/comments?post=37895"}],"wp:featuredmedia":[{"embeddable":true,"href":"https:\/\/www.lcdh-bonn.de\/es\/wp-json\/wp\/v2\/media\/37888"}],"wp:attachment":[{"href":"https:\/\/www.lcdh-bonn.de\/es\/wp-json\/wp\/v2\/media?parent=37895"}],"wp:term":[{"taxonomy":"brand","embeddable":true,"href":"https:\/\/www.lcdh-bonn.de\/es\/wp-json\/wp\/v2\/etheme_brands?post=37895"},{"taxonomy":"product_cat","embeddable":true,"href":"https:\/\/www.lcdh-bonn.de\/es\/wp-json\/wp\/v2\/product_cat?post=37895"},{"taxonomy":"product_tag","embeddable":true,"href":"https:\/\/www.lcdh-bonn.de\/es\/wp-json\/wp\/v2\/product_tag?post=37895"}],"curies":[{"name":"wp","href":"https:\/\/api.w.org\/{rel}","templated":true}]}}