{"id":38678,"date":"2024-02-03T20:51:12","date_gmt":"2024-02-03T18:51:12","guid":{"rendered":"https:\/\/www.lcdh-bonn.de\/produkt\/s-t-dupont-aschenbecher-partagas-linea-maestra-blau-gold\/"},"modified":"2026-01-29T14:08:55","modified_gmt":"2026-01-29T12:08:55","slug":"s-t-dupont-aschenbecher-partagas-linea-maestra-blau-gold-006495","status":"publish","type":"product","link":"https:\/\/www.lcdh-bonn.de\/es\/producto\/s-t-dupont-aschenbecher-partagas-linea-maestra-blau-gold-006495\/","title":{"rendered":"Cenicero S.T. Dupont Partagas Linea Maestra azul\/oro - 006495"},"content":{"rendered":"<p>Der exklusive S.T. Dupont Aschenbecher aus der Partagas Linea Maestra Kollektion vereint zeitlose Eleganz mit h\u00f6chster Funktionalit\u00e4t. In den charakteristischen Farben Blau und Gold gehalten, spiegelt er die legend\u00e4re Tradition der Marke Partagas wider.<\/p>\n<p>Gefertigt aus hochwertigem Material pr\u00e4sentiert sich dieser Aschenbecher als perfektes Accessoire f\u00fcr den anspruchsvollen Zigarrengenie\u00dfer. Das markante Design mit den pr\u00e4zise ausgearbeiteten Zigarrenauflagen bietet Platz f\u00fcr mehrere Zigarren gleichzeitig.<\/p>\n<ul>\n\u2022 Exklusives Partagas Linea Maestra Design<br \/>\n\u2022 Elegante Farbkombination in Blau\/Gold<br \/>\n\u2022 Hochwertige Materialverarbeitung<br \/>\n\u2022 Gro\u00dfz\u00fcgige Ablagekapazit\u00e4t<br \/>\n\u2022 Limitierte Sammleredition\n<\/ul>\n<p>Die aufw\u00e4ndige Verarbeitung und die harmonische Farbgestaltung machen diesen Aschenbecher zu einem w\u00fcrdigen Begleiter f\u00fcr Premium-Zigarren. Ein Statement-Piece, das sowohl in privaten Rauchzimmern als auch in exklusiven Lounges seine volle Wirkung entfaltet.<\/p>\n<p>Hersteller-\/Inverkehrbringerinformation:<br \/>\nS.T.Dupont Deutschland GmbH<br \/>\nAlfredstrasse 157<br \/>\n45131 Essen<br \/>\nwww.st-dupont.com<\/p>","protected":false},"excerpt":{"rendered":"<p>Der exklusive S.T. Dupont Aschenbecher aus der Partagas Linea Maestra Kollektion vereint zeitlose Eleganz mit h\u00f6chster Funktionalit\u00e4t. In den charakteristischen Farben Blau und Gold gehalten, spiegelt er die legend\u00e4re Tradition der Marke Partagas wider. Gefertigt aus hochwertigem Material pr\u00e4sentiert sich dieser Aschenbecher als perfektes Accessoire f\u00fcr den anspruchsvollen Zigarrengenie\u00dfer. Das markante Design mit den pr\u00e4zise ausgearbeiteten Zigarrenauflagen bietet Platz f\u00fcr mehrere Zigarren gleichzeitig. \u2022 Exklusives Partagas Linea Maestra Design \u2022 Elegante Farbkombination in Blau\/Gold \u2022 Hochwertige Materialverarbeitung \u2022 Gro\u00dfz\u00fcgige Ablagekapazit\u00e4t&#8230;<\/p>","protected":false},"featured_media":38595,"comment_status":"closed","ping_status":"closed","template":"","meta":{"_acf_changed":false},"etheme_brands":[{"term_id":199,"name":"Partagas","slug":"partagas","term_group":0,"term_taxonomy_id":199,"taxonomy":"brand","description":"[elementor-template id=\"15563\"]","parent":0,"count":52,"filter":"raw"},{"term_id":665,"name":"S.T. Dupont","slug":"s-t-dupont","term_group":0,"term_taxonomy_id":665,"taxonomy":"brand","description":"","parent":0,"count":106,"filter":"raw"}],"product_cat":[183,413],"product_tag":[],"class_list":{"0":"post-38678","1":"product","2":"type-product","3":"status-publish","4":"has-post-thumbnail","6":"brand-partagas","7":"brand-s-t-dupont","8":"product_cat-zigarrenzubehor","9":"product_cat-aschenbecher-fuer-zigarren","10":"pa_orderable-yes","12":"first","13":"outofstock","14":"sale","15":"taxable","16":"shipping-taxable","17":"purchasable","18":"product-type-simple"},"acf":[],"_links":{"self":[{"href":"https:\/\/www.lcdh-bonn.de\/es\/wp-json\/wp\/v2\/product\/38678","targetHints":{"allow":["GET"]}}],"collection":[{"href":"https:\/\/www.lcdh-bonn.de\/es\/wp-json\/wp\/v2\/product"}],"about":[{"href":"https:\/\/www.lcdh-bonn.de\/es\/wp-json\/wp\/v2\/types\/product"}],"replies":[{"embeddable":true,"href":"https:\/\/www.lcdh-bonn.de\/es\/wp-json\/wp\/v2\/comments?post=38678"}],"wp:featuredmedia":[{"embeddable":true,"href":"https:\/\/www.lcdh-bonn.de\/es\/wp-json\/wp\/v2\/media\/38595"}],"wp:attachment":[{"href":"https:\/\/www.lcdh-bonn.de\/es\/wp-json\/wp\/v2\/media?parent=38678"}],"wp:term":[{"taxonomy":"brand","embeddable":true,"href":"https:\/\/www.lcdh-bonn.de\/es\/wp-json\/wp\/v2\/etheme_brands?post=38678"},{"taxonomy":"product_cat","embeddable":true,"href":"https:\/\/www.lcdh-bonn.de\/es\/wp-json\/wp\/v2\/product_cat?post=38678"},{"taxonomy":"product_tag","embeddable":true,"href":"https:\/\/www.lcdh-bonn.de\/es\/wp-json\/wp\/v2\/product_tag?post=38678"}],"curies":[{"name":"wp","href":"https:\/\/api.w.org\/{rel}","templated":true}]}}