{"id":38997,"date":"2024-06-12T14:59:53","date_gmt":"2024-06-12T12:59:53","guid":{"rendered":"https:\/\/www.lcdh-bonn.de\/produkt\/ron-la-progresiva-de-vigia-13-rum\/"},"modified":"2026-01-29T16:13:23","modified_gmt":"2026-01-29T14:13:23","slug":"ron-la-progresiva-de-vigia-13-rum","status":"publish","type":"product","link":"https:\/\/www.lcdh-bonn.de\/es\/producto\/ron-la-progresiva-de-vigia-13-rum\/","title":{"rendered":"Ron La Progresiva De Vigia 13 Ron"},"content":{"rendered":"<p>En medio de la tierra roja de Ciego de \u00c1vila, en el centro de Cuba, donde se destilan aguardientes desde al menos 1577, hay un almac\u00e9n en ruinas que contiene un tesoro escondido: una alta pila de valiosos barriles llenos hasta los topes de aguardientes cubanos finamente envejecidos.<br \/>\nUn ron complejo, elegante y extremadamente expresivo con una sensaci\u00f3n en boca seca y suave y notas de sirope de ca\u00f1a de az\u00facar, especias de roble tostado y jugosos c\u00edtricos. M\u00e1s all\u00e1 del tradicional Cuba Libre, La Progresiva 13 de Vig\u00eda se eleva a las m\u00e1s altas cotas de calidad ronera.<br \/>\nLa Progresiva 13 ha sido minuciosamente elaborado y madurado bajo el prestigioso Emblema de Vig\u00eda cubano, una marca premium creada exclusivamente como homenaje a los funcionarios p\u00fablicos. Dos experimentadas maestras mezcladoras han seleccionado cuidadosamente este ron excepcional. Hemingway era vecino de la destiler\u00eda de Vig\u00eda y ten\u00eda un gusto seco por los rones y los c\u00f3cteles. Con s\u00f3lo 5,5 gramos de az\u00facar por litro, La Progresiva 13 contrasta con muchos rones modernos, demasiado dulces.<\/p>","protected":false},"excerpt":{"rendered":"<p>Consejo para entendidos<\/p>","protected":false},"featured_media":38944,"comment_status":"closed","ping_status":"open","template":"","meta":{"_acf_changed":false},"etheme_brands":[],"product_cat":[184,416,421],"product_tag":[],"class_list":{"0":"post-38997","1":"product","2":"type-product","3":"status-publish","4":"has-post-thumbnail","6":"product_cat-feine-begleiter-zur-zigarre","7":"product_cat-getraenke","8":"product_cat-rum","9":"pa_orderable-yes","11":"first","12":"outofstock","13":"taxable","14":"shipping-taxable","15":"purchasable","16":"product-type-simple"},"acf":[],"_links":{"self":[{"href":"https:\/\/www.lcdh-bonn.de\/es\/wp-json\/wp\/v2\/product\/38997","targetHints":{"allow":["GET"]}}],"collection":[{"href":"https:\/\/www.lcdh-bonn.de\/es\/wp-json\/wp\/v2\/product"}],"about":[{"href":"https:\/\/www.lcdh-bonn.de\/es\/wp-json\/wp\/v2\/types\/product"}],"replies":[{"embeddable":true,"href":"https:\/\/www.lcdh-bonn.de\/es\/wp-json\/wp\/v2\/comments?post=38997"}],"wp:featuredmedia":[{"embeddable":true,"href":"https:\/\/www.lcdh-bonn.de\/es\/wp-json\/wp\/v2\/media\/38944"}],"wp:attachment":[{"href":"https:\/\/www.lcdh-bonn.de\/es\/wp-json\/wp\/v2\/media?parent=38997"}],"wp:term":[{"taxonomy":"brand","embeddable":true,"href":"https:\/\/www.lcdh-bonn.de\/es\/wp-json\/wp\/v2\/etheme_brands?post=38997"},{"taxonomy":"product_cat","embeddable":true,"href":"https:\/\/www.lcdh-bonn.de\/es\/wp-json\/wp\/v2\/product_cat?post=38997"},{"taxonomy":"product_tag","embeddable":true,"href":"https:\/\/www.lcdh-bonn.de\/es\/wp-json\/wp\/v2\/product_tag?post=38997"}],"curies":[{"name":"wp","href":"https:\/\/api.w.org\/{rel}","templated":true}]}}