{"id":39012,"date":"2024-06-12T14:59:53","date_gmt":"2024-06-12T12:59:53","guid":{"rendered":"https:\/\/www.lcdh-bonn.de\/produkt\/zigarrenetui-aus-echtem-carbon-ultraleicht-fuer-3-zigarren\/"},"modified":"2025-07-12T13:56:17","modified_gmt":"2025-07-12T11:56:17","slug":"zigarrenetui-aus-echtem-carbon-ultraleicht-fuer-3-zigarren","status":"publish","type":"product","link":"https:\/\/www.lcdh-bonn.de\/es\/producto\/zigarrenetui-aus-echtem-carbon-ultraleicht-fuer-3-zigarren\/","title":{"rendered":"Estuche para puros de aut\u00e9ntica fibra de carbono - ultraligero, para 3 puros"},"content":{"rendered":"<p>Dieses 3er-Zigarrenetui aus echtem Carbon ist ein absolutes Federgewicht. Das Etui schlie\u00dft sehr dicht, h\u00e4lt also hervorragend die Feuchtigkeit und ist somit auch f\u00fcr Kurzreisen wunderbar geeignet. Die Hochglanzlackierung sorgt f\u00fcr zus\u00e4tzlich Steifigkeit. Ideal f\u00fcr die Brust- oder Jackentasche, sowie als sicherer Schutz in Handtaschen o.\u00e4.<\/p>","protected":false},"excerpt":{"rendered":"<p>Ultraleichtes Carbon-Case aus echtem Carbon<\/p>","protected":false},"featured_media":38979,"comment_status":"closed","ping_status":"open","template":"","meta":{"_acf_changed":false},"etheme_brands":[],"product_cat":[183,412],"product_tag":[],"class_list":{"0":"post-39012","1":"product","2":"type-product","3":"status-publish","4":"has-post-thumbnail","6":"product_cat-zigarrenzubehor","7":"product_cat-zigarrenetuis","8":"pa_orderable-no","10":"first","11":"outofstock","12":"sale","13":"taxable","14":"shipping-taxable","15":"purchasable","16":"product-type-simple"},"acf":[],"_links":{"self":[{"href":"https:\/\/www.lcdh-bonn.de\/es\/wp-json\/wp\/v2\/product\/39012","targetHints":{"allow":["GET"]}}],"collection":[{"href":"https:\/\/www.lcdh-bonn.de\/es\/wp-json\/wp\/v2\/product"}],"about":[{"href":"https:\/\/www.lcdh-bonn.de\/es\/wp-json\/wp\/v2\/types\/product"}],"replies":[{"embeddable":true,"href":"https:\/\/www.lcdh-bonn.de\/es\/wp-json\/wp\/v2\/comments?post=39012"}],"wp:featuredmedia":[{"embeddable":true,"href":"https:\/\/www.lcdh-bonn.de\/es\/wp-json\/wp\/v2\/media\/38979"}],"wp:attachment":[{"href":"https:\/\/www.lcdh-bonn.de\/es\/wp-json\/wp\/v2\/media?parent=39012"}],"wp:term":[{"taxonomy":"brand","embeddable":true,"href":"https:\/\/www.lcdh-bonn.de\/es\/wp-json\/wp\/v2\/etheme_brands?post=39012"},{"taxonomy":"product_cat","embeddable":true,"href":"https:\/\/www.lcdh-bonn.de\/es\/wp-json\/wp\/v2\/product_cat?post=39012"},{"taxonomy":"product_tag","embeddable":true,"href":"https:\/\/www.lcdh-bonn.de\/es\/wp-json\/wp\/v2\/product_tag?post=39012"}],"curies":[{"name":"wp","href":"https:\/\/api.w.org\/{rel}","templated":true}]}}