{"id":39612,"date":"2024-12-18T15:44:33","date_gmt":"2024-12-18T13:44:33","guid":{"rendered":"https:\/\/www.lcdh-bonn.de\/produkt\/havana-club-zigarrenascher-secundo-orange\/"},"modified":"2026-01-29T13:01:06","modified_gmt":"2026-01-29T11:01:06","slug":"havana-club-zigarrenascher-secundo-orange","status":"publish","type":"product","link":"https:\/\/www.lcdh-bonn.de\/es\/producto\/havana-club-zigarrenascher-secundo-orange\/","title":{"rendered":"Cenicero para puros Havana Club Secundo Naranja"},"content":{"rendered":"<p>El cenicero para puros Havana Club Secundo de color naranja es un accesorio de alta calidad para los fumadores de puros m\u00e1s exigentes. Fabricado en robusta porcelana, ofrece dos amplios estantes para puros y profundos huecos para depositar la ceniza de forma segura. El caracter\u00edstico esmalte de color naranja confiere al cenicero un aspecto elegante, mientras que las superficies de apoyo, elaboradas con precisi\u00f3n, ofrecen una protecci\u00f3n \u00f3ptima para que los puros no rueden. Con un di\u00e1metro de 21 cm, el cenicero Secundo es especialmente adecuado para los momentos acogedores de fumar en pareja. El grabado Havana Club subraya el aut\u00e9ntico origen cubano de este cl\u00e1sico funcional, que encaja a la perfecci\u00f3n en cualquier ambiente sofisticado.<\/p>","protected":false},"excerpt":{"rendered":"<p>Cenicero para puros Havana Club de porcelana de alta calidad con dos estantes.<\/p>","protected":false},"featured_media":39449,"comment_status":"closed","ping_status":"open","template":"","meta":{"_acf_changed":false},"etheme_brands":[{"term_id":1075,"name":"Havana Club","slug":"havana-club","term_group":0,"term_taxonomy_id":1075,"taxonomy":"brand","description":"","parent":0,"count":24,"filter":"raw"}],"product_cat":[183,413],"product_tag":[],"class_list":{"0":"post-39612","1":"product","2":"type-product","3":"status-publish","4":"has-post-thumbnail","6":"brand-havana-club","7":"product_cat-zigarrenzubehor","8":"product_cat-aschenbecher-fuer-zigarren","9":"pa_orderable-yes","11":"first","12":"outofstock","13":"sale","14":"taxable","15":"shipping-taxable","16":"purchasable","17":"product-type-simple"},"acf":[],"_links":{"self":[{"href":"https:\/\/www.lcdh-bonn.de\/es\/wp-json\/wp\/v2\/product\/39612","targetHints":{"allow":["GET"]}}],"collection":[{"href":"https:\/\/www.lcdh-bonn.de\/es\/wp-json\/wp\/v2\/product"}],"about":[{"href":"https:\/\/www.lcdh-bonn.de\/es\/wp-json\/wp\/v2\/types\/product"}],"replies":[{"embeddable":true,"href":"https:\/\/www.lcdh-bonn.de\/es\/wp-json\/wp\/v2\/comments?post=39612"}],"wp:featuredmedia":[{"embeddable":true,"href":"https:\/\/www.lcdh-bonn.de\/es\/wp-json\/wp\/v2\/media\/39449"}],"wp:attachment":[{"href":"https:\/\/www.lcdh-bonn.de\/es\/wp-json\/wp\/v2\/media?parent=39612"}],"wp:term":[{"taxonomy":"brand","embeddable":true,"href":"https:\/\/www.lcdh-bonn.de\/es\/wp-json\/wp\/v2\/etheme_brands?post=39612"},{"taxonomy":"product_cat","embeddable":true,"href":"https:\/\/www.lcdh-bonn.de\/es\/wp-json\/wp\/v2\/product_cat?post=39612"},{"taxonomy":"product_tag","embeddable":true,"href":"https:\/\/www.lcdh-bonn.de\/es\/wp-json\/wp\/v2\/product_tag?post=39612"}],"curies":[{"name":"wp","href":"https:\/\/api.w.org\/{rel}","templated":true}]}}