{"id":39614,"date":"2024-12-18T15:44:33","date_gmt":"2024-12-18T13:44:33","guid":{"rendered":"https:\/\/www.lcdh-bonn.de\/produkt\/havana-club-zigarrenascher-egoista-grey\/"},"modified":"2026-01-29T13:00:47","modified_gmt":"2026-01-29T11:00:47","slug":"havana-club-zigarrenascher-egoista-grey","status":"publish","type":"product","link":"https:\/\/www.lcdh-bonn.de\/es\/producto\/havana-club-zigarrenascher-egoista-grey\/","title":{"rendered":"Cenicero para puros Havana Club Egoista Gris"},"content":{"rendered":"<p>Der Havana Club Zigarrenascher Egoista Grey ist ein hochwertiger Einzelableger aus massivem Porzellan, der speziell f\u00fcr den anspruchsvollen Zigarrengenie\u00dfer konzipiert wurde. Die graue Farbgebung und das zeitlose Design f\u00fcgen sich harmonisch in jedes Ambiente ein. Mit seiner gro\u00dfz\u00fcgig dimensionierten Ablage bietet er ausreichend Platz f\u00fcr eine Premium-Zigarre. Die pr\u00e4zise ausgearbeiteten Auflagen gew\u00e4hrleisten einen sicheren Stand der Zigarre und verhindern ein Wegrollen. Das Material ist hitzebest\u00e4ndig und leicht zu reinigen. Die Verarbeitung entspricht dem gewohnt hohen Qualit\u00e4tsstandard der Havana Club Kollektion. Dieser Ascher eignet sich besonders f\u00fcr den privaten Gebrauch im Arbeitszimmer oder der pers\u00f6nlichen Lounge.<\/p>","protected":false},"excerpt":{"rendered":"<p>Hochwertiger Havana Club Porzellan-Zigarrenascher in Grau f\u00fcr Genie\u00dfer.<\/p>","protected":false},"featured_media":39446,"comment_status":"closed","ping_status":"open","template":"","meta":{"_acf_changed":false},"etheme_brands":[{"term_id":1075,"name":"Havana Club","slug":"havana-club","term_group":0,"term_taxonomy_id":1075,"taxonomy":"brand","description":"","parent":0,"count":24,"filter":"raw"}],"product_cat":[183,413],"product_tag":[],"class_list":{"0":"post-39614","1":"product","2":"type-product","3":"status-publish","4":"has-post-thumbnail","6":"brand-havana-club","7":"product_cat-zigarrenzubehor","8":"product_cat-aschenbecher-fuer-zigarren","9":"pa_orderable-yes","11":"first","12":"outofstock","13":"sale","14":"taxable","15":"shipping-taxable","16":"purchasable","17":"product-type-simple"},"acf":[],"_links":{"self":[{"href":"https:\/\/www.lcdh-bonn.de\/es\/wp-json\/wp\/v2\/product\/39614","targetHints":{"allow":["GET"]}}],"collection":[{"href":"https:\/\/www.lcdh-bonn.de\/es\/wp-json\/wp\/v2\/product"}],"about":[{"href":"https:\/\/www.lcdh-bonn.de\/es\/wp-json\/wp\/v2\/types\/product"}],"replies":[{"embeddable":true,"href":"https:\/\/www.lcdh-bonn.de\/es\/wp-json\/wp\/v2\/comments?post=39614"}],"wp:featuredmedia":[{"embeddable":true,"href":"https:\/\/www.lcdh-bonn.de\/es\/wp-json\/wp\/v2\/media\/39446"}],"wp:attachment":[{"href":"https:\/\/www.lcdh-bonn.de\/es\/wp-json\/wp\/v2\/media?parent=39614"}],"wp:term":[{"taxonomy":"brand","embeddable":true,"href":"https:\/\/www.lcdh-bonn.de\/es\/wp-json\/wp\/v2\/etheme_brands?post=39614"},{"taxonomy":"product_cat","embeddable":true,"href":"https:\/\/www.lcdh-bonn.de\/es\/wp-json\/wp\/v2\/product_cat?post=39614"},{"taxonomy":"product_tag","embeddable":true,"href":"https:\/\/www.lcdh-bonn.de\/es\/wp-json\/wp\/v2\/product_tag?post=39614"}],"curies":[{"name":"wp","href":"https:\/\/api.w.org\/{rel}","templated":true}]}}