{"id":39615,"date":"2024-12-18T15:44:33","date_gmt":"2024-12-18T13:44:33","guid":{"rendered":"https:\/\/www.lcdh-bonn.de\/produkt\/havana-club-zigarrenascher-egoista-turquoise\/"},"modified":"2026-01-29T12:59:27","modified_gmt":"2026-01-29T10:59:27","slug":"havana-club-zigarrenascher-egoista-turquoise","status":"publish","type":"product","link":"https:\/\/www.lcdh-bonn.de\/es\/producto\/havana-club-zigarrenascher-egoista-turquoise\/","title":{"rendered":"Cenicero para puros Havana Club Egoista Turquesa"},"content":{"rendered":"<p>El cenicero para puros Havana Club Egoista en elegante turquesa personifica el estilo de vida cubano y la funcionalidad pr\u00e1ctica. Fabricado en porcelana de alta calidad, este cenicero individual ofrece una generosa bandeja para un puro y dos profundos huecos para colocarlo con seguridad. El caracter\u00edstico color turquesa armoniza a la perfecci\u00f3n con la forma cl\u00e1sica y convierte al Egoista en un elegante accesorio para el aficionado m\u00e1s exigente. Con unas medidas de 21 x 9 cm, el cenicero es ideal para uso personal en el estudio o en el patio. Su robusto acabado y su superficie resistente a los ara\u00f1azos garantizan una larga vida \u00fatil con un uso regular.<\/p>","protected":false},"excerpt":{"rendered":"<p>Cenicero para puros Havana Club turquesa: elegante, pr\u00e1ctico y de gran calidad.<\/p>","protected":false},"featured_media":39452,"comment_status":"closed","ping_status":"open","template":"","meta":{"_acf_changed":false},"etheme_brands":[{"term_id":1075,"name":"Havana Club","slug":"havana-club","term_group":0,"term_taxonomy_id":1075,"taxonomy":"brand","description":"","parent":0,"count":24,"filter":"raw"}],"product_cat":[183,413],"product_tag":[],"class_list":{"0":"post-39615","1":"product","2":"type-product","3":"status-publish","4":"has-post-thumbnail","6":"brand-havana-club","7":"product_cat-zigarrenzubehor","8":"product_cat-aschenbecher-fuer-zigarren","9":"pa_orderable-yes","11":"first","12":"outofstock","13":"sale","14":"taxable","15":"shipping-taxable","16":"purchasable","17":"product-type-simple"},"acf":[],"_links":{"self":[{"href":"https:\/\/www.lcdh-bonn.de\/es\/wp-json\/wp\/v2\/product\/39615","targetHints":{"allow":["GET"]}}],"collection":[{"href":"https:\/\/www.lcdh-bonn.de\/es\/wp-json\/wp\/v2\/product"}],"about":[{"href":"https:\/\/www.lcdh-bonn.de\/es\/wp-json\/wp\/v2\/types\/product"}],"replies":[{"embeddable":true,"href":"https:\/\/www.lcdh-bonn.de\/es\/wp-json\/wp\/v2\/comments?post=39615"}],"wp:featuredmedia":[{"embeddable":true,"href":"https:\/\/www.lcdh-bonn.de\/es\/wp-json\/wp\/v2\/media\/39452"}],"wp:attachment":[{"href":"https:\/\/www.lcdh-bonn.de\/es\/wp-json\/wp\/v2\/media?parent=39615"}],"wp:term":[{"taxonomy":"brand","embeddable":true,"href":"https:\/\/www.lcdh-bonn.de\/es\/wp-json\/wp\/v2\/etheme_brands?post=39615"},{"taxonomy":"product_cat","embeddable":true,"href":"https:\/\/www.lcdh-bonn.de\/es\/wp-json\/wp\/v2\/product_cat?post=39615"},{"taxonomy":"product_tag","embeddable":true,"href":"https:\/\/www.lcdh-bonn.de\/es\/wp-json\/wp\/v2\/product_tag?post=39615"}],"curies":[{"name":"wp","href":"https:\/\/api.w.org\/{rel}","templated":true}]}}