{"id":39617,"date":"2024-12-18T15:44:33","date_gmt":"2024-12-18T13:44:33","guid":{"rendered":"https:\/\/www.lcdh-bonn.de\/produkt\/havana-club-zigarrenascher-egoista-light-green\/"},"modified":"2026-01-29T13:01:13","modified_gmt":"2026-01-29T11:01:13","slug":"havana-club-zigarrenascher-egoista-light-green","status":"publish","type":"product","link":"https:\/\/www.lcdh-bonn.de\/es\/producto\/havana-club-zigarrenascher-egoista-light-green\/","title":{"rendered":"Cenicero para puros Havana Club Egoista Verde Claro"},"content":{"rendered":"<p>Der Havana Club Zigarrenascher Egoista in Light Green ist ein hochwertiger Aschenbecher aus Keramik, der speziell f\u00fcr den anspruchsvollen Zigarrengenie\u00dfer konzipiert wurde. Mit seiner ergonomischen Einzelablage bietet er optimalen Halt f\u00fcr eine Zigarre und verhindert durch die erh\u00f6hte Position ein vorzeitiges Erl\u00f6schen. Die hochwertige Keramikverarbeitung sorgt f\u00fcr Temperaturbest\u00e4ndigkeit und eine einfache Reinigung. Die dezente hellgr\u00fcne Farbgebung f\u00fcgt sich harmonisch in klassische wie moderne Ambiente ein. Mit einem Durchmesser von 16 cm eignet sich der Egoista ideal f\u00fcr den pers\u00f6nlichen Gebrauch im Arbeitszimmer oder auf der Terrasse. Ein authentisches Accessoire f\u00fcr kultivierte Zigarrenmomente.<\/p>","protected":false},"excerpt":{"rendered":"<p>Hochwertiger Keramik-Zigarrenascher in Hellgr\u00fcn f\u00fcr anspruchsvolle Genie\u00dfer.<\/p>","protected":false},"featured_media":39410,"comment_status":"closed","ping_status":"open","template":"","meta":{"_acf_changed":false},"etheme_brands":[{"term_id":1075,"name":"Havana Club","slug":"havana-club","term_group":0,"term_taxonomy_id":1075,"taxonomy":"brand","description":"","parent":0,"count":24,"filter":"raw"}],"product_cat":[183,413],"product_tag":[],"class_list":{"0":"post-39617","1":"product","2":"type-product","3":"status-publish","4":"has-post-thumbnail","6":"brand-havana-club","7":"product_cat-zigarrenzubehor","8":"product_cat-aschenbecher-fuer-zigarren","9":"pa_orderable-yes","11":"first","12":"outofstock","13":"sale","14":"taxable","15":"shipping-taxable","16":"purchasable","17":"product-type-simple"},"acf":[],"_links":{"self":[{"href":"https:\/\/www.lcdh-bonn.de\/es\/wp-json\/wp\/v2\/product\/39617","targetHints":{"allow":["GET"]}}],"collection":[{"href":"https:\/\/www.lcdh-bonn.de\/es\/wp-json\/wp\/v2\/product"}],"about":[{"href":"https:\/\/www.lcdh-bonn.de\/es\/wp-json\/wp\/v2\/types\/product"}],"replies":[{"embeddable":true,"href":"https:\/\/www.lcdh-bonn.de\/es\/wp-json\/wp\/v2\/comments?post=39617"}],"wp:featuredmedia":[{"embeddable":true,"href":"https:\/\/www.lcdh-bonn.de\/es\/wp-json\/wp\/v2\/media\/39410"}],"wp:attachment":[{"href":"https:\/\/www.lcdh-bonn.de\/es\/wp-json\/wp\/v2\/media?parent=39617"}],"wp:term":[{"taxonomy":"brand","embeddable":true,"href":"https:\/\/www.lcdh-bonn.de\/es\/wp-json\/wp\/v2\/etheme_brands?post=39617"},{"taxonomy":"product_cat","embeddable":true,"href":"https:\/\/www.lcdh-bonn.de\/es\/wp-json\/wp\/v2\/product_cat?post=39617"},{"taxonomy":"product_tag","embeddable":true,"href":"https:\/\/www.lcdh-bonn.de\/es\/wp-json\/wp\/v2\/product_tag?post=39617"}],"curies":[{"name":"wp","href":"https:\/\/api.w.org\/{rel}","templated":true}]}}