{"id":39619,"date":"2024-12-18T15:44:33","date_gmt":"2024-12-18T13:44:33","guid":{"rendered":"https:\/\/www.lcdh-bonn.de\/produkt\/havana-club-zigarrenascher-secundo-red\/"},"modified":"2026-01-17T14:48:10","modified_gmt":"2026-01-17T12:48:10","slug":"havana-club-zigarrenascher-secundo-red","status":"publish","type":"product","link":"https:\/\/www.lcdh-bonn.de\/es\/producto\/havana-club-zigarrenascher-secundo-red\/","title":{"rendered":"Cenicero para puros Havana Club Secundo Rojo"},"content":{"rendered":"<p>El cenicero para puros Havana Club Secundo Rojo es un accesorio de alta calidad para los fumadores de puros m\u00e1s exigentes. Fabricado en robusta porcelana, este cenicero ofrece dos espaciosos estantes para puros y un cenicero profundo. El caracter\u00edstico color rojo y el logotipo Havana Club integrado subrayan sus or\u00edgenes cubanos. Con un di\u00e1metro de 20 cm, el cenicero Secundo es especialmente adecuado para fumar en compa\u00f1\u00eda. La superficie esmaltada facilita su limpieza y evita la absorci\u00f3n de olores. Una aut\u00e9ntica pieza de la cultura cubana del puro que es a la vez funcional y decorativa.<\/p>","protected":false},"excerpt":{"rendered":"<p>Cenicero para puros Havana Club de porcelana de alta calidad con dos estantes.<\/p>","protected":false},"featured_media":39438,"comment_status":"closed","ping_status":"open","template":"","meta":{"_acf_changed":false},"etheme_brands":[{"term_id":1075,"name":"Havana Club","slug":"havana-club","term_group":0,"term_taxonomy_id":1075,"taxonomy":"brand","description":"","parent":0,"count":24,"filter":"raw"}],"product_cat":[183,413],"product_tag":[],"class_list":{"0":"post-39619","1":"product","2":"type-product","3":"status-publish","4":"has-post-thumbnail","6":"brand-havana-club","7":"product_cat-zigarrenzubehor","8":"product_cat-aschenbecher-fuer-zigarren","9":"pa_orderable-yes","11":"first","12":"outofstock","13":"sale","14":"taxable","15":"shipping-taxable","16":"purchasable","17":"product-type-simple"},"acf":[],"_links":{"self":[{"href":"https:\/\/www.lcdh-bonn.de\/es\/wp-json\/wp\/v2\/product\/39619","targetHints":{"allow":["GET"]}}],"collection":[{"href":"https:\/\/www.lcdh-bonn.de\/es\/wp-json\/wp\/v2\/product"}],"about":[{"href":"https:\/\/www.lcdh-bonn.de\/es\/wp-json\/wp\/v2\/types\/product"}],"replies":[{"embeddable":true,"href":"https:\/\/www.lcdh-bonn.de\/es\/wp-json\/wp\/v2\/comments?post=39619"}],"wp:featuredmedia":[{"embeddable":true,"href":"https:\/\/www.lcdh-bonn.de\/es\/wp-json\/wp\/v2\/media\/39438"}],"wp:attachment":[{"href":"https:\/\/www.lcdh-bonn.de\/es\/wp-json\/wp\/v2\/media?parent=39619"}],"wp:term":[{"taxonomy":"brand","embeddable":true,"href":"https:\/\/www.lcdh-bonn.de\/es\/wp-json\/wp\/v2\/etheme_brands?post=39619"},{"taxonomy":"product_cat","embeddable":true,"href":"https:\/\/www.lcdh-bonn.de\/es\/wp-json\/wp\/v2\/product_cat?post=39619"},{"taxonomy":"product_tag","embeddable":true,"href":"https:\/\/www.lcdh-bonn.de\/es\/wp-json\/wp\/v2\/product_tag?post=39619"}],"curies":[{"name":"wp","href":"https:\/\/api.w.org\/{rel}","templated":true}]}}